{"id":14,"date":"2019-10-29T07:39:56","date_gmt":"2019-10-29T06:39:56","guid":{"rendered":"http:\/\/smartlighthub.eu\/?page_id=14"},"modified":"2020-03-03T11:19:56","modified_gmt":"2020-03-03T10:19:56","slug":"die-partner","status":"publish","type":"page","link":"http:\/\/smartlighthub.eu\/de\/die-partner\/","title":{"rendered":"Die Partner"},"content":{"rendered":"\n<div class=\"wp-block-image\"><figure class=\"aligncenter size-large is-resized\"><img loading=\"lazy\" src=\"http:\/\/smartlighthub.eu\/wp-content\/uploads\/2020\/02\/Logo-Universit\u00e9-de-Li\u00e8ge-1024x497.png\" alt=\"\" class=\"wp-image-450\" width=\"377\" height=\"183\" srcset=\"http:\/\/smartlighthub.eu\/wp-content\/uploads\/2020\/02\/Logo-Universit\u00e9-de-Li\u00e8ge-1024x497.png 1024w, http:\/\/smartlighthub.eu\/wp-content\/uploads\/2020\/02\/Logo-Universit\u00e9-de-Li\u00e8ge-300x146.png 300w, http:\/\/smartlighthub.eu\/wp-content\/uploads\/2020\/02\/Logo-Universit\u00e9-de-Li\u00e8ge-768x373.png 768w, http:\/\/smartlighthub.eu\/wp-content\/uploads\/2020\/02\/Logo-Universit\u00e9-de-Li\u00e8ge-1536x746.png 1536w, http:\/\/smartlighthub.eu\/wp-content\/uploads\/2020\/02\/Logo-Universit\u00e9-de-Li\u00e8ge-1200x583.png 1200w, http:\/\/smartlighthub.eu\/wp-content\/uploads\/2020\/02\/Logo-Universit\u00e9-de-Li\u00e8ge.png 1920w\" sizes=\"(max-width: 377px) 85vw, 377px\" \/><\/figure><\/div>\n\n\n<p style=\"text-align: center;\">Als weltoffene und in der Welt der Wissenschaft, Kultur und Wirtschaft ihrer Region fest verankerte, \u00f6ffentliche Universit\u00e4t st\u00fctzt sich die Universit\u00e4t L\u00fcttich auf drei Pfeiler: Lehre, Forschung und b\u00fcrgerschaftliches Engagement.<\/p>\n<p style=\"text-align: center;\">Die Universit\u00e4t L\u00fcttich kann sich heute auf 200 Jahre der Wissensbildung und -vermittlung st\u00fctzen, wenn es darum geht, sich zwischen internationaler \u00d6ffnung und regionalem Engagement weiter zu entfalten.<\/p>\n\n\n<div class=\"wp-block-image\"><figure class=\"aligncenter size-large is-resized\"><img loading=\"lazy\" src=\"http:\/\/smartlighthub.eu\/wp-content\/uploads\/2020\/02\/Universitaet-Trier.jpg\" alt=\"\" class=\"wp-image-458\" width=\"340\" height=\"141\" srcset=\"http:\/\/smartlighthub.eu\/wp-content\/uploads\/2020\/02\/Universitaet-Trier.jpg 827w, http:\/\/smartlighthub.eu\/wp-content\/uploads\/2020\/02\/Universitaet-Trier-300x124.jpg 300w, http:\/\/smartlighthub.eu\/wp-content\/uploads\/2020\/02\/Universitaet-Trier-768x318.jpg 768w\" sizes=\"(max-width: 340px) 85vw, 340px\" \/><\/figure><\/div>\n\n\n<p style=\"text-align: center;\"><span style=\"font-family: 'Georgia',serif; color: #1a1a1a;\">Die 1478 gegr\u00fcndete Universit\u00e4t Trier ist eine \u00f6ffentliche Universit\u00e4t mit gleichzeitig altehrw\u00fcrdiger und moderner Pr\u00e4gung und verfolgt als Herzensangelegenheit die Ausbildung junger, wissenschaftlicher Nachwuchskr\u00e4fte. Mitten im Herzen Europas wurde sie zu einer starken Einrichtung, die in der Forschung aktiv und international vernetzt ist.<\/span><\/p>\n<p style=\"text-align: center;\"><span style=\"font-family: 'Georgia',serif; color: #1a1a1a;\">Der Fachbereich Physische Geographie untersucht die Interaktion zwischen den Oberfl\u00e4chenreliefs, dem Klima, dem Wasser, dem Boden oder dem Fels und die menschliche Einwirkung darauf \u2013 eine Einwirkung, deren Einfluss auf unserem Planeten riesig und stetig anwachsend ist. <\/span><\/p>\n<p style=\"text-align: center;\"><span style=\"font-family: 'Georgia',serif; color: #1a1a1a;\">Ihr <em><span style=\"font-family: 'Georgia',serif;\">Gr\u00fcndungsb\u00fcro <\/span><\/em>unterst\u00fctzt Studierende und Wissenschaftler, die zu Unternehmern werden m\u00f6chten, dabei, diesen Traum zu verwirklichen und dank der Informations- und Betreuungsdienste ihre Erfolgschancen diesbez\u00fcglich zu verbessern.<\/span><\/p>\n\n\n<div class=\"wp-block-image\"><figure class=\"aligncenter size-large is-resized\"><img loading=\"lazy\" src=\"http:\/\/smartlighthub.eu\/wp-content\/uploads\/2020\/02\/Logo-Natagora-horizontal--1024x309.png\" alt=\"\" class=\"wp-image-472\" width=\"363\" height=\"110\" srcset=\"http:\/\/smartlighthub.eu\/wp-content\/uploads\/2020\/02\/Logo-Natagora-horizontal--1024x309.png 1024w, http:\/\/smartlighthub.eu\/wp-content\/uploads\/2020\/02\/Logo-Natagora-horizontal--300x91.png 300w, http:\/\/smartlighthub.eu\/wp-content\/uploads\/2020\/02\/Logo-Natagora-horizontal--768x232.png 768w, http:\/\/smartlighthub.eu\/wp-content\/uploads\/2020\/02\/Logo-Natagora-horizontal--1536x464.png 1536w, http:\/\/smartlighthub.eu\/wp-content\/uploads\/2020\/02\/Logo-Natagora-horizontal--1200x363.png 1200w, http:\/\/smartlighthub.eu\/wp-content\/uploads\/2020\/02\/Logo-Natagora-horizontal-.png 1920w\" sizes=\"(max-width: 363px) 85vw, 363px\" \/><\/figure><\/div>\n\n\n<p style=\"text-align: center;\"><span style=\"font-family: 'Georgia',serif; color: #1a1a1a;\">Der 2003 ins Leben gerufene Natagora ist ein gemeinn\u00fctziger Verein, der sich f\u00fcr den Naturschutz insbesondere in der Wallonie und in Br\u00fcssel einsetzt. Dabei hat er sich das gro\u00dfe Ziel gesetzt, der Abnahme der biologischen Vielfalt entgegenzuwirken und wieder einen allgemein guten Zustand der Natur herzustellen \u2013 und dies im Einklang mit menschlichen Aktivit\u00e4ten.<\/span><\/p>\n<p style=\"text-align: center;\"><span style=\"font-family: 'Georgia',serif; color: #1a1a1a;\">Mit seiner Sonderabteilung \u00ab\u00a0Art, Nature et Innovation\u00a0\u00bb [Kunst, Natur und Innovation] bem\u00fcht er sich, an Menschen aus allen Lebensbereichen heranzutreten, die um originelle Antworten auf die Fragen und Probleme unserer Zeit bitten &#8211; einer Zeit, die ja v.a. von einem unaufhaltsamen Schwund an Biodiversit\u00e4t gepr\u00e4gt ist. Gerade in diesem Bereich soll eine Mischung aus Kunst und Innovation, Natur und Kultur den B\u00fcrgern wieder mehr Mitspracherecht und Handlungsf\u00e4higkeit bringen. <\/span><\/p>\n\n\n<div class=\"wp-block-image\"><figure class=\"aligncenter size-large is-resized\"><img loading=\"lazy\" src=\"http:\/\/smartlighthub.eu\/wp-content\/uploads\/2020\/01\/347834_40e9321e23cd40fe923daf711a606c01mv2.png\" alt=\"\" class=\"wp-image-108\" width=\"156\" height=\"143\"\/><\/figure><\/div>\n\n\n<p style=\"text-align: center;\">Das \u2018Territoire Naturel Transfrontalier (TNT)\u2019 ist ein gemeinn\u00fctziger Verein, der ein geographisch homogenes Gebiet bestehend aus drei T\u00e4lern (Chiers, Moulaine, Alzette) umfasst, die durch eine gemeinsame, industrielle Vergangenheit verbunden sind und deren Akteure (aus Gemeinden, B\u00fcrgerverb\u00e4nden, Unternehmen,\u2026) sich daf\u00fcr einsetzen, durch gemeinsame Aktionen die Umgebung in ihrem unmittelbaren Wohnumfeld zu verbessern.<\/p>\n<p style=\"text-align: center;\">Er verfolgt das Ziel, menschliches Leben und Umwelt miteinander in Einklang zu bringen. In diesem Sinne soll eine grenz\u00fcberschreitende, partizipative Kultur herausgebildet werden, indem lokale Akteure dazu aufgefordert werden, auf lokaler Ebene nachhaltige wirtschafliche, soziale und kulturelle Werte zu schaffen.<\/p>","protected":false},"excerpt":{"rendered":"<p>Als weltoffene und in der Welt der Wissenschaft, Kultur und Wirtschaft ihrer Region fest verankerte, \u00f6ffentliche Universit\u00e4t st\u00fctzt sich die Universit\u00e4t L\u00fcttich auf drei Pfeiler: Lehre, Forschung und b\u00fcrgerschaftliches Engagement. Die Universit\u00e4t L\u00fcttich kann sich heute auf 200 Jahre der Wissensbildung und -vermittlung st\u00fctzen, wenn es darum geht, sich zwischen internationaler \u00d6ffnung und regionalem Engagement &hellip; <a href=\"http:\/\/smartlighthub.eu\/de\/die-partner\/\" class=\"more-link\">Continue reading<span class=\"screen-reader-text\"> &#8220;Die Partner&#8221;<\/span><\/a><\/p>\n","protected":false},"author":2,"featured_media":0,"parent":0,"menu_order":0,"comment_status":"closed","ping_status":"closed","template":"","meta":[],"_links":{"self":[{"href":"http:\/\/smartlighthub.eu\/de\/wp-json\/wp\/v2\/pages\/14"}],"collection":[{"href":"http:\/\/smartlighthub.eu\/de\/wp-json\/wp\/v2\/pages"}],"about":[{"href":"http:\/\/smartlighthub.eu\/de\/wp-json\/wp\/v2\/types\/page"}],"author":[{"embeddable":true,"href":"http:\/\/smartlighthub.eu\/de\/wp-json\/wp\/v2\/users\/2"}],"replies":[{"embeddable":true,"href":"http:\/\/smartlighthub.eu\/de\/wp-json\/wp\/v2\/comments?post=14"}],"version-history":[{"count":2,"href":"http:\/\/smartlighthub.eu\/de\/wp-json\/wp\/v2\/pages\/14\/revisions"}],"predecessor-version":[{"id":866,"href":"http:\/\/smartlighthub.eu\/de\/wp-json\/wp\/v2\/pages\/14\/revisions\/866"}],"wp:attachment":[{"href":"http:\/\/smartlighthub.eu\/de\/wp-json\/wp\/v2\/media?parent=14"}],"curies":[{"name":"wp","href":"https:\/\/api.w.org\/{rel}","templated":true}]}}