{"id":1487,"date":"2020-06-17T13:45:07","date_gmt":"2020-06-17T11:45:07","guid":{"rendered":"http:\/\/smartlighthub.eu\/?page_id=1487"},"modified":"2020-06-17T13:45:07","modified_gmt":"2020-06-17T11:45:07","slug":"feldstudie-erster-schritt","status":"publish","type":"page","link":"http:\/\/smartlighthub.eu\/de\/feldstudie-erster-schritt\/","title":{"rendered":"Feldstudie : Erster Schritt"},"content":{"rendered":"\n<h3>Erste Etappe : Naturschutzgebiet Ry d&#8217;H\u00f4wisse in Tellin (Wallonien)<\/h3>\n\n\n<h6 style=\"text-align: justify;\">Insekten, V\u00f6gel, Flederm\u00e4use &#8230; Stra\u00dfenbeleuchtung hat erhebliche Auswirkungen auf viele Wildtierarten. Im Rahmen eines umfangreichen Projekts, das das Gebiet der Gro\u00dfregion abdeckt, startet Natagora eine Feldstudie, um diese Auswirkungen zu objektivieren und L\u00f6sungen vorzuschlagen.<\/h6>\n<p style=\"text-align: justify;\"><strong>Das in der Gro\u00dfregion eingesetzte Projekt &#8220;Smart Light-Hub&#8221; soll die Entstehung kollektiver Antworten auf Fragen der k\u00fcnstlichen Beleuchtung erleichtern<\/strong>. Das Projekt zielt auch darauf ab, die grenz\u00fcberschreitende Zusammenarbeit zu st\u00e4rken, um eine innovative Vision zu definieren, die die \u00d6kosysteme respektiert, wirtschaftlich rentabel ist und die Beleuchtung im \u00f6ffentlichen und privaten Raum kreativ gestaltet.<\/p>\n<p style=\"text-align: justify;\">In einem Kontext, in dem viele Kommunen ihren Beleuchtungspark schrittweise durch weniger energieaufwendige und technologisch effizientere LED-Leuchten ersetzen, zielt <strong>Natagora in diesem Projekt insbesondere darauf ab, die Auswirkungen der \u00f6ffentlichen Beleuchtung auf mehrere Gruppen von Tierarten zu messen (S\u00e4ugetiere, V\u00f6gel, Insekten)<\/strong>. Natagora hat daher ein spezifisches Protokoll implementiert, um eine Feldstudie in Wallonien und an den verschiedenen H\u00e4ngen der Gro\u00dfregion durchzuf\u00fchren. Der Start dieser umfangreichen Studie erfolgt am Dienstag, 16. Juni 2020. Diese Studie wird 2020 in einer offenen Umgebung (Wiesen, Hecken) und 2021 in einer geschlossenen Umgebung (Holz) durchgef\u00fchrt. Ihr Zweck ist die Bewertung der Einfluss sogenannter &#8220;Impacting&#8221; -LED-Lampen (4.000 Kelvin) und anderer weniger Impacting-Lampen (2.200 Kelvin) auf die Biodiversit\u00e4t.<\/p>\n\n\n<blockquote class=\"wp-block-quote\"><p><strong>Das Natagora-Team des Smart Light-Hub-Projekts l\u00e4dt die Presse an diesem Dienstag, dem 16. Juni 2020, zum ersten Studienort ein, um das Projekt konkret vorzustellen. Die f\u00fcr die Studie verwendeten Leuchten sowie die Ger\u00e4te zur \u00dcberwachung der biologischen Vielfalt, die m\u00f6glicherweise durch k\u00fcnstliches Licht beeintr\u00e4chtigt werden, werden installiert. Projektspezialisten stehen f\u00fcr Ihre Fragen zur Verf\u00fcgung.<\/strong><\/p><\/blockquote>\n\n\n\n<figure class=\"wp-block-video aligncenter\"><video controls src=\"http:\/\/smartlighthub.eu\/wp-content\/uploads\/2020\/06\/Natagora-veut-mesurer-limpact-de-l\u00e9clairage-public-sur-les-esp\u00e8ces-sauvages-1.mp4\"><\/video><figcaption><em>Start der Feldstudie am 16.06.2020 in Tellin &#8211; Interviews mit Laurie Delmer, Claire Brabant und Jean-S\u00e9bastien Rousseau-Piot. \u00a9 <a href=\"https:\/\/www.rtl.be\/info\/video\/749475.aspx\">Video RTL Info<\/a><\/em><\/figcaption><\/figure>\n\n\n\n<p><a href=\"https:\/\/us4.campaign-archive.com\/?u=a1811fcb2ef0e9da65b4fd9f7&amp;id=44103683d6\">Quelle<\/a><\/p>\n","protected":false},"excerpt":{"rendered":"<p>Erste Etappe : Naturschutzgebiet Ry d&#8217;H\u00f4wisse in Tellin (Wallonien) Insekten, V\u00f6gel, Flederm\u00e4use &#8230; Stra\u00dfenbeleuchtung hat erhebliche Auswirkungen auf viele Wildtierarten. Im Rahmen eines umfangreichen Projekts, das das Gebiet der Gro\u00dfregion abdeckt, startet Natagora eine Feldstudie, um diese Auswirkungen zu objektivieren und L\u00f6sungen vorzuschlagen. Das in der Gro\u00dfregion eingesetzte Projekt &#8220;Smart Light-Hub&#8221; soll die Entstehung kollektiver &hellip; <a href=\"http:\/\/smartlighthub.eu\/de\/feldstudie-erster-schritt\/\" class=\"more-link\">Continue reading<span class=\"screen-reader-text\"> &#8220;Feldstudie : Erster Schritt&#8221;<\/span><\/a><\/p>\n","protected":false},"author":10,"featured_media":0,"parent":0,"menu_order":0,"comment_status":"closed","ping_status":"closed","template":"","meta":[],"_links":{"self":[{"href":"http:\/\/smartlighthub.eu\/de\/wp-json\/wp\/v2\/pages\/1487"}],"collection":[{"href":"http:\/\/smartlighthub.eu\/de\/wp-json\/wp\/v2\/pages"}],"about":[{"href":"http:\/\/smartlighthub.eu\/de\/wp-json\/wp\/v2\/types\/page"}],"author":[{"embeddable":true,"href":"http:\/\/smartlighthub.eu\/de\/wp-json\/wp\/v2\/users\/10"}],"replies":[{"embeddable":true,"href":"http:\/\/smartlighthub.eu\/de\/wp-json\/wp\/v2\/comments?post=1487"}],"version-history":[{"count":1,"href":"http:\/\/smartlighthub.eu\/de\/wp-json\/wp\/v2\/pages\/1487\/revisions"}],"predecessor-version":[{"id":1488,"href":"http:\/\/smartlighthub.eu\/de\/wp-json\/wp\/v2\/pages\/1487\/revisions\/1488"}],"wp:attachment":[{"href":"http:\/\/smartlighthub.eu\/de\/wp-json\/wp\/v2\/media?parent=1487"}],"curies":[{"name":"wp","href":"https:\/\/api.w.org\/{rel}","templated":true}]}}