{"id":1561,"date":"2020-06-19T11:50:34","date_gmt":"2020-06-19T09:50:34","guid":{"rendered":"http:\/\/smartlighthub.eu\/?page_id=1561"},"modified":"2021-08-18T16:02:52","modified_gmt":"2021-08-18T14:02:52","slug":"zeitung","status":"publish","type":"page","link":"http:\/\/smartlighthub.eu\/de\/zeitung\/","title":{"rendered":"Zeitung"},"content":{"rendered":"\n<h2>Artikel von Plecotus Review &#8211; M\u00e4rz 2019<\/h2>\n\n\n<h6>Interreg Smart Light Hub : Plecotus macht mit !<\/h6>\n\n\n<figure class=\"wp-block-image size-large\"><img loading=\"lazy\" width=\"873\" height=\"564\" src=\"http:\/\/smartlighthub.eu\/wp-content\/uploads\/2020\/10\/Plecotus-mars-2019.jpg\" alt=\"\" class=\"wp-image-1923\" srcset=\"http:\/\/smartlighthub.eu\/wp-content\/uploads\/2020\/10\/Plecotus-mars-2019.jpg 873w, http:\/\/smartlighthub.eu\/wp-content\/uploads\/2020\/10\/Plecotus-mars-2019-300x194.jpg 300w, http:\/\/smartlighthub.eu\/wp-content\/uploads\/2020\/10\/Plecotus-mars-2019-768x496.jpg 768w\" sizes=\"(max-width: 709px) 85vw, (max-width: 909px) 67vw, (max-width: 1362px) 62vw, 840px\" \/><\/figure>\n\n\n\n<blockquote class=\"wp-block-quote\"><p><a href=\"https:\/\/plecotus.natagora.be\/fileadmin\/Plecotus\/Echo\/EDR102.pdf\">Plecotus-Magazin &#8220;L&#8217;\u00e9cho des rhinos 102&#8221; &#8211; M\u00e4rz 2019<\/a><\/p><\/blockquote>\n\n\n\n<hr class=\"wp-block-separator\"\/>\n\n\n\n<h2>Artikel von Plecotus Review &#8211; Juni 2019<\/h2>\n\n\n<h6>Licht und Fledermaus &#8230; ein neues Anliegen<\/h6>\n\n\n<figure class=\"wp-block-image size-large\"><img loading=\"lazy\" width=\"648\" height=\"821\" src=\"http:\/\/smartlighthub.eu\/wp-content\/uploads\/2020\/10\/Plecotus-juin-2019.jpg\" alt=\"\" class=\"wp-image-1927\" srcset=\"http:\/\/smartlighthub.eu\/wp-content\/uploads\/2020\/10\/Plecotus-juin-2019.jpg 648w, http:\/\/smartlighthub.eu\/wp-content\/uploads\/2020\/10\/Plecotus-juin-2019-237x300.jpg 237w\" sizes=\"(max-width: 648px) 85vw, 648px\" \/><\/figure>\n\n\n\n<blockquote class=\"wp-block-quote\"><p><a href=\"https:\/\/plecotus.natagora.be\/fileadmin\/Plecotus\/Echo\/EDR103.pdf\"><a href=\"https:\/\/plecotus.natagora.be\/fileadmin\/Plecotus\/Echo\/EDR102.pdf\">Plecotus-Magazin &#8220;L&#8217;\u00e9cho des rhinos 103&#8221; &#8211; Juni 2019<\/a><\/a><\/p><\/blockquote>\n\n\n\n<hr class=\"wp-block-separator\"\/>\n\n\n\n<h2>Artikel von M\u00e9tro &#8211; 11.01.20<\/h2>\n\n\n<h6>F\u00fcr Flederm\u00e4use geeignete \u00f6ffentliche Beleuchtung ist m\u00f6glich ! (Franz\u00f6sische Ausgabe)<\/h6>\n\n\n<figure class=\"wp-block-image size-large\"><img loading=\"lazy\" width=\"916\" height=\"662\" src=\"http:\/\/smartlighthub.eu\/wp-content\/uploads\/2020\/06\/Metro.png\" alt=\"\" class=\"wp-image-1513\" srcset=\"http:\/\/smartlighthub.eu\/wp-content\/uploads\/2020\/06\/Metro.png 916w, http:\/\/smartlighthub.eu\/wp-content\/uploads\/2020\/06\/Metro-300x217.png 300w, http:\/\/smartlighthub.eu\/wp-content\/uploads\/2020\/06\/Metro-768x555.png 768w\" sizes=\"(max-width: 709px) 85vw, (max-width: 909px) 67vw, (max-width: 1362px) 62vw, 840px\" \/><\/figure>\n\n\n\n<blockquote class=\"wp-block-quote\"><p><a href=\"https:\/\/fr.metrotime.be\/2020\/01\/11\/actualite\/un-eclairage-public-adapte-aux-chauves-souris-cest-possible\/\" target=\"_blank\" rel=\"noreferrer noopener\">F\u00fcr Flederm\u00e4use geeignete \u00f6ffentliche Beleuchtung ist m\u00f6glich !<\/a><\/p><\/blockquote>\n\n\n\n<hr class=\"wp-block-separator is-style-default\"\/>\n\n\n\n<h2>Artikel in der Zeitung &#8220;Le R\u00e9publicain Lorrain&#8221; &#8211; Februar 2020 p. 5<\/h2>\n\n\n\n<figure class=\"wp-block-image size-large\"><img loading=\"lazy\" width=\"1024\" height=\"733\" src=\"http:\/\/smartlighthub.eu\/wp-content\/uploads\/2021\/02\/Capture-1024x733.jpg\" alt=\"\" class=\"wp-image-2318\" srcset=\"http:\/\/smartlighthub.eu\/wp-content\/uploads\/2021\/02\/Capture-1024x733.jpg 1024w, http:\/\/smartlighthub.eu\/wp-content\/uploads\/2021\/02\/Capture-300x215.jpg 300w, http:\/\/smartlighthub.eu\/wp-content\/uploads\/2021\/02\/Capture-768x550.jpg 768w, http:\/\/smartlighthub.eu\/wp-content\/uploads\/2021\/02\/Capture.jpg 1043w\" sizes=\"(max-width: 709px) 85vw, (max-width: 909px) 67vw, (max-width: 1362px) 62vw, 840px\" \/><\/figure>\n\n\n\n<hr class=\"wp-block-separator\"\/>\n\n\n<h2>Artikel im Saulnes Magazine &#8211; M\u00e4rz 2020 Nr. 47<\/h2>\n<h6>Beleuchtung im Herzen eines europ\u00e4ischen Projekts &#8211; TNT<\/h6>\n\n\n<figure class=\"wp-block-image size-large\"><img loading=\"lazy\" width=\"708\" height=\"1024\" src=\"http:\/\/smartlighthub.eu\/wp-content\/uploads\/2020\/09\/Magasine-de-Saulnes_mars2020-pdf_page-0001-708x1024.jpg\" alt=\"\" class=\"wp-image-1777\" srcset=\"http:\/\/smartlighthub.eu\/wp-content\/uploads\/2020\/09\/Magasine-de-Saulnes_mars2020-pdf_page-0001-708x1024.jpg 708w, http:\/\/smartlighthub.eu\/wp-content\/uploads\/2020\/09\/Magasine-de-Saulnes_mars2020-pdf_page-0001-207x300.jpg 207w, http:\/\/smartlighthub.eu\/wp-content\/uploads\/2020\/09\/Magasine-de-Saulnes_mars2020-pdf_page-0001-768x1111.jpg 768w, http:\/\/smartlighthub.eu\/wp-content\/uploads\/2020\/09\/Magasine-de-Saulnes_mars2020-pdf_page-0001-1061x1536.jpg 1061w, http:\/\/smartlighthub.eu\/wp-content\/uploads\/2020\/09\/Magasine-de-Saulnes_mars2020-pdf_page-0001-1200x1737.jpg 1200w, http:\/\/smartlighthub.eu\/wp-content\/uploads\/2020\/09\/Magasine-de-Saulnes_mars2020-pdf_page-0001.jpg 1212w\" sizes=\"(max-width: 708px) 85vw, 708px\" \/><\/figure>\n\n\n\n<blockquote class=\"wp-block-quote\"><p><a href=\"https:\/\/www.saulnes.fr\/vie-municipale\/publications-municipales\/\">Saulnes Magazine &#8211; M\u00e4rz 2020 Nr. 47 S.34<\/a><\/p><\/blockquote>\n\n\n\n<hr class=\"wp-block-separator\"\/>\n\n\n\n<h2>Artikel von Plecotus Review &#8211; M\u00e4rz 2020<\/h2>\n\n\n<h6>Natagora-Aktionen &#8211; Smart Light Hub<\/h6>\n\n\n<figure class=\"wp-block-image size-large\"><img loading=\"lazy\" width=\"436\" height=\"374\" src=\"http:\/\/smartlighthub.eu\/wp-content\/uploads\/2020\/10\/Plecotus-mars-2020.jpg\" alt=\"\" class=\"wp-image-1930\" srcset=\"http:\/\/smartlighthub.eu\/wp-content\/uploads\/2020\/10\/Plecotus-mars-2020.jpg 436w, http:\/\/smartlighthub.eu\/wp-content\/uploads\/2020\/10\/Plecotus-mars-2020-300x257.jpg 300w\" sizes=\"(max-width: 436px) 85vw, 436px\" \/><\/figure>\n\n\n\n<blockquote class=\"wp-block-quote\"><p><a href=\"https:\/\/plecotus.natagora.be\/fileadmin\/Plecotus\/Echo\/EDR106.pdf\"><a href=\"https:\/\/plecotus.natagora.be\/fileadmin\/Plecotus\/Echo\/EDR102.pdf\">Plecotus-Magazin &#8220;L&#8217;\u00e9cho des rhinos 102&#8221; &#8211; M\u00e4rz 20<\/a>20<\/a><\/p><\/blockquote>\n\n\n\n<hr class=\"wp-block-separator\"\/>\n\n\n\n<h2>Pressemitteilung von Natagora &#8211; 11.06.20<\/h2>\n\n\n<h6>Natagora startet Studie \u00fcber die Auswirkungen der Nachtbeleuchtung (Franz\u00f6sische Ausgabe)<\/h6>\n\n\n<figure class=\"wp-block-image size-large\"><img loading=\"lazy\" width=\"745\" height=\"1024\" src=\"http:\/\/smartlighthub.eu\/wp-content\/uploads\/2020\/06\/Photo-Communiqu\u00e9-de-presse-Natagora-745x1024.jpg\" alt=\"\" class=\"wp-image-1516\" srcset=\"http:\/\/smartlighthub.eu\/wp-content\/uploads\/2020\/06\/Photo-Communiqu\u00e9-de-presse-Natagora-745x1024.jpg 745w, http:\/\/smartlighthub.eu\/wp-content\/uploads\/2020\/06\/Photo-Communiqu\u00e9-de-presse-Natagora-218x300.jpg 218w, http:\/\/smartlighthub.eu\/wp-content\/uploads\/2020\/06\/Photo-Communiqu\u00e9-de-presse-Natagora-768x1056.jpg 768w, http:\/\/smartlighthub.eu\/wp-content\/uploads\/2020\/06\/Photo-Communiqu\u00e9-de-presse-Natagora-1117x1536.jpg 1117w, http:\/\/smartlighthub.eu\/wp-content\/uploads\/2020\/06\/Photo-Communiqu\u00e9-de-presse-Natagora-1200x1651.jpg 1200w, http:\/\/smartlighthub.eu\/wp-content\/uploads\/2020\/06\/Photo-Communiqu\u00e9-de-presse-Natagora.jpg 1489w\" sizes=\"(max-width: 745px) 85vw, 745px\" \/><\/figure>\n\n\n\n<blockquote class=\"wp-block-quote\"><p><a href=\"https:\/\/us4.campaign-archive.com\/?u=a1811fcb2ef0e9da65b4fd9f7&amp;id=44103683d6\" target=\"_blank\" rel=\"noreferrer noopener\">Natagora startet eine Studie \u00fcber die Auswirkungen der Nachtbeleuchtung !<\/a><\/p><\/blockquote>\n\n\n\n<hr class=\"wp-block-separator\"\/>\n\n\n\n<h2>RTL Info Videobericht 1:52&#8242; &#8211; 16.06.20<\/h2>\n\n\n<h6>Natagora m\u00f6chte die Auswirkungen der Stra\u00dfenbeleuchtung auf wild lebende Tiere messen (Franz\u00f6sische Ausgabe) &#8211; durch C. Cl\u00e9ment et N. Gerlache<\/h6>\n\n\n<figure class=\"wp-block-video\"><video controls src=\"http:\/\/smartlighthub.eu\/wp-content\/uploads\/2020\/06\/RTL-Info-Natagora-veut-mesurer-limpact-de-l\u00e9clairage-public-sur-les-esp\u00e8ces-sauvages-16.06.20.mp4\"><\/video><\/figure>\n\n\n\n<blockquote class=\"wp-block-quote\"><p><a href=\"https:\/\/www.rtl.be\/info\/video\/749475.aspx\" target=\"_blank\" rel=\"noreferrer noopener\">Videointerview mit Laurie Delmer, Claire Brabant und Jean-S\u00e9bastien Rousseau-Piot (Natagora) &#8211; Start der Feldstudie in Wallonien<\/a><\/p><\/blockquote>\n\n\n\n<hr class=\"wp-block-separator\"\/>\n\n\n\n<h2>Artikel von l&#8217;Avenir &#8211; 17.06.20<\/h2>\n\n\n\n<figure class=\"wp-block-image size-large\"><img loading=\"lazy\" width=\"925\" height=\"491\" src=\"http:\/\/smartlighthub.eu\/wp-content\/uploads\/2020\/06\/CdP-Avenir-Lampadaire-plac\u00e9-ds-la-r\u00e9serve-naturelle-du-Ry-dH\u00f4wisse-\u00e0-Tellin.jpg\" alt=\"\" class=\"wp-image-1528\" srcset=\"http:\/\/smartlighthub.eu\/wp-content\/uploads\/2020\/06\/CdP-Avenir-Lampadaire-plac\u00e9-ds-la-r\u00e9serve-naturelle-du-Ry-dH\u00f4wisse-\u00e0-Tellin.jpg 925w, http:\/\/smartlighthub.eu\/wp-content\/uploads\/2020\/06\/CdP-Avenir-Lampadaire-plac\u00e9-ds-la-r\u00e9serve-naturelle-du-Ry-dH\u00f4wisse-\u00e0-Tellin-300x159.jpg 300w, http:\/\/smartlighthub.eu\/wp-content\/uploads\/2020\/06\/CdP-Avenir-Lampadaire-plac\u00e9-ds-la-r\u00e9serve-naturelle-du-Ry-dH\u00f4wisse-\u00e0-Tellin-768x408.jpg 768w\" sizes=\"(max-width: 709px) 85vw, (max-width: 909px) 67vw, (max-width: 1362px) 62vw, 840px\" \/><\/figure>\n\n\n\n<blockquote class=\"wp-block-quote\"><p><a href=\"https:\/\/www.lavenir.net\/cnt\/dmf20200616_01483604\/l-eclairage-nocturne-nuit-il-a-la-biodiversite-on-le-teste-a-tellin\" target=\"_blank\" rel=\"noreferrer noopener\">Sch\u00e4digt Nachtbeleuchtung die Artenvielfalt ? Wir testen es bei Tellin<\/a><\/p><p><a href=\"https:\/\/www.lavenir.net\/cnt\/dmf20200616_01483603\/des-chauves-souris-plus-freles\" target=\"_blank\" rel=\"noreferrer noopener\">Mehr gebrechliche Flederm\u00e4use !<\/a><\/p><\/blockquote>\n\n\n\n<hr class=\"wp-block-separator\"\/>\n\n\n\n<h2>TV Lux Videobericht 3:23&#8242;- 17.06.20<\/h2>\n\n\n<h6>Die Auswirkungen der von Natagora getesteten LED-Beleuchtung (franz\u00f6sische Ausgabe) &#8211; durch D. Pierson<\/h6>\n\n\n<figure class=\"wp-block-video\"><video controls src=\"http:\/\/smartlighthub.eu\/wp-content\/uploads\/2020\/06\/Limpact-de-l\u00e9claige-LED-test\u00e9-par-Natagora-2-1.mp4\"><\/video><\/figure>\n\n\n\n<blockquote class=\"wp-block-quote\"><p><a href=\"https:\/\/www.tvlux.be\/video\/info\/l-impact-de-l-eclaige-led-teste-par-natagora_34865.html\" target=\"_blank\" rel=\"noreferrer noopener\">TV Lux-Videointerview mit Natagora-Mitgliedern im Rahmen des Smart Light Hub-Projekts &#8211; Start der Feldstudie in Wallonien<\/a><\/p><\/blockquote>\n\n\n\n<hr class=\"wp-block-separator\"\/>\n\n\n\n<h2>Artikel aus Daily Science &#8211; 17.06.20<\/h2>\n\n\n<h6>Bewertung der Auswirkungen der Lichtverschmutzung auf Flora und Fauna &#8211; durch L. Theunis<\/h6>\n\n\n<figure class=\"wp-block-image size-large\"><img loading=\"lazy\" width=\"828\" height=\"853\" src=\"http:\/\/smartlighthub.eu\/wp-content\/uploads\/2020\/06\/3.jpg\" alt=\"\" class=\"wp-image-1540\" srcset=\"http:\/\/smartlighthub.eu\/wp-content\/uploads\/2020\/06\/3.jpg 828w, http:\/\/smartlighthub.eu\/wp-content\/uploads\/2020\/06\/3-291x300.jpg 291w, http:\/\/smartlighthub.eu\/wp-content\/uploads\/2020\/06\/3-768x791.jpg 768w\" sizes=\"(max-width: 828px) 85vw, 828px\" \/><\/figure>\n\n\n\n<blockquote class=\"wp-block-quote\"><p><a href=\"https:\/\/dailyscience.be\/17\/06\/2020\/evaluation-de-limpact-de-la-pollution-lumineuse-sur-la-faune-et-la-flore\/?fbclid=IwAR1c5beUBSiRxGonRcAp5jxOlkDEICAQALu95jH_vCIhMC5u_LxksUYhods\" target=\"_blank\" rel=\"noreferrer noopener\">Bewertung der Auswirkungen der Lichtverschmutzung auf Flora und Fauna<\/a><\/p><\/blockquote>\n\n\n\n<hr class=\"wp-block-separator\"\/>\n\n\n<h2>Artikel von Wallonie.be &#8211; 26.06.20<\/h2>\n<h6>Start des Smart Light-Hub-Projekts<\/h6>\n\n\n<figure class=\"wp-block-image size-large\"><img loading=\"lazy\" width=\"510\" height=\"864\" src=\"http:\/\/smartlighthub.eu\/wp-content\/uploads\/2020\/10\/Wallonie.be-26.06.20-2.jpg\" alt=\"\" class=\"wp-image-1831\" srcset=\"http:\/\/smartlighthub.eu\/wp-content\/uploads\/2020\/10\/Wallonie.be-26.06.20-2.jpg 510w, http:\/\/smartlighthub.eu\/wp-content\/uploads\/2020\/10\/Wallonie.be-26.06.20-2-177x300.jpg 177w\" sizes=\"(max-width: 510px) 85vw, 510px\" \/><\/figure>\n\n\n\n<blockquote class=\"wp-block-quote\"><p><a href=\"https:\/\/www.wallonie.be\/fr\/actualites\/lancement-du-projet-smart-light-hub\">Start des Smart Light-Hub-Projekts &#8211; Wallonie.be<\/a> <\/p><\/blockquote>\n\n\n\n<hr class=\"wp-block-separator\"\/>\n\n\n<h2>Artikel aus dem <em>Vivre la Wallonie<\/em> Magazin &#8211; Herbst 2020 Nr. 49 &#8211; 01.09.20<\/h2>\n<h6>\u00d6ffentliche Beleuchtung und Biodiversit\u00e4t<\/h6>\n\n\n<figure class=\"wp-block-image size-large\"><img loading=\"lazy\" width=\"732\" height=\"623\" src=\"http:\/\/smartlighthub.eu\/wp-content\/uploads\/2020\/10\/Vivre-la-Wallonie-N49-Automne-2020-P.31-01.09.20.jpg\" alt=\"\" class=\"wp-image-1838\" srcset=\"http:\/\/smartlighthub.eu\/wp-content\/uploads\/2020\/10\/Vivre-la-Wallonie-N49-Automne-2020-P.31-01.09.20.jpg 732w, http:\/\/smartlighthub.eu\/wp-content\/uploads\/2020\/10\/Vivre-la-Wallonie-N49-Automne-2020-P.31-01.09.20-300x255.jpg 300w\" sizes=\"(max-width: 732px) 85vw, 732px\" \/><\/figure>\n\n\n\n<blockquote class=\"wp-block-quote\"><p><a href=\"https:\/\/fr.calameo.com\/read\/005849277d86e1b774c28\">Vivre la Wallonie Magazin &#8211; Herbst 2020 Nr. 49 S.31<\/a><\/p><\/blockquote>\n\n\n\n<hr class=\"wp-block-separator\"\/>\n\n\n\n<h2>Lichtverschmutzung und ihr Einfluss auf die Umwelt &#8211; Oktober 2020<\/h2>\n\n\n\n<figure class=\"wp-block-image size-large\"><img loading=\"lazy\" width=\"752\" height=\"1024\" src=\"http:\/\/smartlighthub.eu\/wp-content\/uploads\/2021\/07\/Capture-web_1-7-2021_10357_www.infogreen.lu_-752x1024.jpeg\" alt=\"\" class=\"wp-image-2751\" srcset=\"http:\/\/smartlighthub.eu\/wp-content\/uploads\/2021\/07\/Capture-web_1-7-2021_10357_www.infogreen.lu_-752x1024.jpeg 752w, http:\/\/smartlighthub.eu\/wp-content\/uploads\/2021\/07\/Capture-web_1-7-2021_10357_www.infogreen.lu_-220x300.jpeg 220w, http:\/\/smartlighthub.eu\/wp-content\/uploads\/2021\/07\/Capture-web_1-7-2021_10357_www.infogreen.lu_-768x1045.jpeg 768w, http:\/\/smartlighthub.eu\/wp-content\/uploads\/2021\/07\/Capture-web_1-7-2021_10357_www.infogreen.lu_.jpeg 798w\" sizes=\"(max-width: 752px) 85vw, 752px\" \/><\/figure>\n\n\n\n<blockquote class=\"wp-block-quote\"><p><a href=\"https:\/\/www.infogreen.lu\/balade-de-sensibilisation-a-la-pollution-lumineuse-et-a-son-impact-sur-l.html\" target=\"_blank\" rel=\"noreferrer noopener\">Info Green : Spaziergang zur Aufkl\u00e4rung \u00fcber Lichtverschmutzung und ihre Auswirkungen auf die Umwelt<\/a><\/p><\/blockquote>\n\n\n\n<hr class=\"wp-block-separator\"\/>\n\n\n\n<h2>Artikel aus dem Differdange Magazin &#8211; December 2020<\/h2>\n\n\n\n<figure class=\"wp-block-image size-large\"><img loading=\"lazy\" width=\"1024\" height=\"712\" src=\"http:\/\/smartlighthub.eu\/wp-content\/uploads\/2020\/12\/article_DIFF-Mag-Dec-2020-3_page-0002-2-1024x712.jpg\" alt=\"\" class=\"wp-image-2220\" srcset=\"http:\/\/smartlighthub.eu\/wp-content\/uploads\/2020\/12\/article_DIFF-Mag-Dec-2020-3_page-0002-2-1024x712.jpg 1024w, http:\/\/smartlighthub.eu\/wp-content\/uploads\/2020\/12\/article_DIFF-Mag-Dec-2020-3_page-0002-2-300x208.jpg 300w, http:\/\/smartlighthub.eu\/wp-content\/uploads\/2020\/12\/article_DIFF-Mag-Dec-2020-3_page-0002-2-768x534.jpg 768w, http:\/\/smartlighthub.eu\/wp-content\/uploads\/2020\/12\/article_DIFF-Mag-Dec-2020-3_page-0002-2-1536x1067.jpg 1536w, http:\/\/smartlighthub.eu\/wp-content\/uploads\/2020\/12\/article_DIFF-Mag-Dec-2020-3_page-0002-2-1200x834.jpg 1200w, http:\/\/smartlighthub.eu\/wp-content\/uploads\/2020\/12\/article_DIFF-Mag-Dec-2020-3_page-0002-2.jpg 1754w\" sizes=\"(max-width: 709px) 85vw, (max-width: 909px) 67vw, (max-width: 1362px) 62vw, 840px\" \/><\/figure>\n\n\n\n<blockquote class=\"wp-block-quote\"><p><a href=\"https:\/\/issuu.com\/villededifferdange\/docs\/dm12-issuu?fbclid=IwAR3O4Wzf8DI1PLLoSJqLXZt1F-6DIWa2LIzTxaNr0SWCzKxZwO2YK3TsbKg\" target=\"_blank\" rel=\"noreferrer noopener\">Differdange Magazin &#8211; December 2020 p. 30-31<\/a><\/p><\/blockquote>\n\n\n\n<hr class=\"wp-block-separator\"\/>\n\n\n\n<h2>Artikel im Saulnes Magazine &#8211; Februar 2021 Nr. 48<\/h2>\n\n\n\n<figure class=\"wp-block-image size-large\"><img loading=\"lazy\" width=\"1024\" height=\"786\" src=\"http:\/\/smartlighthub.eu\/wp-content\/uploads\/2021\/04\/Magazine-de-Saulnes-Fev-2021-publication-1024x786.jpg\" alt=\"\" class=\"wp-image-2418\" srcset=\"http:\/\/smartlighthub.eu\/wp-content\/uploads\/2021\/04\/Magazine-de-Saulnes-Fev-2021-publication-1024x786.jpg 1024w, http:\/\/smartlighthub.eu\/wp-content\/uploads\/2021\/04\/Magazine-de-Saulnes-Fev-2021-publication-300x230.jpg 300w, http:\/\/smartlighthub.eu\/wp-content\/uploads\/2021\/04\/Magazine-de-Saulnes-Fev-2021-publication-768x589.jpg 768w, http:\/\/smartlighthub.eu\/wp-content\/uploads\/2021\/04\/Magazine-de-Saulnes-Fev-2021-publication-1536x1179.jpg 1536w, http:\/\/smartlighthub.eu\/wp-content\/uploads\/2021\/04\/Magazine-de-Saulnes-Fev-2021-publication-1200x921.jpg 1200w, http:\/\/smartlighthub.eu\/wp-content\/uploads\/2021\/04\/Magazine-de-Saulnes-Fev-2021-publication.jpg 1617w\" sizes=\"(max-width: 709px) 85vw, (max-width: 909px) 67vw, (max-width: 1362px) 62vw, 840px\" \/><\/figure>\n\n\n\n<blockquote class=\"wp-block-quote\"><p><a href=\"https:\/\/docplayer.fr\/207434479-Saulnes-magazine-de-n-48-fevrier-2021.html\" target=\"_blank\" rel=\"noreferrer noopener\"><a href=\"https:\/\/www.saulnes.fr\/vie-municipale\/publications-municipales\/\">Saulnes Magazine &#8211; Februar 2021 Nr. 48 S.33<\/a><\/a><\/p><\/blockquote>\n\n\n\n<hr class=\"wp-block-separator\"\/>\n\n\n\n<h2>Artikel aus dem Differdange Magazin &#8211; April 2021<\/h2>\n\n\n\n<figure class=\"wp-block-image size-large\"><img loading=\"lazy\" width=\"824\" height=\"1024\" src=\"http:\/\/smartlighthub.eu\/wp-content\/uploads\/2021\/04\/DiffMag-Avril-2021-publication-824x1024.jpg\" alt=\"\" class=\"wp-image-2413\" srcset=\"http:\/\/smartlighthub.eu\/wp-content\/uploads\/2021\/04\/DiffMag-Avril-2021-publication-824x1024.jpg 824w, http:\/\/smartlighthub.eu\/wp-content\/uploads\/2021\/04\/DiffMag-Avril-2021-publication-241x300.jpg 241w, http:\/\/smartlighthub.eu\/wp-content\/uploads\/2021\/04\/DiffMag-Avril-2021-publication-768x954.jpg 768w, http:\/\/smartlighthub.eu\/wp-content\/uploads\/2021\/04\/DiffMag-Avril-2021-publication-1236x1536.jpg 1236w, http:\/\/smartlighthub.eu\/wp-content\/uploads\/2021\/04\/DiffMag-Avril-2021-publication-1200x1491.jpg 1200w, http:\/\/smartlighthub.eu\/wp-content\/uploads\/2021\/04\/DiffMag-Avril-2021-publication.jpg 1241w\" sizes=\"(max-width: 824px) 85vw, 824px\" \/><\/figure>\n\n\n\n<blockquote class=\"wp-block-quote\"><p><a href=\"https:\/\/issuu.com\/villededifferdange\/docs\/dm04-issuu_ec4a46ec5bbe04\" target=\"_blank\" rel=\"noreferrer noopener\"><a href=\"https:\/\/issuu.com\/villededifferdange\/docs\/dm12-issuu?fbclid=IwAR3O4Wzf8DI1PLLoSJqLXZt1F-6DIWa2LIzTxaNr0SWCzKxZwO2YK3TsbKg\" target=\"_blank\" rel=\"noreferrer noopener\">Differdange Magazin &#8211; April 2021 p. 38-39<\/a><\/a><\/p><\/blockquote>\n\n\n\n<hr class=\"wp-block-separator\"\/>\n\n\n\n<h2>Broadcast &#8220;Alors on change !&#8221; RTBF &#8211; Mai 2021<\/h2>\n\n\n\n<figure class=\"wp-block-video\"><video controls src=\"http:\/\/smartlighthub.eu\/wp-content\/uploads\/2021\/06\/Alors-on-change-RTBF-06.05.21-Compresse.mp4\"><\/video><\/figure>\n\n\n\n<blockquote class=\"wp-block-quote\"><p><a href=\"https:\/\/www.rtbf.be\/auvio\/detail_alors-on-change?id=2766031&amp;fbclid=IwAR0YrrhcKS1ZGjujQw27AQfZ00pDZbIzG-5JYV_ea9BTyiuhhVqdmDovYJM\" target=\"_blank\" rel=\"noreferrer noopener\">Broadcast &#8220;Alors on change !&#8221; RTBF &#8211; Mai 2021<\/a><\/p><\/blockquote>\n\n\n\n<hr class=\"wp-block-separator\"\/>\n\n\n\n<h2>Artikel aus dem Magazin der Stadt Hussigny-Godbrange (FR) &#8211; Juli 2021<\/h2>\n\n\n\n<figure class=\"wp-block-image size-large\"><img loading=\"lazy\" width=\"677\" height=\"1024\" src=\"http:\/\/smartlighthub.eu\/wp-content\/uploads\/2021\/08\/Hussigny-Godbrange-Juillet-21-1-677x1024.jpg\" alt=\"\" class=\"wp-image-2800\" srcset=\"http:\/\/smartlighthub.eu\/wp-content\/uploads\/2021\/08\/Hussigny-Godbrange-Juillet-21-1-677x1024.jpg 677w, http:\/\/smartlighthub.eu\/wp-content\/uploads\/2021\/08\/Hussigny-Godbrange-Juillet-21-1-198x300.jpg 198w, http:\/\/smartlighthub.eu\/wp-content\/uploads\/2021\/08\/Hussigny-Godbrange-Juillet-21-1-768x1162.jpg 768w, http:\/\/smartlighthub.eu\/wp-content\/uploads\/2021\/08\/Hussigny-Godbrange-Juillet-21-1-1015x1536.jpg 1015w, http:\/\/smartlighthub.eu\/wp-content\/uploads\/2021\/08\/Hussigny-Godbrange-Juillet-21-1-1354x2048.jpg 1354w, http:\/\/smartlighthub.eu\/wp-content\/uploads\/2021\/08\/Hussigny-Godbrange-Juillet-21-1-1200x1815.jpg 1200w, http:\/\/smartlighthub.eu\/wp-content\/uploads\/2021\/08\/Hussigny-Godbrange-Juillet-21-1-scaled.jpg 1692w\" sizes=\"(max-width: 677px) 85vw, 677px\" \/><\/figure>\n\n\n\n<blockquote class=\"wp-block-quote\"><p><a href=\"\/Users\/Audrey\/Documents\/Site%20Web\/Revue%20de%20presse\/TNT\/Magasine%20Hussigny_Godbrange_juillet%2021.pdf\" target=\"_blank\" rel=\"noreferrer noopener\">Magazin der Stadt Hussigny-Godbrange &#8211; Juli 2021 n\u00b055<\/a><\/p><\/blockquote>\n\n\n\n<hr class=\"wp-block-separator\"\/>\n","protected":false},"excerpt":{"rendered":"<p>Artikel von Plecotus Review &#8211; M\u00e4rz 2019 Interreg Smart Light Hub : Plecotus macht mit ! Plecotus-Magazin &#8220;L&#8217;\u00e9cho des rhinos 102&#8221; &#8211; M\u00e4rz 2019 Artikel von Plecotus Review &#8211; Juni 2019 Licht und Fledermaus &#8230; ein neues Anliegen Plecotus-Magazin &#8220;L&#8217;\u00e9cho des rhinos 103&#8221; &#8211; Juni 2019 Artikel von M\u00e9tro &#8211; 11.01.20 F\u00fcr Flederm\u00e4use geeignete \u00f6ffentliche &hellip; <a href=\"http:\/\/smartlighthub.eu\/de\/zeitung\/\" class=\"more-link\">Continue reading<span class=\"screen-reader-text\"> &#8220;Zeitung&#8221;<\/span><\/a><\/p>\n","protected":false},"author":10,"featured_media":1522,"parent":0,"menu_order":0,"comment_status":"closed","ping_status":"closed","template":"","meta":[],"_links":{"self":[{"href":"http:\/\/smartlighthub.eu\/de\/wp-json\/wp\/v2\/pages\/1561"}],"collection":[{"href":"http:\/\/smartlighthub.eu\/de\/wp-json\/wp\/v2\/pages"}],"about":[{"href":"http:\/\/smartlighthub.eu\/de\/wp-json\/wp\/v2\/types\/page"}],"author":[{"embeddable":true,"href":"http:\/\/smartlighthub.eu\/de\/wp-json\/wp\/v2\/users\/10"}],"replies":[{"embeddable":true,"href":"http:\/\/smartlighthub.eu\/de\/wp-json\/wp\/v2\/comments?post=1561"}],"version-history":[{"count":10,"href":"http:\/\/smartlighthub.eu\/de\/wp-json\/wp\/v2\/pages\/1561\/revisions"}],"predecessor-version":[{"id":2805,"href":"http:\/\/smartlighthub.eu\/de\/wp-json\/wp\/v2\/pages\/1561\/revisions\/2805"}],"wp:featuredmedia":[{"embeddable":true,"href":"http:\/\/smartlighthub.eu\/de\/wp-json\/wp\/v2\/media\/1522"}],"wp:attachment":[{"href":"http:\/\/smartlighthub.eu\/de\/wp-json\/wp\/v2\/media?parent=1561"}],"curies":[{"name":"wp","href":"https:\/\/api.w.org\/{rel}","templated":true}]}}