{"id":2404,"date":"2021-03-19T16:05:41","date_gmt":"2021-03-19T15:05:41","guid":{"rendered":"http:\/\/smartlighthub.eu\/?page_id=2404"},"modified":"2021-05-27T15:14:47","modified_gmt":"2021-05-27T13:14:47","slug":"feldstudie-zweite-stufe","status":"publish","type":"page","link":"http:\/\/smartlighthub.eu\/de\/feldstudie-zweite-stufe\/","title":{"rendered":"Feldstudie : Zweite Stufe"},"content":{"rendered":"<h3>Differdange (LUX) &#8211; vom 15. M\u00e4rz bis 9. April 2021<\/h3>\n<h6 style=\"text-align: justify;\">Insekten, V\u00f6gel, Flederm\u00e4use&#8230; die \u00f6ffentliche Beleuchtung hat einen erheblichen Einfluss auf viele wildlebende Arten. Als Teil eines umfangreichen Projekts, das das Gebiet der Gro\u00dfregion abdeckt, startet Natagora eine Feldstudie, um diese Auswirkungen zu objektivieren und L\u00f6sungen vorzuschlagen.<\/h6>\n<p style=\"text-align: justify;\"><strong>Das Projekt &#8220;Smart Light-Hub&#8221;, das auf dem Territorium der Gro\u00dfregion eingesetzt wird, zielt darauf ab, die Entstehung kollektiver Antworten auf die durch k\u00fcnstliche Beleuchtung aufgeworfenen Probleme zu erleichtern<\/strong>. Das Projekt zielt auch darauf ab, die grenz\u00fcberschreitende Zusammenarbeit zu st\u00e4rken, um eine innovative, \u00f6kosystemfreundliche, wirtschaftlich rentable und kreative Vision der Beleuchtung im \u00f6ffentlichen und privaten Raum zu definieren.<\/p>\n<p style=\"text-align: justify;\">In einem Kontext, in dem viele Gemeinden ihre Beleuchtungsanlagen nach und nach durch weniger energieverbrauchende und technologisch effizientere LED-Leuchten ersetzen, ist es das Ziel von <strong>Natagora in diesem Projekt, die Auswirkungen der \u00f6ffentlichen Beleuchtung auf verschiedene Gruppen von Tierarten (S\u00e4ugetiere, V\u00f6gel, Insekten) zu messen<\/strong>. Natagora hat daher ein spezielles Protokoll erstellt, um eine Feldstudie in Wallonien und an den verschiedenen H\u00e4ngen der Gro\u00dfregion durchzuf\u00fchren. Der Startschuss f\u00fcr diese umfangreiche Studie wurde am 16. Juni 2020 gegeben. Diese Studie fand 2020 in einer offenen Umgebung (Wiesen, Hecken) statt und wird 2021 in einer geschlossenen Umgebung (Wald) durchgef\u00fchrt. Ihr Ziel ist es, die Wirkung von LED-Lampen, die als &#8220;impacting&#8221; (4.000 Kelvin) bezeichnet werden, und anderen, weniger impacting Lampen (2.200 Kelvin) auf die Biodiversit\u00e4t zu bewerten.<\/p>\n\n\n<figure class=\"wp-block-gallery columns-2 is-cropped\"><ul class=\"blocks-gallery-grid\"><li class=\"blocks-gallery-item\"><figure><img loading=\"lazy\" width=\"975\" height=\"1024\" src=\"http:\/\/smartlighthub.eu\/wp-content\/uploads\/2021\/03\/3-1-975x1024.jpg\" alt=\"\" data-id=\"2400\" data-full-url=\"http:\/\/smartlighthub.eu\/wp-content\/uploads\/2021\/03\/3-1.jpg\" data-link=\"http:\/\/smartlighthub.eu\/en\/?attachment_id=2400\" class=\"wp-image-2400\" srcset=\"http:\/\/smartlighthub.eu\/wp-content\/uploads\/2021\/03\/3-1-975x1024.jpg 975w, http:\/\/smartlighthub.eu\/wp-content\/uploads\/2021\/03\/3-1-286x300.jpg 286w, http:\/\/smartlighthub.eu\/wp-content\/uploads\/2021\/03\/3-1-768x807.jpg 768w, http:\/\/smartlighthub.eu\/wp-content\/uploads\/2021\/03\/3-1-1462x1536.jpg 1462w, http:\/\/smartlighthub.eu\/wp-content\/uploads\/2021\/03\/3-1-1200x1260.jpg 1200w, http:\/\/smartlighthub.eu\/wp-content\/uploads\/2021\/03\/3-1.jpg 1866w\" sizes=\"(max-width: 709px) 85vw, (max-width: 909px) 67vw, (max-width: 1362px) 62vw, 840px\" \/><\/figure><\/li><li class=\"blocks-gallery-item\"><figure><img loading=\"lazy\" width=\"671\" height=\"1024\" src=\"http:\/\/smartlighthub.eu\/wp-content\/uploads\/2021\/03\/2-1-671x1024.jpg\" alt=\"\" data-id=\"2397\" data-full-url=\"http:\/\/smartlighthub.eu\/wp-content\/uploads\/2021\/03\/2-1-scaled.jpg\" data-link=\"http:\/\/smartlighthub.eu\/en\/?attachment_id=2397\" class=\"wp-image-2397\" srcset=\"http:\/\/smartlighthub.eu\/wp-content\/uploads\/2021\/03\/2-1-671x1024.jpg 671w, http:\/\/smartlighthub.eu\/wp-content\/uploads\/2021\/03\/2-1-197x300.jpg 197w, http:\/\/smartlighthub.eu\/wp-content\/uploads\/2021\/03\/2-1-768x1171.jpg 768w, http:\/\/smartlighthub.eu\/wp-content\/uploads\/2021\/03\/2-1-1007x1536.jpg 1007w, http:\/\/smartlighthub.eu\/wp-content\/uploads\/2021\/03\/2-1-1343x2048.jpg 1343w, http:\/\/smartlighthub.eu\/wp-content\/uploads\/2021\/03\/2-1-1200x1830.jpg 1200w, http:\/\/smartlighthub.eu\/wp-content\/uploads\/2021\/03\/2-1-scaled.jpg 1679w\" sizes=\"(max-width: 671px) 85vw, 671px\" \/><\/figure><\/li><\/ul><figcaption class=\"blocks-gallery-caption\">Natagora-Naturforscher bei der Installation der Ger\u00e4te in einer geschlossenen Umgebung<\/figcaption><\/figure>\n\n\n\n<h3>Hussigny-Godbrange (FR) &#8211; von 21 Mai bis 4 Juni 2021<\/h3>\n\n\n\n<figure class=\"wp-block-gallery columns-2 is-cropped\"><ul class=\"blocks-gallery-grid\"><li class=\"blocks-gallery-item\"><figure><img loading=\"lazy\" width=\"768\" height=\"1024\" src=\"http:\/\/smartlighthub.eu\/wp-content\/uploads\/2021\/05\/20210521_145223-768x1024.jpg\" alt=\"\" data-id=\"2480\" data-full-url=\"http:\/\/smartlighthub.eu\/wp-content\/uploads\/2021\/05\/20210521_145223-scaled.jpg\" data-link=\"http:\/\/smartlighthub.eu\/de\/20210521_145223-2\/\" class=\"wp-image-2480\" srcset=\"http:\/\/smartlighthub.eu\/wp-content\/uploads\/2021\/05\/20210521_145223-768x1024.jpg 768w, http:\/\/smartlighthub.eu\/wp-content\/uploads\/2021\/05\/20210521_145223-225x300.jpg 225w, http:\/\/smartlighthub.eu\/wp-content\/uploads\/2021\/05\/20210521_145223-1152x1536.jpg 1152w, http:\/\/smartlighthub.eu\/wp-content\/uploads\/2021\/05\/20210521_145223-1536x2048.jpg 1536w, http:\/\/smartlighthub.eu\/wp-content\/uploads\/2021\/05\/20210521_145223-1200x1600.jpg 1200w, http:\/\/smartlighthub.eu\/wp-content\/uploads\/2021\/05\/20210521_145223-scaled.jpg 1920w\" sizes=\"(max-width: 768px) 85vw, 768px\" \/><\/figure><\/li><li class=\"blocks-gallery-item\"><figure><img loading=\"lazy\" width=\"768\" height=\"1024\" src=\"http:\/\/smartlighthub.eu\/wp-content\/uploads\/2021\/05\/20210521_144154-768x1024.jpg\" alt=\"\" data-id=\"2477\" data-full-url=\"http:\/\/smartlighthub.eu\/wp-content\/uploads\/2021\/05\/20210521_144154-scaled.jpg\" data-link=\"http:\/\/smartlighthub.eu\/de\/20210521_144154-2\/\" class=\"wp-image-2477\" srcset=\"http:\/\/smartlighthub.eu\/wp-content\/uploads\/2021\/05\/20210521_144154-768x1024.jpg 768w, http:\/\/smartlighthub.eu\/wp-content\/uploads\/2021\/05\/20210521_144154-225x300.jpg 225w, http:\/\/smartlighthub.eu\/wp-content\/uploads\/2021\/05\/20210521_144154-1152x1536.jpg 1152w, http:\/\/smartlighthub.eu\/wp-content\/uploads\/2021\/05\/20210521_144154-1536x2048.jpg 1536w, http:\/\/smartlighthub.eu\/wp-content\/uploads\/2021\/05\/20210521_144154-1200x1600.jpg 1200w, http:\/\/smartlighthub.eu\/wp-content\/uploads\/2021\/05\/20210521_144154-scaled.jpg 1920w\" sizes=\"(max-width: 768px) 85vw, 768px\" \/><\/figure><\/li><\/ul><\/figure>\n\n\n\n<figure class=\"wp-block-image size-large\"><img loading=\"lazy\" width=\"923\" height=\"1024\" src=\"http:\/\/smartlighthub.eu\/wp-content\/uploads\/2021\/05\/20210521_213245-bis-923x1024.jpg\" alt=\"\" class=\"wp-image-2483\" srcset=\"http:\/\/smartlighthub.eu\/wp-content\/uploads\/2021\/05\/20210521_213245-bis-923x1024.jpg 923w, http:\/\/smartlighthub.eu\/wp-content\/uploads\/2021\/05\/20210521_213245-bis-270x300.jpg 270w, http:\/\/smartlighthub.eu\/wp-content\/uploads\/2021\/05\/20210521_213245-bis-768x852.jpg 768w, http:\/\/smartlighthub.eu\/wp-content\/uploads\/2021\/05\/20210521_213245-bis-1384x1536.jpg 1384w, http:\/\/smartlighthub.eu\/wp-content\/uploads\/2021\/05\/20210521_213245-bis-1846x2048.jpg 1846w, http:\/\/smartlighthub.eu\/wp-content\/uploads\/2021\/05\/20210521_213245-bis-1200x1332.jpg 1200w\" sizes=\"(max-width: 709px) 85vw, (max-width: 909px) 67vw, (max-width: 1362px) 62vw, 840px\" \/><figcaption>Die Beleuchtungsanlage in Betrieb bei Nacht<\/figcaption><\/figure>\n","protected":false},"excerpt":{"rendered":"<p>Differdange (LUX) &#8211; vom 15. M\u00e4rz bis 9. April 2021 Insekten, V\u00f6gel, Flederm\u00e4use&#8230; die \u00f6ffentliche Beleuchtung hat einen erheblichen Einfluss auf viele wildlebende Arten. Als Teil eines umfangreichen Projekts, das das Gebiet der Gro\u00dfregion abdeckt, startet Natagora eine Feldstudie, um diese Auswirkungen zu objektivieren und L\u00f6sungen vorzuschlagen. Das Projekt &#8220;Smart Light-Hub&#8221;, das auf dem Territorium &hellip; <a href=\"http:\/\/smartlighthub.eu\/de\/feldstudie-zweite-stufe\/\" class=\"more-link\">Continue reading<span class=\"screen-reader-text\"> &#8220;Feldstudie : Zweite Stufe&#8221;<\/span><\/a><\/p>\n","protected":false},"author":10,"featured_media":0,"parent":0,"menu_order":0,"comment_status":"closed","ping_status":"closed","template":"","meta":[],"_links":{"self":[{"href":"http:\/\/smartlighthub.eu\/de\/wp-json\/wp\/v2\/pages\/2404"}],"collection":[{"href":"http:\/\/smartlighthub.eu\/de\/wp-json\/wp\/v2\/pages"}],"about":[{"href":"http:\/\/smartlighthub.eu\/de\/wp-json\/wp\/v2\/types\/page"}],"author":[{"embeddable":true,"href":"http:\/\/smartlighthub.eu\/de\/wp-json\/wp\/v2\/users\/10"}],"replies":[{"embeddable":true,"href":"http:\/\/smartlighthub.eu\/de\/wp-json\/wp\/v2\/comments?post=2404"}],"version-history":[{"count":2,"href":"http:\/\/smartlighthub.eu\/de\/wp-json\/wp\/v2\/pages\/2404\/revisions"}],"predecessor-version":[{"id":2492,"href":"http:\/\/smartlighthub.eu\/de\/wp-json\/wp\/v2\/pages\/2404\/revisions\/2492"}],"wp:attachment":[{"href":"http:\/\/smartlighthub.eu\/de\/wp-json\/wp\/v2\/media?parent=2404"}],"curies":[{"name":"wp","href":"https:\/\/api.w.org\/{rel}","templated":true}]}}