{"id":2846,"date":"2021-10-19T14:45:40","date_gmt":"2021-10-19T12:45:40","guid":{"rendered":"http:\/\/smartlighthub.eu\/?page_id=2846"},"modified":"2021-10-28T15:36:32","modified_gmt":"2021-10-28T13:36:32","slug":"presentations-et-contenus","status":"publish","type":"page","link":"http:\/\/smartlighthub.eu\/de\/presentations-et-contenus\/","title":{"rendered":"Pr\u00e9sentations et contenus"},"content":{"rendered":"\n<h2>Jour 1 &#8211; Mercredi 6 Octobre<\/h2>\n\n\n\n<h4>Conf\u00e9rence : Ecolight &#8211; Alliance pour une meilleure \u00e9ducation dans le secteur de l&#8217;\u00e9clairage &#8211; IGB Berlin<\/h4>\n\n\n<ul>\n<li style=\"list-style-type: none;\">\n<ul>\n<li>Lambros T. Doulos<\/li>\n<li>Andreas Jechow<\/li>\n<li>Sibylle Schroer<\/li>\n<li>Catherine P\u00e9rez Vega<\/li>\n<\/ul>\n<\/li>\n<\/ul>\n\n\n<div class=\"wp-block-file\"><a href=\"http:\/\/smartlighthub.eu\/wp-content\/uploads\/2021\/10\/ECOSLIGHT_Doulos_web_version.pdf\">ECOSLIGHT &#8211; IGB Berlin<\/a><a href=\"http:\/\/smartlighthub.eu\/wp-content\/uploads\/2021\/10\/ECOSLIGHT_Doulos_web_version.pdf\" class=\"wp-block-file__button\" download>T\u00e9l\u00e9charger<\/a><\/div>\n\n\n\n<hr class=\"wp-block-separator\"\/>\n\n\n\n<h4>S\u00e9minaire scientifique : &#8220;\u00e9missions et pollution lumineuse&#8221; &amp; &#8220;Lumi\u00e8re et \u00eatre humain&#8221;<\/h4>\n\n\n<p style=\"text-align: justify;\"><strong>Christopher Kyba<\/strong> &#8211; GFZ Postdam : &#8220;Quels types d&#8217;\u00e9clairage sont responsables<br>des \u00e9missions lumineuses ?&#8221;<\/p>\n\n\n<div class=\"wp-block-file\"><a href=\"http:\/\/smartlighthub.eu\/wp-content\/uploads\/2021\/10\/2-Christopher-kyba.pptx\">Christopher Kyba &#8211; GFZ Postdam<\/a><a href=\"http:\/\/smartlighthub.eu\/wp-content\/uploads\/2021\/10\/2-Christopher-kyba.pptx\" class=\"wp-block-file__button\" download>T\u00e9l\u00e9charger<\/a><\/div>\n\n\n<p style=\"text-align: justify;\"><strong>Christina Schmidt<\/strong> &#8211; GIGA Institute : &#8220;Impact de la lumi\u00e8re sur le fonctionnement cognitif chez l\u2019homme&#8221;<\/p>\n<p style=\"text-align: justify;\"><strong>Lukas Schuler<\/strong> &#8211; Dark Sky Switzerland : &#8220;Comment sensibiliser le public \u00e0 la pollution lumineuse par des cartes d&#8217;\u00e9missions lumineuses&#8221;<\/p>\n\n\n<div class=\"wp-block-file\"><a href=\"http:\/\/smartlighthub.eu\/wp-content\/uploads\/2021\/10\/4-Luckas-Schuler.pptx\">Lukas Schuler &#8211; Dark Sky Switzerland<\/a><a href=\"http:\/\/smartlighthub.eu\/wp-content\/uploads\/2021\/10\/4-Luckas-Schuler.pptx\" class=\"wp-block-file__button\" download>T\u00e9l\u00e9charger<\/a><\/div>\n\n\n<p style=\"text-align: justify;\"><strong>Laurent Spithoven<\/strong> &#8211; Natur Our Park : &#8220;Night Light : accro\u00eetre l&#8217;appr\u00e9ciation du public pour un ciel nocturne naturellement sombre&#8221;<\/p>\n<p style=\"text-align: justify;\"><strong>Gilles Vandewalle<\/strong> &#8211; GIGA Institute : &#8220;La lumi\u00e8re ne sert pas qu&#8217;\u00e0 voir ! Impacts<br>non-visuels de la lumi\u00e8re&#8221;<\/p>\n\n\n<div class=\"wp-block-file\"><a href=\"http:\/\/smartlighthub.eu\/wp-content\/uploads\/2021\/10\/3-Gilles-Vandewalle.pptx\">Gilles Vandewalle &#8211; GIGA Institute<\/a><a href=\"http:\/\/smartlighthub.eu\/wp-content\/uploads\/2021\/10\/3-Gilles-Vandewalle.pptx\" class=\"wp-block-file__button\" download>T\u00e9l\u00e9charger<\/a><\/div>\n\n\n\n<hr class=\"wp-block-separator\"\/>\n\n\n\n<h4>S\u00e9minaire scientifique : &#8220;pollution lumineuse et biodiversit\u00e9&#8221; &amp; &#8220;quelles alternatives ?&#8221;<\/h4>\n\n\n\n<p><strong>Ghislain Auclair<\/strong> &#8211; Woodlight : &#8220;La bioluminescence, une solution pour des villes de demain plus durables, plus respirables, plus po\u00e9tiques&#8221;<\/p>\n\n\n\n<p><strong>Elodie Bebronne<\/strong> &#8211; QuantOM HEC Li\u00e8ge : &#8220;L\u00e0 o\u00f9 il n&#8217;y a (pas) de lumi\u00e8re, il y a de la vie : questionner la politique d&#8217;\u00e9clairage public en Wallonie&#8221;<\/p>\n\n\n\n<div class=\"wp-block-file\"><a href=\"http:\/\/smartlighthub.eu\/wp-content\/uploads\/2021\/10\/8-Elodie-Bebronne.pdf\">Elodie Bebronne &#8211; QuantOM HEC Li\u00e8ge<\/a><a href=\"http:\/\/smartlighthub.eu\/wp-content\/uploads\/2021\/10\/8-Elodie-Bebronne.pdf\" class=\"wp-block-file__button\" download>T\u00e9l\u00e9charger<\/a><\/div>\n\n\n\n<p><strong>Andreas Jechow<\/strong> &#8211; IGB Berlin : &#8220;Impact de la lumi\u00e8re artificielle la nuit sur les \u00e9cosyst\u00e8mes aquatiques&#8221;<\/p>\n\n\n\n<p><strong>Vincent Lang<\/strong> &#8211; Schr\u00e9der BE : &#8220;FlexiWhite : adapter la couleur pour pr\u00e9server la nature&#8221;<\/p>\n\n\n\n<div class=\"wp-block-file\"><a href=\"http:\/\/smartlighthub.eu\/wp-content\/uploads\/2021\/10\/10-Vincent-Lang-converti-compresse.pdf\">Vincent Lang &#8211; Schr\u00e9der BE<\/a><a href=\"http:\/\/smartlighthub.eu\/wp-content\/uploads\/2021\/10\/10-Vincent-Lang-converti-compresse.pdf\" class=\"wp-block-file__button\" download>T\u00e9l\u00e9charger<\/a><\/div>\n\n\n<p style=\"text-align: justify;\"><strong>Georges Zissis<\/strong> &#8211; Laboratoire LAPLACE : &#8220;Syst\u00e8mes d&#8217;\u00e9clairage intelligents centr\u00e9s sur l&#8217;humain &#8211; Vers l&#8217;\u00e8re \u00ab L&#8217;\u00e9clairage 4.0&#8221;<\/p>\n\n\n<div class=\"wp-block-file\"><a href=\"http:\/\/smartlighthub.eu\/wp-content\/uploads\/2021\/10\/11-Georges-Zissis.pptx\">Georges Zissis &#8211; Laboratoire LAPLACE<\/a><a href=\"http:\/\/smartlighthub.eu\/wp-content\/uploads\/2021\/10\/11-Georges-Zissis.pptx\" class=\"wp-block-file__button\" download>T\u00e9l\u00e9charger<\/a><\/div>\n\n\n\n<hr class=\"wp-block-separator\"\/>\n\n\n\n<h2>Jour 2 &#8211; Jeudi 7 Octobre<\/h2>\n\n\n\n<h4>Conf\u00e9rence : &#8220;La noctilogie &#8211; la nuit est belle ! et monde r\u00e9el : de la m\u00e9thode \u00e0 l&#8217;\u00e9ction&#8221; &#8211; Soci\u00e9t\u00e9 astronomique de gen\u00e8ve<\/h4>\n\n\n<ul>\n<li style=\"list-style-type: none;\">\n<ul>\n<li>Eric Achkar<\/li>\n<li>Pascal Moeschler<\/li>\n<li>Sylvie Vares<\/li>\n<\/ul>\n<\/li>\n<\/ul>\n\n\n<hr class=\"wp-block-separator\"\/>\n\n\n\n<h4>Conf\u00e9rence : &#8220;Nuit et Lumi\u00e8re, un juste \u00e9quilibre&#8221; &#8211; Radiance 35<\/h4>\n\n\n\n<hr class=\"wp-block-separator\"\/>\n\n\n\n<h2>Jour 3 &#8211; Vendredi 8 Octobre<\/h2>\n\n\n\n<h4>Panel de discussion : partage de bonnes pratiques en mati\u00e8re d&#8217;\u00e9clairage<\/h4>\n\n\n<ul>\n<li style=\"list-style-type: none;\">\n<ul>\n<li><strong>Pauline Evens<\/strong> &#8211; Radiance 35<\/li>\n<li><strong>Daniel Gliedner<\/strong> &#8211; Natur Our Park<\/li>\n<li><strong>Francis Venter<\/strong> &#8211; ASCEN<\/li>\n<\/ul>\n<\/li>\n<\/ul>\n\n\n<h4>Conf\u00e9rence : &#8220;Pollution lumineuse et biodiversit\u00e9 : enjeux, impacts, solutions&#8221; &#8211; UMS Patrinat<\/h4>\n\n\n\n<div class=\"wp-block-file\"><a href=\"http:\/\/smartlighthub.eu\/wp-content\/uploads\/2021\/10\/15-Romain-Sordello.pdf\">Romain Sordello &#8211; UMS Patrinat<\/a><a href=\"http:\/\/smartlighthub.eu\/wp-content\/uploads\/2021\/10\/15-Romain-Sordello.pdf\" class=\"wp-block-file__button\" download>T\u00e9l\u00e9charger<\/a><\/div>\n","protected":false},"excerpt":{"rendered":"<p>Jour 1 &#8211; Mercredi 6 Octobre Conf\u00e9rence : Ecolight &#8211; Alliance pour une meilleure \u00e9ducation dans le secteur de l&#8217;\u00e9clairage &#8211; IGB Berlin Lambros T. Doulos Andreas Jechow Sibylle Schroer Catherine P\u00e9rez Vega S\u00e9minaire scientifique : &#8220;\u00e9missions et pollution lumineuse&#8221; &amp; &#8220;Lumi\u00e8re et \u00eatre humain&#8221; Christopher Kyba &#8211; GFZ Postdam : &#8220;Quels types d&#8217;\u00e9clairage sont &hellip; <a href=\"http:\/\/smartlighthub.eu\/de\/presentations-et-contenus\/\" class=\"more-link\">Continue reading<span class=\"screen-reader-text\"> &#8220;Pr\u00e9sentations et contenus&#8221;<\/span><\/a><\/p>\n","protected":false},"author":10,"featured_media":0,"parent":0,"menu_order":0,"comment_status":"closed","ping_status":"closed","template":"","meta":[],"_links":{"self":[{"href":"http:\/\/smartlighthub.eu\/de\/wp-json\/wp\/v2\/pages\/2846"}],"collection":[{"href":"http:\/\/smartlighthub.eu\/de\/wp-json\/wp\/v2\/pages"}],"about":[{"href":"http:\/\/smartlighthub.eu\/de\/wp-json\/wp\/v2\/types\/page"}],"author":[{"embeddable":true,"href":"http:\/\/smartlighthub.eu\/de\/wp-json\/wp\/v2\/users\/10"}],"replies":[{"embeddable":true,"href":"http:\/\/smartlighthub.eu\/de\/wp-json\/wp\/v2\/comments?post=2846"}],"version-history":[{"count":4,"href":"http:\/\/smartlighthub.eu\/de\/wp-json\/wp\/v2\/pages\/2846\/revisions"}],"predecessor-version":[{"id":3037,"href":"http:\/\/smartlighthub.eu\/de\/wp-json\/wp\/v2\/pages\/2846\/revisions\/3037"}],"wp:attachment":[{"href":"http:\/\/smartlighthub.eu\/de\/wp-json\/wp\/v2\/media?parent=2846"}],"curies":[{"name":"wp","href":"https:\/\/api.w.org\/{rel}","templated":true}]}}