{"id":3229,"date":"2021-12-13T11:10:46","date_gmt":"2021-12-13T10:10:46","guid":{"rendered":"http:\/\/smartlighthub.eu\/?page_id=3229"},"modified":"2021-12-13T11:10:47","modified_gmt":"2021-12-13T10:10:47","slug":"hefte-fuer-naechtliche-spaziergaenge","status":"publish","type":"page","link":"http:\/\/smartlighthub.eu\/de\/hefte-fuer-naechtliche-spaziergaenge\/","title":{"rendered":"Hefte f\u00fcr n\u00e4chtliche Spazierg\u00e4nge"},"content":{"rendered":"<p style=\"text-align: justify;\">Dieses Heft ist das Ergebnis der Zusammenarbeit zwischen dem Team, das f\u00fcr das Interreg Gro\u00dfregion-Projekt Smart Light Hub verantwortlich ist, und <a href=\"https:\/\/www.rejouisciences.uliege.be\/cms\/c_11010765\/fr\/rejouisciences\">R\u00e9jouisciences<\/a>, der Zelle f\u00fcr die Verbreitung von Wissenschaft und Technologie der Universit\u00e4t L\u00fcttich. Dieses Projekt tr\u00e4gt dazu bei, die Kenntnisse und den wissenschaftlichen Ansatz aufzuwerten und den Dialog zwischen Wissenschaft und Gesellschaft zu f\u00f6rdern.<\/p>\n\n\n<div class=\"wp-block-image\"><figure class=\"aligncenter size-large\"><img loading=\"lazy\" width=\"1024\" height=\"683\" src=\"http:\/\/smartlighthub.eu\/wp-content\/uploads\/2021\/12\/G054491-Point-de-vue-de-la-Citadelle-sur-lLiege-3x2-ULiege-Coteaux-pollution-lumineuse-26-08-2021-1024x683.jpg\" alt=\"\" class=\"wp-image-3222\" srcset=\"http:\/\/smartlighthub.eu\/wp-content\/uploads\/2021\/12\/G054491-Point-de-vue-de-la-Citadelle-sur-lLiege-3x2-ULiege-Coteaux-pollution-lumineuse-26-08-2021-1024x683.jpg 1024w, http:\/\/smartlighthub.eu\/wp-content\/uploads\/2021\/12\/G054491-Point-de-vue-de-la-Citadelle-sur-lLiege-3x2-ULiege-Coteaux-pollution-lumineuse-26-08-2021-300x200.jpg 300w, http:\/\/smartlighthub.eu\/wp-content\/uploads\/2021\/12\/G054491-Point-de-vue-de-la-Citadelle-sur-lLiege-3x2-ULiege-Coteaux-pollution-lumineuse-26-08-2021-768x513.jpg 768w, http:\/\/smartlighthub.eu\/wp-content\/uploads\/2021\/12\/G054491-Point-de-vue-de-la-Citadelle-sur-lLiege-3x2-ULiege-Coteaux-pollution-lumineuse-26-08-2021-1536x1025.jpg 1536w, http:\/\/smartlighthub.eu\/wp-content\/uploads\/2021\/12\/G054491-Point-de-vue-de-la-Citadelle-sur-lLiege-3x2-ULiege-Coteaux-pollution-lumineuse-26-08-2021-2048x1367.jpg 2048w, http:\/\/smartlighthub.eu\/wp-content\/uploads\/2021\/12\/G054491-Point-de-vue-de-la-Citadelle-sur-lLiege-3x2-ULiege-Coteaux-pollution-lumineuse-26-08-2021-1200x801.jpg 1200w\" sizes=\"(max-width: 709px) 85vw, (max-width: 909px) 67vw, (max-width: 1362px) 62vw, 840px\" \/><\/figure><\/div>\n\n\n<p style=\"text-align: justify;\">Untenstehend finden Sie das <strong>theoretische Notizbuch<\/strong>, das die \u00dcberlegungen und Dokumentationen zur Lichtverschmutzung enth\u00e4lt, sowie den ersten <strong>Nachtspaziergang<\/strong> (Beta-Version), der in der Stadt L\u00fcttich (BE) stattfindet.<\/p>\n\n\n<div class=\"wp-block-file\"><a href=\"http:\/\/smartlighthub.eu\/wp-content\/uploads\/2021\/12\/Carnet-Balade-Nocturne-Carnet-Theorique.pdf\">Theoretische Notizbuch<\/a><a href=\"http:\/\/smartlighthub.eu\/wp-content\/uploads\/2021\/12\/Carnet-Balade-Nocturne-Carnet-Theorique.pdf\" class=\"wp-block-file__button\" download>T\u00e9l\u00e9charger<\/a><\/div>\n\n\n\n<div class=\"wp-block-file\"><a href=\"http:\/\/smartlighthub.eu\/wp-content\/uploads\/2021\/12\/Carnet-Balade-Nocturne-Balade.pdf\">Nachtspaziergang &#8211; L\u00fcttich (BE)<\/a><a href=\"http:\/\/smartlighthub.eu\/wp-content\/uploads\/2021\/12\/Carnet-Balade-Nocturne-Balade.pdf\" class=\"wp-block-file__button\" download>T\u00e9l\u00e9charger<\/a><\/div>\n\n\n\n<p><\/p>\n","protected":false},"excerpt":{"rendered":"<p>Dieses Heft ist das Ergebnis der Zusammenarbeit zwischen dem Team, das f\u00fcr das Interreg Gro\u00dfregion-Projekt Smart Light Hub verantwortlich ist, und R\u00e9jouisciences, der Zelle f\u00fcr die Verbreitung von Wissenschaft und Technologie der Universit\u00e4t L\u00fcttich. Dieses Projekt tr\u00e4gt dazu bei, die Kenntnisse und den wissenschaftlichen Ansatz aufzuwerten und den Dialog zwischen Wissenschaft und Gesellschaft zu f\u00f6rdern. &hellip; <a href=\"http:\/\/smartlighthub.eu\/de\/hefte-fuer-naechtliche-spaziergaenge\/\" class=\"more-link\">Continue reading<span class=\"screen-reader-text\"> &#8220;Hefte f\u00fcr n\u00e4chtliche Spazierg\u00e4nge&#8221;<\/span><\/a><\/p>\n","protected":false},"author":10,"featured_media":0,"parent":0,"menu_order":0,"comment_status":"closed","ping_status":"closed","template":"","meta":[],"_links":{"self":[{"href":"http:\/\/smartlighthub.eu\/de\/wp-json\/wp\/v2\/pages\/3229"}],"collection":[{"href":"http:\/\/smartlighthub.eu\/de\/wp-json\/wp\/v2\/pages"}],"about":[{"href":"http:\/\/smartlighthub.eu\/de\/wp-json\/wp\/v2\/types\/page"}],"author":[{"embeddable":true,"href":"http:\/\/smartlighthub.eu\/de\/wp-json\/wp\/v2\/users\/10"}],"replies":[{"embeddable":true,"href":"http:\/\/smartlighthub.eu\/de\/wp-json\/wp\/v2\/comments?post=3229"}],"version-history":[{"count":1,"href":"http:\/\/smartlighthub.eu\/de\/wp-json\/wp\/v2\/pages\/3229\/revisions"}],"predecessor-version":[{"id":3230,"href":"http:\/\/smartlighthub.eu\/de\/wp-json\/wp\/v2\/pages\/3229\/revisions\/3230"}],"wp:attachment":[{"href":"http:\/\/smartlighthub.eu\/de\/wp-json\/wp\/v2\/media?parent=3229"}],"curies":[{"name":"wp","href":"https:\/\/api.w.org\/{rel}","templated":true}]}}