{"id":3484,"date":"2022-06-01T16:11:06","date_gmt":"2022-06-01T14:11:06","guid":{"rendered":"http:\/\/smartlighthub.eu\/?page_id=3484"},"modified":"2022-07-28T11:23:08","modified_gmt":"2022-07-28T09:23:08","slug":"appel-a-projet-abris-avec-textile-reflechissant-luminaire-passif","status":"publish","type":"page","link":"http:\/\/smartlighthub.eu\/de\/appel-a-projet-abris-avec-textile-reflechissant-luminaire-passif\/","title":{"rendered":"Appel \u00e0 projet &#8211; Abris avec textile r\u00e9fl\u00e9chissant (luminaire passif)"},"content":{"rendered":"<p style=\"text-align: justify;\">Dans le cadre du projet Interreg V A Grande R\u00e9gion Smart Light Hub, l&#8217;Universit\u00e9 de Li\u00e8ge est \u00e0 la&nbsp;recherche de prestataire(s) pour r\u00e9aliser&nbsp;<strong>un prototype d&#8217;abris avec textile r\u00e9fl\u00e9chissant (luminaire passif)<\/strong>.&nbsp;La nuit, ce textile permettra de r\u00e9fl\u00e9chir&nbsp;des sources lumineuses existantes dans&nbsp;l&#8217;espace public&nbsp;au lieu d&#8217;ajouter de nouveaux \u00e9clairages.<\/p>\n<p style=\"text-align: justify;\">La conception de ces dispositifs&nbsp;s&#8217;appuiera sur l&#8217;atelier d&#8217;hybridation et d&#8217;\u00e9change organis\u00e9 par l&#8217;Universit\u00e9 de Li\u00e8ge&nbsp;\u00e0&nbsp;BLIIIDA (Metz, France)&nbsp;le&nbsp;<span id=\"OBJ_PREFIX_DWT70_com_zimbra_date\" class=\"Object\"><span id=\"OBJ_PREFIX_DWT6475_com_zimbra_date\" class=\"Object\" role=\"link\"><span id=\"OBJ_PREFIX_DWT6486_com_zimbra_date\" class=\"Object\" role=\"link\">27 juin 2022<\/span><\/span><\/span>.&nbsp;Cette journ\u00e9e de rencontres et de d\u00e9bats vise \u00e0 mettre en relation diff\u00e9rentes expertises et points de vue (de chercheurs, scientifiques, cr\u00e9atifs, pouvoirs publics, intercommunales,&#8230;, &amp; de citoyens) pour apporter des r\u00e9ponses collectives et locales \u00e0 la th\u00e9matique de la pollution lumineuse.<\/p>\n<p style=\"text-align: justify;\"><strong>Le projet Smart Light Hub vise&nbsp;\u00e0&nbsp;:<\/strong><\/p>\n<ul>\n<li style=\"text-align: justify;\">La sensibilisation \u00e0 la probl\u00e9matique de la pollution lumineuse et \u00e0 son impact sur la biodiversit\u00e9;<\/li>\n<li style=\"text-align: justify;\">L\u2019\u00e9mergence de r\u00e9ponses collectives \u00e0 cette probl\u00e9matique lors d&#8217;ateliers d&#8217;\u00e9changes et d&#8217;hybridations;<\/li>\n<li style=\"text-align: justify;\">La recherche de solutions innovantes en mati\u00e8re d\u2019\u00e9clairage dans les espaces publics et privatifs;<\/li>\n<li style=\"text-align: justify;\">La mise en r\u00e9seau d\u2019acteurs sur le territoire de la Grande R\u00e9gion sur ces th\u00e9matiques.<\/li>\n<\/ul>\n<div>\n<p style=\"text-align: justify;\"><strong>La mission comprend :&nbsp;<\/strong><\/p>\n<ol>\n<li style=\"text-align: justify;\">La participation \u00e0 l&#8217;atelier d&#8217;hybridation et d&#8217;\u00e9change organis\u00e9 par l&#8217;Universit\u00e9 de Li\u00e8ge le <span id=\"OBJ_PREFIX_DWT71_com_zimbra_date\" class=\"Object\"><span id=\"OBJ_PREFIX_DWT6476_com_zimbra_date\" class=\"Object\" role=\"link\"><span id=\"OBJ_PREFIX_DWT6487_com_zimbra_date\" class=\"Object\" role=\"link\">27 juin 2022<\/span><\/span><\/span> \u00e0 BLIIIDA (Metz, France).<\/li>\n<li style=\"text-align: justify;\">La co-conception (avec l&#8217;\u00e9quipe de l&#8217;Universit\u00e9 de Li\u00e8ge, sur la base des avis r\u00e9colt\u00e9s lors de l&#8217;atelier d&#8217;\u00e9change et d&#8217;hybridation) et la production d&#8217;un prototype d&#8217;abris avec textile r\u00e9fl\u00e9chissant (luminaire passif) qui devra \u00eatre livr\u00e9 une semaine avant l&#8217;\u00e9v\u00e8nement Maker Land qui aura lieu \u00e0 BLIIIDA les 17-18 <span id=\"OBJ_PREFIX_DWT72_com_zimbra_date\" class=\"Object\" style=\"font-size: inherit;\"><span id=\"OBJ_PREFIX_DWT6477_com_zimbra_date\" class=\"Object\" role=\"link\"><span id=\"OBJ_PREFIX_DWT6488_com_zimbra_date\" class=\"Object\" role=\"link\">septembre 2022<\/span><\/span><\/span><span style=\"font-size: inherit;\"><span style=\"font-size: inherit;\"><span style=\"font-size: inherit;\">.<\/span><\/span><\/span>\n<p><span style=\"font-size: inherit;\"><span style=\"font-size: inherit;\">Les dimensions ext\u00e9rieures de l&#8217;abri seront de : 5,5m de long x 2m de large x 2,4m de haut<\/span><\/span><\/p>\n<p>Le(s) prestataire(s) pourront envisager les mat\u00e9riaux de leur choix pour la structure et la toiture, en favorisant des mat\u00e9riaux de r\u00e9emploi et une approche low-tech. L&#8217;abri pourra \u00eatre facilement mont\u00e9\/d\u00e9mont\u00e9 afin d&#8217;\u00eatre install\u00e9 dans diff\u00e9rents lieux.<\/p>\n<p>Le p\u00e9rim\u00e8tre de l&#8217;abri sera muni d&#8217;un rideau r\u00e9fl\u00e9chissant (de 12m courant et de minimum 2m15 de haut) qui permettra la nuit de baliser, r\u00e9orienter et r\u00e9fl\u00e9chir les apports de sources de lumi\u00e8res existantes.&nbsp;&nbsp;Illustration du type de textile (\u00e0 titre d&#8217;exemple uniquement) en annexe. Ce textile devra imp\u00e9rativement \u00eatre r\u00e9sistant en ext\u00e9rieur.<\/p>\n<p>Sous r\u00e9serve des disponibilit\u00e9s, BLIIIDA pourra mettre \u00e0 disposition <a style=\"font-size: inherit;\" href=\"https:\/\/www.bliiida.fr\/espace\/le-mido\/\">ses diff\u00e9rents outils<\/a><span style=\"font-size: inherit;\"> pour le(s) prestataire(s) s\u00e9lectionn\u00e9(s).<\/span><\/p>\n<p>Le(s) prestataire(s) s&#8217;engage(nt) \u00e0 c\u00e9der les droits de reproduction \u00e0 l&#8217;Universit\u00e9 de Li\u00e8ge du prototype qui sera en &#8220;open source&#8221;. Le soutien financier d&#8217;Interreg, l&#8217;Universit\u00e9 de Li\u00e8ge ainsi que les noms des diff\u00e9rents auteurs ayant particip\u00e9 au processus de co-conception (en tant que prestataire(s) ou au sein de L&#8217;Universit\u00e9 de Li\u00e8ge) devront \u00eatre mentionn\u00e9s sur toute publication li\u00e9e \u00e0 ce projet.<\/p>\n<p><\/p>\n<\/li>\n<li style=\"text-align: justify;\">L&#8217;achat des mat\u00e9riaux, les \u00e9ventuels frais de d\u00e9placement et d&#8217;h\u00e9bergement \u00e0 Metz qui seront \u00e0 prendre en compte par le(s) prestataire(s) pour la remise d&#8217;offre.<\/li>\n<li style=\"text-align: justify;\">Des \u00e9changes r\u00e9guliers avec l&#8217;\u00e9quipe de l&#8217;Universit\u00e9 de Li\u00e8ge pour valider les grandes \u00e9tapes de la conception et de la production du prototype. Il sera demand\u00e9 au prestataire d&#8217;envoyer, au minimum, un \u00e9tat d&#8217;avancement le 11 juillet et le 22 aout 2022 afin d&#8217;avoir une validation par \u00e9crit de la part de l&#8217;Universit\u00e9 de Li\u00e8ge.<\/li>\n<li style=\"text-align: justify;\">Votre pr\u00e9sence \u00e0 BLIIIDA (Metz, France) lors de l&#8217;\u00e9v\u00e8nement Maker Land les 17-18 <span id=\"OBJ_PREFIX_DWT73_com_zimbra_date\" class=\"Object\" style=\"font-size: inherit;\"><span id=\"OBJ_PREFIX_DWT6478_com_zimbra_date\" class=\"Object\" role=\"link\"><span id=\"OBJ_PREFIX_DWT6489_com_zimbra_date\" class=\"Object\" role=\"link\">septembre 2022<\/span><\/span><\/span><span style=\"font-size: inherit;\"><span style=\"font-size: inherit;\">&nbsp;pour pr\u00e9senter le prototype&nbsp;d&#8217;abris avec textile r\u00e9fl\u00e9chissant (luminaire passif)<\/span><\/span>\n<p><\/p>\n<\/li>\n<\/ol>\n<div>\n<div style=\"text-align: justify;\">\n<p style=\"text-align: justify;\"><strong>Votre offre de prix, \u00e0 envoyer par email pour le&nbsp;<span id=\"OBJ_PREFIX_DWT6479_com_zimbra_date\" class=\"Object\" role=\"link\"><span id=\"OBJ_PREFIX_DWT6490_com_zimbra_date\" class=\"Object\" role=\"link\">20 juin 2022<\/span><\/span>&nbsp;\u00e0 9h (\u00e0&nbsp;<u><span id=\"OBJ_PREFIX_DWT65_ZmEmailObjectHandler\" class=\"Object\"><span id=\"OBJ_PREFIX_DWT93_ZmEmailObjectHandler\" class=\"Object\"><span id=\"OBJ_PREFIX_DWT146_ZmEmailObjectHandler\" class=\"Object\"><span id=\"OBJ_PREFIX_DWT158_ZmEmailObjectHandler\" class=\"Object\"><span id=\"OBJ_PREFIX_DWT6480_ZmEmailObjectHandler\" class=\"Object\" role=\"link\"><span id=\"OBJ_PREFIX_DWT6491_ZmEmailObjectHandler\" class=\"Object\" role=\"link\"><a href=\"mailto:team@smartlighthub.eu\" target=\"_blank\" rel=\"nofollow noopener noreferrer\">team@smartlighthub.eu<\/a><\/span><\/span><\/span><\/span><\/span><\/span><\/u>&nbsp;), inclura \u00e9galement&nbsp;:<\/strong><\/p>\n<\/div>\n<ul>\n<li style=\"text-align: justify;\">Une <strong>lettre d&#8217;intention<\/strong> explicitant votre int\u00e9r\u00eat et vos premi\u00e8res propositions pour ce projet (max 500 mots et possibilit\u00e9 de joindre 3 pages A4 avec du visuel)<\/li>\n<li style=\"text-align: justify;\">Votre <em><strong>curriculum vitae<\/strong><\/em> (si la candidature est d\u00e9pos\u00e9e par une \u00e9quipe, le dossier comprendra le curriculum vitae de chaque membre). La candidature peut \u00e9galement comprendre l&#8217;envoi d&#8217;un portfolio illustrant votre travail.<\/li>\n<li style=\"text-align: justify;\"><strong>Un d\u00e9tail de votre offre<\/strong> incluant les caract\u00e9ristiques des diff\u00e9rents mat\u00e9riaux envisag\u00e9s, les diff\u00e9rents frais (mat\u00e9riaux, d\u00e9placements,&#8230;) et vos honoraires pour cette mission.<\/li>\n<\/ul>\n<\/div>\n<\/div>\n\n\n<figure class=\"wp-block-gallery columns-2 is-cropped\"><ul class=\"blocks-gallery-grid\"><li class=\"blocks-gallery-item\"><figure><img loading=\"lazy\" width=\"952\" height=\"401\" src=\"http:\/\/smartlighthub.eu\/wp-content\/uploads\/2022\/06\/Rideaux-exterieurs_1.jpg\" alt=\"\" data-id=\"3492\" data-full-url=\"http:\/\/smartlighthub.eu\/wp-content\/uploads\/2022\/06\/Rideaux-exterieurs_1.jpg\" data-link=\"http:\/\/smartlighthub.eu\/appel-a-projet-abris-avec-textile-reflechissant-luminaire-passif\/rideaux-exterieurs_1\/\" class=\"wp-image-3492\" srcset=\"http:\/\/smartlighthub.eu\/wp-content\/uploads\/2022\/06\/Rideaux-exterieurs_1.jpg 952w, http:\/\/smartlighthub.eu\/wp-content\/uploads\/2022\/06\/Rideaux-exterieurs_1-300x126.jpg 300w, http:\/\/smartlighthub.eu\/wp-content\/uploads\/2022\/06\/Rideaux-exterieurs_1-768x323.jpg 768w\" sizes=\"(max-width: 709px) 85vw, (max-width: 909px) 67vw, (max-width: 1362px) 62vw, 840px\" \/><\/figure><\/li><li class=\"blocks-gallery-item\"><figure><img loading=\"lazy\" width=\"952\" height=\"401\" src=\"http:\/\/smartlighthub.eu\/wp-content\/uploads\/2022\/06\/Rideaux-exterieurs_2.jpg\" alt=\"\" data-id=\"3495\" data-full-url=\"http:\/\/smartlighthub.eu\/wp-content\/uploads\/2022\/06\/Rideaux-exterieurs_2.jpg\" data-link=\"http:\/\/smartlighthub.eu\/appel-a-projet-abris-avec-textile-reflechissant-luminaire-passif\/rideaux-exterieurs_2\/\" class=\"wp-image-3495\" srcset=\"http:\/\/smartlighthub.eu\/wp-content\/uploads\/2022\/06\/Rideaux-exterieurs_2.jpg 952w, http:\/\/smartlighthub.eu\/wp-content\/uploads\/2022\/06\/Rideaux-exterieurs_2-300x126.jpg 300w, http:\/\/smartlighthub.eu\/wp-content\/uploads\/2022\/06\/Rideaux-exterieurs_2-768x323.jpg 768w\" sizes=\"(max-width: 709px) 85vw, (max-width: 909px) 67vw, (max-width: 1362px) 62vw, 840px\" \/><\/figure><\/li><\/ul><\/figure>\n\n\n<p><strong style=\"font-size: inherit; text-align: justify;\">Pour tout renseignement, veuillez contacter:<\/strong><\/p>\n<ul>\n<li style=\"text-align: justify;\">Adrien Mans (<a>+32 (0)4 366 9752 ;&nbsp;<\/a><span id=\"OBJ_PREFIX_DWT148_ZmEmailObjectHandler\" class=\"Object\"><span id=\"OBJ_PREFIX_DWT160_ZmEmailObjectHandler\" class=\"Object\"><span id=\"OBJ_PREFIX_DWT6481_ZmEmailObjectHandler\" class=\"Object\" role=\"link\"><span id=\"OBJ_PREFIX_DWT6492_ZmEmailObjectHandler\" class=\"Object\" role=\"link\"><a href=\"mailto:adrien.mans@uliege.be\" target=\"_blank\" rel=\"nofollow noopener noreferrer\">adrien.mans@uliege.be) <\/a><\/span><\/span><\/span><\/span><\/li>\n<li style=\"text-align: justify;\"><span id=\"OBJ_PREFIX_DWT93_ZmEmailObjectHandler\" class=\"Object\"><span id=\"OBJ_PREFIX_DWT149_ZmEmailObjectHandler\" class=\"Object\"><span id=\"OBJ_PREFIX_DWT161_ZmEmailObjectHandler\" class=\"Object\"><span id=\"OBJ_PREFIX_DWT6482_ZmEmailObjectHandler\" class=\"Object\" role=\"link\"><span id=\"OBJ_PREFIX_DWT6493_ZmEmailObjectHandler\" class=\"Object\" role=\"link\"><a href=\"mailto:team@smartlighthub.eu\" target=\"_blank\" rel=\"nofollow noopener noreferrer\">ou team@smartlighthub.eu<\/a><\/span><\/span><\/span><\/span><\/span><span style=\"font-size: inherit;\">&nbsp;<\/span><\/li>\n<\/ul>","protected":false},"excerpt":{"rendered":"<p>Dans le cadre du projet Interreg V A Grande R\u00e9gion Smart Light Hub, l&#8217;Universit\u00e9 de Li\u00e8ge est \u00e0 la&nbsp;recherche de prestataire(s) pour r\u00e9aliser&nbsp;un prototype d&#8217;abris avec textile r\u00e9fl\u00e9chissant (luminaire passif).&nbsp;La nuit, ce textile permettra de r\u00e9fl\u00e9chir&nbsp;des sources lumineuses existantes dans&nbsp;l&#8217;espace public&nbsp;au lieu d&#8217;ajouter de nouveaux \u00e9clairages. La conception de ces dispositifs&nbsp;s&#8217;appuiera sur l&#8217;atelier d&#8217;hybridation et &hellip; <a href=\"http:\/\/smartlighthub.eu\/de\/appel-a-projet-abris-avec-textile-reflechissant-luminaire-passif\/\" class=\"more-link\">Continue reading<span class=\"screen-reader-text\"> &#8220;Appel \u00e0 projet &#8211; Abris avec textile r\u00e9fl\u00e9chissant (luminaire passif)&#8221;<\/span><\/a><\/p>\n","protected":false},"author":10,"featured_media":0,"parent":0,"menu_order":0,"comment_status":"closed","ping_status":"closed","template":"","meta":[],"_links":{"self":[{"href":"http:\/\/smartlighthub.eu\/de\/wp-json\/wp\/v2\/pages\/3484"}],"collection":[{"href":"http:\/\/smartlighthub.eu\/de\/wp-json\/wp\/v2\/pages"}],"about":[{"href":"http:\/\/smartlighthub.eu\/de\/wp-json\/wp\/v2\/types\/page"}],"author":[{"embeddable":true,"href":"http:\/\/smartlighthub.eu\/de\/wp-json\/wp\/v2\/users\/10"}],"replies":[{"embeddable":true,"href":"http:\/\/smartlighthub.eu\/de\/wp-json\/wp\/v2\/comments?post=3484"}],"version-history":[{"count":7,"href":"http:\/\/smartlighthub.eu\/de\/wp-json\/wp\/v2\/pages\/3484\/revisions"}],"predecessor-version":[{"id":3607,"href":"http:\/\/smartlighthub.eu\/de\/wp-json\/wp\/v2\/pages\/3484\/revisions\/3607"}],"wp:attachment":[{"href":"http:\/\/smartlighthub.eu\/de\/wp-json\/wp\/v2\/media?parent=3484"}],"curies":[{"name":"wp","href":"https:\/\/api.w.org\/{rel}","templated":true}]}}