{"id":3486,"date":"2022-06-01T16:12:20","date_gmt":"2022-06-01T14:12:20","guid":{"rendered":"http:\/\/smartlighthub.eu\/?page_id=3486"},"modified":"2022-06-13T16:16:38","modified_gmt":"2022-06-13T14:16:38","slug":"appel-a-projet-resine-phosphorescente-luminaire-passif","status":"publish","type":"page","link":"http:\/\/smartlighthub.eu\/de\/appel-a-projet-resine-phosphorescente-luminaire-passif\/","title":{"rendered":"Appel \u00e0 projet &#8211; R\u00e9sine phosphorescente (luminaire passif)"},"content":{"rendered":"<div>\n<p style=\"text-align: justify;\">Dans le cadre du projet Interreg V A Grande R\u00e9gion Smart Light Hub, l&#8217;Universit\u00e9 de Li\u00e8ge est \u00e0 la\u00a0recherche de prestataire(s) pour r\u00e9aliser\u00a0<strong>des prototypes de luminaire passif \u00e0 partir de r\u00e9sine avec pigments phosphorescents<\/strong>.\u00a0Ces luminaires\u00a0permettront\u00a0d&#8217;\u00e9clairer et de baliser des espaces ext\u00e9rieurs gr\u00e2ce \u00e0 la phosphorescence, sans qu&#8217;il soit n\u00e9cessaire d&#8217;\u00e9clairer artificiellement.<\/p>\n<p style=\"text-align: justify;\">La conception de ces dispositifs\u00a0s&#8217;appuiera sur l&#8217;atelier d&#8217;hybridation et d&#8217;\u00e9change organis\u00e9 par l&#8217;Universit\u00e9 de Li\u00e8ge\u00a0\u00e0 BLIIIDA (Metz, France)\u00a0le\u00a0<span id=\"OBJ_PREFIX_DWT141_com_zimbra_date\" class=\"Object\"><span id=\"OBJ_PREFIX_DWT153_com_zimbra_date\" class=\"Object\"><span id=\"OBJ_PREFIX_DWT6499_com_zimbra_date\" class=\"Object\" role=\"link\"><span id=\"OBJ_PREFIX_DWT6510_com_zimbra_date\" class=\"Object\" role=\"link\">27 juin 2022<\/span><\/span><\/span><\/span>.\u00a0Cette journ\u00e9e de rencontres et de d\u00e9bats vise \u00e0 mettre en relation diff\u00e9rentes expertises et points de vue (de chercheurs, scientifiques, cr\u00e9atifs, pouvoirs publics, intercommunales,&#8230;, &amp; de citoyens) pour apporter des r\u00e9ponses collectives et locales \u00e0 la th\u00e9matique de la pollution lumineuse.<\/p>\n<\/div>\n<p style=\"text-align: justify;\"><strong>Le projet Smart Light Hub vise\u00a0\u00e0\u00a0:<\/strong><\/p>\n<ul>\n<li style=\"text-align: justify;\">La sensibilisation \u00e0 la probl\u00e9matique de la pollution lumineuse et \u00e0 son impact sur la biodiversit\u00e9;<\/li>\n<li style=\"text-align: justify;\">L\u2019\u00e9mergence de r\u00e9ponses collectives \u00e0 cette probl\u00e9matique lors d&#8217;ateliers d&#8217;\u00e9changes et d&#8217;hybridations;<\/li>\n<li style=\"text-align: justify;\">La recherche de solutions innovantes en mati\u00e8re d\u2019\u00e9clairage dans les espaces publics et privatifs;<\/li>\n<li style=\"text-align: justify;\">La mise en r\u00e9seau d\u2019acteurs sur le territoire de la Grande R\u00e9gion sur ces th\u00e9matiques.<\/li>\n<\/ul>\n<div style=\"text-align: justify;\">\n<p><strong>La mission comprend\u00a0:<\/strong><\/p>\n<ol>\n<li>La participation \u00e0 l&#8217;atelier d&#8217;hybridation et d&#8217;\u00e9change organis\u00e9 par l&#8217;Universit\u00e9 de Li\u00e8ge le <span id=\"OBJ_PREFIX_DWT142_com_zimbra_date\" class=\"Object\"><span id=\"OBJ_PREFIX_DWT154_com_zimbra_date\" class=\"Object\"><span id=\"OBJ_PREFIX_DWT6500_com_zimbra_date\" class=\"Object\" role=\"link\"><span id=\"OBJ_PREFIX_DWT6511_com_zimbra_date\" class=\"Object\" role=\"link\">27 juin 2022<\/span><\/span><\/span><\/span> \u00e0 BLIIIDA (Metz, France).<\/li>\n<li>La co-conception (avec l&#8217;\u00e9quipe de l&#8217;Universit\u00e9 de Li\u00e8ge, sur la base des avis r\u00e9colt\u00e9s lors de l&#8217;atelier d&#8217;\u00e9change et d&#8217;hybridation) et la production de minimum trois prototypes de luminaire passif avec r\u00e9sine et pigments phosphorescents qui devront \u00eatre livr\u00e9s une semaine avant l&#8217;\u00e9v\u00e8nement Maker Land qui aura lieu \u00e0 BLIIIDA les 17 et 18 <span id=\"OBJ_PREFIX_DWT143_com_zimbra_date\" class=\"Object\" style=\"font-size: inherit;\"><span id=\"OBJ_PREFIX_DWT155_com_zimbra_date\" class=\"Object\"><span id=\"OBJ_PREFIX_DWT6501_com_zimbra_date\" class=\"Object\" role=\"link\"><span id=\"OBJ_PREFIX_DWT6512_com_zimbra_date\" class=\"Object\" role=\"link\">septembre 2022<\/span><\/span><\/span><\/span><span style=\"font-size: inherit;\"><span style=\"font-size: inherit;\"><span style=\"font-size: inherit;\">.<\/span><\/span><\/span>Ces dispositifs peuvent \u00eatre des cr\u00e9ations originales et\/ou une d\u00e9clinaison de vos cr\u00e9ations existantes, dans la mesure o\u00f9 ceux-ci r\u00e9pondront aux crit\u00e8res suivants :\n<p>&#8211; Les prototypes seront plac\u00e9s dans l&#8217;espace public et devront r\u00e9sister aux UV ainsi qu&#8217;aux intemp\u00e9ries<br \/>\n&#8211; La partie phosphorescente constituera au minimum 30% du prototype qui peut \u00e9galement inclure d&#8217;autres mat\u00e9riaux<\/p>\n<p>&#8211; La partie phosphorescente du prototype garantira un \u00e9clairage autonome de l&#8217;objet et de ses alentours, permettant de baliser un espace public de nuit.<\/p>\n<p>Outre la fonction premi\u00e8re de luminaire passif, ces objets pourront \u00e9ventuellement assumer une double fonction dans l&#8217;espace public : si\u00e8ge, table, banc&#8230;<\/p>\n<p>En dehors de la r\u00e9sine phosphorescente, le(s) prestataire(s) pourront envisager les mat\u00e9riaux de leur choix pour r\u00e9aliser ces dispositifs, en favorisant des mat\u00e9riaux de r\u00e9emploi et une approche low-tech<\/p>\n<p>Sous r\u00e9serve des disponibilit\u00e9s, BLIIIDA pourra mettre \u00e0 disposition <a href=\"https:\/\/www.bliiida.fr\/espace\/le-mido\/\">ses diff\u00e9rents outils<\/a> pour le(s) prestataire(s) s\u00e9lectionn\u00e9(s).<\/p>\n<p>Le(s) prestataire(s) s&#8217;engage(nt) \u00e0 c\u00e9der les droits de reproduction \u00e0 l&#8217;Universit\u00e9 de Li\u00e8ge des prototypes qui seront en &#8220;open source&#8221;. Le soutien financier d&#8217;Interreg, l&#8217;Universit\u00e9 de Li\u00e8ge ainsi que les noms des diff\u00e9rents auteurs ayant particip\u00e9 au processus de co-conception (en tant que prestataire(s) ou au sein de L&#8217;Universit\u00e9 de Li\u00e8ge) devront \u00eatre mentionn\u00e9s sur toute publication li\u00e9e \u00e0 ce projet.<\/li>\n<li>L&#8217;achat de r\u00e9sine (r\u00e9sistante en ext\u00e9rieur et\/ou avec couche de vernis polyur\u00e9thane) et de pigments phosphorescents (avec une quantit\u00e9 minimum de 30gr de pigments phosphorescents\/kg de r\u00e9sine). Le(s) prestataire(s) pr\u00e9voira assez de r\u00e9sine\/vernis\/pigments phosphorescents pour une surface totale de 0,2 m3 (<em>correspond \u00e0 une surface de 20 m2 en couche de 1mm et de 2 m2 en couche de 1cm<\/em>) afin de couvrir les besoins du points 2.<\/li>\n<li>Des \u00e9changes r\u00e9guliers avec l&#8217;\u00e9quipe de l&#8217;Universit\u00e9 de Li\u00e8ge pour valider les grandes \u00e9tapes de la conception et de la production du prototype. Il sera demand\u00e9 au prestataire d&#8217;envoyer, au minimum, un \u00e9tat d&#8217;avancement le 11 juillet et le 22 aout 2022 afin d&#8217;avoir une validation par \u00e9crit de la part de l&#8217;Universit\u00e9 de Li\u00e8ge.<\/li>\n<li>Votre pr\u00e9sence \u00e0 BLIIIDA (Metz, France) lors de l&#8217;\u00e9v\u00e8nement Maker Land les 17 et 18 <span id=\"OBJ_PREFIX_DWT144_com_zimbra_date\" class=\"Object\" style=\"font-size: inherit;\"><span id=\"OBJ_PREFIX_DWT156_com_zimbra_date\" class=\"Object\"><span id=\"OBJ_PREFIX_DWT6502_com_zimbra_date\" class=\"Object\" role=\"link\"><span id=\"OBJ_PREFIX_DWT6513_com_zimbra_date\" class=\"Object\" role=\"link\">septembre 2022<\/span><\/span><\/span><\/span><span style=\"font-size: inherit;\">\u00a0pour pr\u00e9senter les prototypes de luminaire passif.<\/span><\/li>\n<\/ol>\n<p style=\"text-align: justify;\"><strong>Votre offre de prix, \u00e0 envoyer par email pour le\u00a0<span id=\"OBJ_PREFIX_DWT6503_com_zimbra_date\" class=\"Object\" role=\"link\"><span id=\"OBJ_PREFIX_DWT6514_com_zimbra_date\" class=\"Object\" role=\"link\">20 juin 2022<\/span><\/span>\u00a0\u00e0 9h (\u00e0\u00a0<u><span id=\"OBJ_PREFIX_DWT65_ZmEmailObjectHandler\" class=\"Object\"><span id=\"OBJ_PREFIX_DWT93_ZmEmailObjectHandler\" class=\"Object\"><span id=\"OBJ_PREFIX_DWT146_ZmEmailObjectHandler\" class=\"Object\"><span id=\"OBJ_PREFIX_DWT158_ZmEmailObjectHandler\" class=\"Object\"><span id=\"OBJ_PREFIX_DWT6504_ZmEmailObjectHandler\" class=\"Object\" role=\"link\"><span id=\"OBJ_PREFIX_DWT6515_ZmEmailObjectHandler\" class=\"Object\" role=\"link\"><a href=\"mailto:team@smartlighthub.eu\" target=\"_blank\" rel=\"nofollow noopener noreferrer\">team@smartlighthub.eu<\/a><\/span><\/span><\/span><\/span><\/span><\/span><\/u>\u00a0), inclura \u00e9galement\u00a0:<\/strong><\/p>\n<\/div>\n<ul style=\"text-align: justify;\">\n<li><strong>Une lettre d&#8217;intention<\/strong> explicitant votre int\u00e9r\u00eat et vos premi\u00e8res propositions pour ce projet (max 500 mots et possibilit\u00e9 de joindre 3 pages A4 avec du visuel)<\/li>\n<li><strong>Votre <em>curriculum vitae<\/em><\/strong> (si la candidature est d\u00e9pos\u00e9e par une \u00e9quipe, le dossier comprendra le curriculum vitae de chaque membre). La candidature peut \u00e9galement comprendre l&#8217;envoi d&#8217;un portfolio illustrant votre travail.<\/li>\n<li><strong>Un d\u00e9tail de votre offre<\/strong> incluant les caract\u00e9ristiques des diff\u00e9rents mat\u00e9riaux envisag\u00e9s, les diff\u00e9rents frais (mat\u00e9riaux, d\u00e9placements,&#8230;) et vos honoraires pour cette mission<\/li>\n<\/ul>\n<p style=\"text-align: justify;\">\n<p><strong style=\"font-size: inherit; text-align: justify;\">Pour tout renseignement, veuillez contacter:<\/strong><\/p>\n<ul>\n<li style=\"text-align: justify;\">Adrien Mans: <a style=\"font-size: inherit;\">+32 (0) 4 366 9752; <\/a><a style=\"font-size: inherit;\" href=\"mailto:adrien.mans@uliege.be\" target=\"_blank\" rel=\"nofollow noopener noreferrer\">adrien.mans@uliege.be<\/a><\/li>\n<li style=\"text-align: justify;\"><span id=\"OBJ_PREFIX_DWT93_ZmEmailObjectHandler\" class=\"Object\"><span id=\"OBJ_PREFIX_DWT149_ZmEmailObjectHandler\" class=\"Object\"><span id=\"OBJ_PREFIX_DWT161_ZmEmailObjectHandler\" class=\"Object\"><span id=\"OBJ_PREFIX_DWT6506_ZmEmailObjectHandler\" class=\"Object\" role=\"link\"><span id=\"OBJ_PREFIX_DWT6517_ZmEmailObjectHandler\" class=\"Object\" role=\"link\"><a href=\"mailto:team@smartlighthub.eu\" target=\"_blank\" rel=\"nofollow noopener noreferrer\">team@smartlighthub.eu<\/a><\/span><\/span><\/span><\/span><\/span><span style=\"font-size: inherit;\">\u00a0<\/span><\/li>\n<\/ul>\n","protected":false},"excerpt":{"rendered":"<p>Dans le cadre du projet Interreg V A Grande R\u00e9gion Smart Light Hub, l&#8217;Universit\u00e9 de Li\u00e8ge est \u00e0 la\u00a0recherche de prestataire(s) pour r\u00e9aliser\u00a0des prototypes de luminaire passif \u00e0 partir de r\u00e9sine avec pigments phosphorescents.\u00a0Ces luminaires\u00a0permettront\u00a0d&#8217;\u00e9clairer et de baliser des espaces ext\u00e9rieurs gr\u00e2ce \u00e0 la phosphorescence, sans qu&#8217;il soit n\u00e9cessaire d&#8217;\u00e9clairer artificiellement. La conception de ces &hellip; <a href=\"http:\/\/smartlighthub.eu\/de\/appel-a-projet-resine-phosphorescente-luminaire-passif\/\" class=\"more-link\">Continue reading<span class=\"screen-reader-text\"> &#8220;Appel \u00e0 projet &#8211; R\u00e9sine phosphorescente (luminaire passif)&#8221;<\/span><\/a><\/p>\n","protected":false},"author":10,"featured_media":0,"parent":0,"menu_order":0,"comment_status":"closed","ping_status":"closed","template":"","meta":[],"_links":{"self":[{"href":"http:\/\/smartlighthub.eu\/de\/wp-json\/wp\/v2\/pages\/3486"}],"collection":[{"href":"http:\/\/smartlighthub.eu\/de\/wp-json\/wp\/v2\/pages"}],"about":[{"href":"http:\/\/smartlighthub.eu\/de\/wp-json\/wp\/v2\/types\/page"}],"author":[{"embeddable":true,"href":"http:\/\/smartlighthub.eu\/de\/wp-json\/wp\/v2\/users\/10"}],"replies":[{"embeddable":true,"href":"http:\/\/smartlighthub.eu\/de\/wp-json\/wp\/v2\/comments?post=3486"}],"version-history":[{"count":6,"href":"http:\/\/smartlighthub.eu\/de\/wp-json\/wp\/v2\/pages\/3486\/revisions"}],"predecessor-version":[{"id":3617,"href":"http:\/\/smartlighthub.eu\/de\/wp-json\/wp\/v2\/pages\/3486\/revisions\/3617"}],"wp:attachment":[{"href":"http:\/\/smartlighthub.eu\/de\/wp-json\/wp\/v2\/media?parent=3486"}],"curies":[{"name":"wp","href":"https:\/\/api.w.org\/{rel}","templated":true}]}}