{"id":3555,"date":"2022-07-15T12:10:51","date_gmt":"2022-07-15T10:10:51","guid":{"rendered":"http:\/\/smartlighthub.eu\/?page_id=3555"},"modified":"2022-12-23T08:49:03","modified_gmt":"2022-12-23T07:49:03","slug":"les-resultats-de-letude-de-terrain-slh","status":"publish","type":"page","link":"http:\/\/smartlighthub.eu\/de\/les-resultats-de-letude-de-terrain-slh\/","title":{"rendered":"Les r\u00e9sultats de l&#8217;Etude de terrain SLH"},"content":{"rendered":"<p style=\"text-align: justify;\">Ci-contre, plusieurs documents:&nbsp;<\/p>\n<ul>\n<li style=\"text-align: justify;\">Les r\u00e9sultats de l&#8217;\u00e9tude de terrain r\u00e9alis\u00e9e par Natagora dans le courant de l&#8217;ann\u00e9e 2021.&nbsp;<\/li>\n<li style=\"text-align: justify;\">Un cahier de recommandations techniques \u00e0 destination des communes en vue de guider les collectivit\u00e9s locales dans leur d\u00e9cisions portant sur l&#8217;\u00e9clairage public&nbsp;<\/li>\n<li style=\"text-align: justify;\">Une bibliographie comment\u00e9e sur la th\u00e9matique de la pollution lumineuse&nbsp;<\/li>\n<\/ul>\n\n\n<div class=\"wp-block-file\"><a href=\"http:\/\/smartlighthub.eu\/wp-content\/uploads\/2022\/12\/Smart-Light-Hub_etude-de-terrain.pdf\">Smart-Light-Hub_etude-de-terrain<\/a><a href=\"http:\/\/smartlighthub.eu\/wp-content\/uploads\/2022\/12\/Smart-Light-Hub_etude-de-terrain.pdf\" class=\"wp-block-file__button\" download>T\u00e9l\u00e9charger<\/a><\/div>\n\n\n\n<div class=\"wp-block-file\"><a href=\"http:\/\/smartlighthub.eu\/wp-content\/uploads\/2022\/12\/Smart-Light-Hub_bibliographie-commentee.pdf\">Smart-Light-Hub_bibliographie-commentee<\/a><a href=\"http:\/\/smartlighthub.eu\/wp-content\/uploads\/2022\/12\/Smart-Light-Hub_bibliographie-commentee.pdf\" class=\"wp-block-file__button\" download>T\u00e9l\u00e9charger<\/a><\/div>\n\n\n\n<div class=\"wp-block-file\"><a href=\"http:\/\/smartlighthub.eu\/wp-content\/uploads\/2022\/12\/Smart-Light-Hub_cahier-de-recommandations.pdf\">Smart-Light-Hub_cahier-de-recommandations<\/a><a href=\"http:\/\/smartlighthub.eu\/wp-content\/uploads\/2022\/12\/Smart-Light-Hub_cahier-de-recommandations.pdf\" class=\"wp-block-file__button\" download>T\u00e9l\u00e9charger<\/a><\/div>\n","protected":false},"excerpt":{"rendered":"<p>Ci-contre, plusieurs documents:&nbsp; Les r\u00e9sultats de l&#8217;\u00e9tude de terrain r\u00e9alis\u00e9e par Natagora dans le courant de l&#8217;ann\u00e9e 2021.&nbsp; Un cahier de recommandations techniques \u00e0 destination des communes en vue de guider les collectivit\u00e9s locales dans leur d\u00e9cisions portant sur l&#8217;\u00e9clairage public&nbsp; Une bibliographie comment\u00e9e sur la th\u00e9matique de la pollution lumineuse&nbsp;<\/p>\n","protected":false},"author":10,"featured_media":0,"parent":0,"menu_order":0,"comment_status":"closed","ping_status":"closed","template":"","meta":[],"_links":{"self":[{"href":"http:\/\/smartlighthub.eu\/de\/wp-json\/wp\/v2\/pages\/3555"}],"collection":[{"href":"http:\/\/smartlighthub.eu\/de\/wp-json\/wp\/v2\/pages"}],"about":[{"href":"http:\/\/smartlighthub.eu\/de\/wp-json\/wp\/v2\/types\/page"}],"author":[{"embeddable":true,"href":"http:\/\/smartlighthub.eu\/de\/wp-json\/wp\/v2\/users\/10"}],"replies":[{"embeddable":true,"href":"http:\/\/smartlighthub.eu\/de\/wp-json\/wp\/v2\/comments?post=3555"}],"version-history":[{"count":3,"href":"http:\/\/smartlighthub.eu\/de\/wp-json\/wp\/v2\/pages\/3555\/revisions"}],"predecessor-version":[{"id":3871,"href":"http:\/\/smartlighthub.eu\/de\/wp-json\/wp\/v2\/pages\/3555\/revisions\/3871"}],"wp:attachment":[{"href":"http:\/\/smartlighthub.eu\/de\/wp-json\/wp\/v2\/media?parent=3555"}],"curies":[{"name":"wp","href":"https:\/\/api.w.org\/{rel}","templated":true}]}}