{"id":3669,"date":"2022-12-06T12:44:57","date_gmt":"2022-12-06T11:44:57","guid":{"rendered":"http:\/\/smartlighthub.eu\/?page_id=3669"},"modified":"2022-12-06T12:44:58","modified_gmt":"2022-12-06T11:44:58","slug":"la-pollution-lumineuse-comment-sensibiliser-le-public-a-ce-sujet","status":"publish","type":"page","link":"http:\/\/smartlighthub.eu\/de\/la-pollution-lumineuse-comment-sensibiliser-le-public-a-ce-sujet\/","title":{"rendered":"La pollution lumineuse : comment sensibiliser le public \u00e0 ce sujet ?"},"content":{"rendered":"<p style=\"text-align: justify;\"><strong>La pollution lumineuse est un rayonnement lumineux des \u00e9clairages artificiels qui, par sa direction, son intensit\u00e9 et\/ou sa qualit\u00e9, peut avoir un effet nuisible ou incommodant pour l\u2019Homme, le paysage et les \u00e9cosyst\u00e8mes. <\/strong><\/p>\n<p style=\"text-align: justify;\">En effet, elle peut avoir des effets n\u00e9gatifs sur la sant\u00e9 humaine, \u00e0 titre d&#8217;exemple une perturbation de la r\u00e9g\u00e9n\u00e9ration des photor\u00e9cepteurs r\u00e9tiniens, mais aussi une alt\u00e9ration du rythme circadien accompagn\u00e9e d\u2019une alt\u00e9ration du sommeil et de nombreux processus biologiques. Elle impacte \u00e9galement les \u00e9cosyst\u00e8mes et la bioc\u00e9nose (faune et flore) qui les compose. De fait, quelque 60% des invert\u00e9br\u00e9s et 30% des vert\u00e9br\u00e9s sont nocturnes. La pollution lumineuse et ses effets n\u00e9fastes concernent donc une large partie du vivant et elle engendre des perturbations dans le m\u00e9tabolisme photosynth\u00e9tique, des retards de croissance, une r\u00e9pulsion, un d\u00e9r\u00e8glement de la synth\u00e8se hormonale, etc.<\/p>\n<p style=\"text-align: justify;\">Une prise de conscience du public quant \u00e0 cette probl\u00e9matique s\u2019av\u00e8re par cons\u00e9quent n\u00e9cessaire. Quelle serait la meilleure m\u00e9thode \u00e0 adopter ? Le projet de cinq \u00e9tudiants du master en gestion de l&#8217;environnement de l\u2019Universit\u00e9 de Lorraine (campus Bridoux de Metz) a tent\u00e9 de r\u00e9pondre \u00e0 cette probl\u00e9matique. Ci-dessous une cartographie des acteurs concern\u00e9s par la pollution lumineuse dans l\u2019Eurom\u00e9tropole de Metz.<\/p>\n\n\n<div class=\"wp-block-file\"><a href=\"http:\/\/smartlighthub.eu\/wp-content\/uploads\/2022\/12\/Poster-Pollution-lumineuse.pdf\">Cartographie des acteurs messins<\/a><a href=\"http:\/\/smartlighthub.eu\/wp-content\/uploads\/2022\/12\/Poster-Pollution-lumineuse.pdf\" class=\"wp-block-file__button\" download>T\u00e9l\u00e9charger<\/a><\/div>\n","protected":false},"excerpt":{"rendered":"<p>La pollution lumineuse est un rayonnement lumineux des \u00e9clairages artificiels qui, par sa direction, son intensit\u00e9 et\/ou sa qualit\u00e9, peut avoir un effet nuisible ou incommodant pour l\u2019Homme, le paysage et les \u00e9cosyst\u00e8mes. En effet, elle peut avoir des effets n\u00e9gatifs sur la sant\u00e9 humaine, \u00e0 titre d&#8217;exemple une perturbation de la r\u00e9g\u00e9n\u00e9ration des photor\u00e9cepteurs &hellip; <a href=\"http:\/\/smartlighthub.eu\/de\/la-pollution-lumineuse-comment-sensibiliser-le-public-a-ce-sujet\/\" class=\"more-link\">Continue reading<span class=\"screen-reader-text\"> &#8220;La pollution lumineuse : comment sensibiliser le public \u00e0 ce sujet ?&#8221;<\/span><\/a><\/p>\n","protected":false},"author":12,"featured_media":0,"parent":0,"menu_order":0,"comment_status":"closed","ping_status":"closed","template":"","meta":[],"_links":{"self":[{"href":"http:\/\/smartlighthub.eu\/de\/wp-json\/wp\/v2\/pages\/3669"}],"collection":[{"href":"http:\/\/smartlighthub.eu\/de\/wp-json\/wp\/v2\/pages"}],"about":[{"href":"http:\/\/smartlighthub.eu\/de\/wp-json\/wp\/v2\/types\/page"}],"author":[{"embeddable":true,"href":"http:\/\/smartlighthub.eu\/de\/wp-json\/wp\/v2\/users\/12"}],"replies":[{"embeddable":true,"href":"http:\/\/smartlighthub.eu\/de\/wp-json\/wp\/v2\/comments?post=3669"}],"version-history":[{"count":2,"href":"http:\/\/smartlighthub.eu\/de\/wp-json\/wp\/v2\/pages\/3669\/revisions"}],"predecessor-version":[{"id":3674,"href":"http:\/\/smartlighthub.eu\/de\/wp-json\/wp\/v2\/pages\/3669\/revisions\/3674"}],"wp:attachment":[{"href":"http:\/\/smartlighthub.eu\/de\/wp-json\/wp\/v2\/media?parent=3669"}],"curies":[{"name":"wp","href":"https:\/\/api.w.org\/{rel}","templated":true}]}}