{"id":862,"date":"2020-03-03T10:15:45","date_gmt":"2020-03-03T09:15:45","guid":{"rendered":"http:\/\/smartlighthub.eu\/?page_id=862"},"modified":"2022-02-04T10:30:53","modified_gmt":"2022-02-04T09:30:53","slug":"kurzdarstellung-des-projekts","status":"publish","type":"page","link":"http:\/\/smartlighthub.eu\/de\/kurzdarstellung-des-projekts\/","title":{"rendered":"Kurzdarstellung des Projekts"},"content":{"rendered":"<p style=\"text-align: justify;\"><strong><em>INTERREG GR : St\u00e4rkung der Wettbewerbsf\u00e4higkeit und Attraktivit\u00e4t der Gro\u00dfregion <\/em><\/strong><\/p>\n<p style=\"text-align: justify;\"><a href=\"https:\/\/interreg.eu\/\">INTERREG<\/a>, das Programm f\u00fcr \u00ab&nbsp;territoriale Zusammenarbeit in Europa&nbsp;\u00bb ist Teil der europ\u00e4ischen Koh\u00e4sionspolitik. Letztere zielt darauf ab, den wirtschaftlichen, sozialen und territorialen Zusammenhalt zu st\u00e4rken, indem die Entwicklungsunterschiede zwischen den verschiedenen Gebieten der Europ\u00e4ischen Union verringert werden. Seit mehr als 25 Jahren bildet INTERREG, das aus dem \u00ab&nbsp;Europ\u00e4ischen Fonds f\u00fcr Regionale Entwicklung&nbsp;(EFRE) \u00bb finanziert wird, somit den Rahmen f\u00fcr transnationale, grenz\u00fcberschreitende und interregionale Kooperationen.<\/p>\n<p style=\"text-align: justify;\">Das Programm <a href=\"http:\/\/www.interreg-gr.eu\/fr\/homepage_fr\/\">INTERREG V A Gro<u>\u00dfregion<\/u><\/a> unterst\u00fctzt grenz\u00fcberschreitende Kooperationsprojekte zwischen Akteuren auf der lokalen und regionalen Ebene derjenigen Gebieten, die gemeinsam die Gro\u00dfregion bilden.<\/p>\n\n\n<figure class=\"wp-block-image size-large\"><img loading=\"lazy\" width=\"1024\" height=\"465\" src=\"http:\/\/smartlighthub.eu\/wp-content\/uploads\/2020\/02\/Logo-Interreg-Smart-Light-Hub-1024x465.png\" alt=\"\" class=\"wp-image-470\" srcset=\"http:\/\/smartlighthub.eu\/wp-content\/uploads\/2020\/02\/Logo-Interreg-Smart-Light-Hub-1024x465.png 1024w, http:\/\/smartlighthub.eu\/wp-content\/uploads\/2020\/02\/Logo-Interreg-Smart-Light-Hub-300x136.png 300w, http:\/\/smartlighthub.eu\/wp-content\/uploads\/2020\/02\/Logo-Interreg-Smart-Light-Hub-768x348.png 768w, http:\/\/smartlighthub.eu\/wp-content\/uploads\/2020\/02\/Logo-Interreg-Smart-Light-Hub-1536x697.png 1536w, http:\/\/smartlighthub.eu\/wp-content\/uploads\/2020\/02\/Logo-Interreg-Smart-Light-Hub-1200x544.png 1200w, http:\/\/smartlighthub.eu\/wp-content\/uploads\/2020\/02\/Logo-Interreg-Smart-Light-Hub.png 1920w\" sizes=\"(max-width: 709px) 85vw, (max-width: 909px) 67vw, (max-width: 1362px) 62vw, 840px\" \/><\/figure>\n\n\n<h6><strong><em>Gemeinsam angestellte \u00dcberlegungen zur Problemstellung der Lichtverschmutzung und deren Folgen f\u00fcr die biologische Vielfalt. <\/em><\/strong><\/h6>\n<p>Bei dem Projekt Smart Light Hub handelt es sich um ein Projekt im Rahmen von Interreg V A Gro\u00dfregion, das die Entstehung kollektiver <strong>L\u00f6sungen f\u00fcr noch nicht zufriedenstellend gedeckte Bedarfe an k\u00fcnstlicher Beleuchtung f\u00f6rdern m\u00f6chte<\/strong>.<\/p>\n<p>Es versucht ferner, die <strong>grenz\u00fcberschreitende Zusammenarbeit<\/strong> in der Gro\u00dfregion durch Synergieeffekte zwischen seinen Partnern zu f\u00f6rdern, um so einen <strong>neuheitlichen Ansatz im Bereich der Beleuchtungssysteme f\u00fcr \u00f6ffentliche und privat genutzte R\u00e4ume zu definieren, der \u00d6kosysteme sch\u00fctzt und gleichzeitig wirtschaftlich rentabel und kreativ sein soll. <\/strong><\/p>\n<p>Seine Forschungs- und Entwicklungabteilung hat sich das ehrgeizige Ziel gesetzt, konkrete und insbesondere solche L\u00f6sungen zu entwickeln, die dem Kampf gegen Lichtverschmutzung und Energieverluste dienen.<\/p>\n<p>Die Originalit\u00e4t dieser Initiative liegt in deren integriertem Ansatz f\u00fcr k\u00fcnstliche Beleuchtung, der gleichzeitig energetische Kriterien, als auch solche ber\u00fccksichtigt, die auf den Schutz der biologischen Vielfalt abzielen.<\/p>\n<h6><strong><em>Mehrere Partner verfolgen dieselbe Methodik <\/em><\/strong><\/h6>\n<p>Das Projekt Smart Light Hub f\u00fchrt 4 <strong>Projektpartner <\/strong>aus 3 Teilgebieten der Gro\u00dfregion zusammen: die <a href=\"https:\/\/www.uliege.be\/\">Universit\u00e4t L\u00fcttich <\/a> (ULi\u00e8ge), die <a href=\"https:\/\/www.uni-trier.de\/\">Universit\u00e4t Trier<\/a> (UTrier), den gemeinn\u00fctzigen Verein <a href=\"https:\/\/www.natagora.be\/\">Natagora <\/a>und das <a href=\"https:\/\/www.tnt-chiers-alzette.eu\/\">Territoire Naturel Transfrontalier<\/a> (TNT).<\/p>\n<p>Diese werden von <strong>strategischen Partnern<\/strong> unterst\u00fctzt, die ihnen logistischen, intellektuellen und relationnellen Beistand bieten \u2013 unter ihnen die <a href=\"https:\/\/alac.lu\/\">Agence Luxembourgeoise d\u2019Action Culturelle<\/a> (ALAC), <a href=\"https:\/\/www.bliiida.fr\/\">Bliiida<\/a> sowie der le <a href=\"http:\/\/www.naturpark-our.lu\/\">Parc Naturel de l\u2019Our<\/a>.<\/p>\n<p>All diese Partner verfolgen gemeinsam nachfolgende Ziele:<\/p>\n<ul>\n<li>Die Einrichtung eines <strong>grenz\u00fcberschreitenden Netzwerks (Hub)<\/strong>, das sich auf Lichtverschmutzung und deren Auswirkungen auf die biologische Vielfalt spezialisiert;<\/li>\n<li>Die Schaffung und Bereitstellung von exemplarischen und inspirierenden <strong>Prototypen<\/strong>;<\/li>\n<li>Die Ausarbeitung eines mobilen Arbeits- und Ausstellungsbereichs (<strong>Lab)<\/strong>, der aus umgestalteten Seecontainern besteht\u00a0;<\/li>\n<li>Die Schaffung einer <strong>nachhaltigen Einrichtung<\/strong>, bestehend aus freiwilligen Akteuren<\/li>\n<\/ul>\n<p>Die Zusammenarbeit zwischen diesen Partnern fu\u00dft auf einer gemeinsamen Methodik, bei der die F\u00e4higkeiten eines jeden von ihnen bestm\u00f6glich genutzt werden:<\/p>\n<ul>\n<li><strong>Natagora <\/strong>\u00fcbernimmt eine <strong>Feldstudie<\/strong>, die in mehreren Biotopen Tests mit unterschiedlichen Lampen vorsieht.<\/li>\n<li>Die <strong>Universit\u00e4t L\u00fcttich<\/strong> organisiert Senibilisierungs- und Co-Creationsequenzen (Hybridisierungsworkshops) des Typs \u00ab\u00a0Art-Science-Entreprenariat\u00a0\u00bb, die helfen sollen, sich die innovativen und inspirierenden Beleuchtungssysteme besser vorstellen zu k\u00f6nnen.<\/li>\n<li>Der <strong>TNT <\/strong>stellt seine Parks f\u00fcr <strong>Vorf\u00fchrungen<\/strong> und <strong>Sensibilisierungsma\u00dfnahmen<\/strong> bez\u00fcglich der Probleme und daf\u00fcr angedachte L\u00f6sungen zur Verf\u00fcgung;<\/li>\n<li>Und die <strong>Universit\u00e4t Trier<\/strong> schlie\u00dflich k\u00fcmmert sich um Sensibilisierung und die <strong>Verbreitung<\/strong> von Informationen in Richtung Wirtschaftakteure und Markt<\/li>\n<\/ul>\n<p>Das Projekt Smart Light Hub &#8211; dessen Laufzeit auf 36 Monate (2019-2021) wurde bis zum 31. Dezember 2022 verl\u00e4ngert &#8211;\u00a0 festgesetzt ist erh\u00e4lt F\u00f6rdermittel in H\u00f6he von 1.777.651,70 Euro.<\/p>","protected":false},"excerpt":{"rendered":"<p>INTERREG GR : St\u00e4rkung der Wettbewerbsf\u00e4higkeit und Attraktivit\u00e4t der Gro\u00dfregion INTERREG, das Programm f\u00fcr \u00ab&nbsp;territoriale Zusammenarbeit in Europa&nbsp;\u00bb ist Teil der europ\u00e4ischen Koh\u00e4sionspolitik. Letztere zielt darauf ab, den wirtschaftlichen, sozialen und territorialen Zusammenhalt zu st\u00e4rken, indem die Entwicklungsunterschiede zwischen den verschiedenen Gebieten der Europ\u00e4ischen Union verringert werden. Seit mehr als 25 Jahren bildet INTERREG, das &hellip; <a href=\"http:\/\/smartlighthub.eu\/de\/kurzdarstellung-des-projekts\/\" class=\"more-link\">Continue reading<span class=\"screen-reader-text\"> &#8220;Kurzdarstellung des Projekts&#8221;<\/span><\/a><\/p>\n","protected":false},"author":10,"featured_media":0,"parent":0,"menu_order":0,"comment_status":"closed","ping_status":"closed","template":"","meta":[],"_links":{"self":[{"href":"http:\/\/smartlighthub.eu\/de\/wp-json\/wp\/v2\/pages\/862"}],"collection":[{"href":"http:\/\/smartlighthub.eu\/de\/wp-json\/wp\/v2\/pages"}],"about":[{"href":"http:\/\/smartlighthub.eu\/de\/wp-json\/wp\/v2\/types\/page"}],"author":[{"embeddable":true,"href":"http:\/\/smartlighthub.eu\/de\/wp-json\/wp\/v2\/users\/10"}],"replies":[{"embeddable":true,"href":"http:\/\/smartlighthub.eu\/de\/wp-json\/wp\/v2\/comments?post=862"}],"version-history":[{"count":2,"href":"http:\/\/smartlighthub.eu\/de\/wp-json\/wp\/v2\/pages\/862\/revisions"}],"predecessor-version":[{"id":3263,"href":"http:\/\/smartlighthub.eu\/de\/wp-json\/wp\/v2\/pages\/862\/revisions\/3263"}],"wp:attachment":[{"href":"http:\/\/smartlighthub.eu\/de\/wp-json\/wp\/v2\/media?parent=862"}],"curies":[{"name":"wp","href":"https:\/\/api.w.org\/{rel}","templated":true}]}}