{"id":867,"date":"2020-03-03T11:46:13","date_gmt":"2020-03-03T10:46:13","guid":{"rendered":"http:\/\/smartlighthub.eu\/?page_id=867"},"modified":"2020-03-03T11:46:14","modified_gmt":"2020-03-03T10:46:14","slug":"strategische-partner","status":"publish","type":"page","link":"http:\/\/smartlighthub.eu\/de\/strategische-partner\/","title":{"rendered":"Strategische Partner"},"content":{"rendered":"\n<div class=\"wp-block-image\"><figure class=\"aligncenter size-large is-resized\"><img loading=\"lazy\" src=\"http:\/\/smartlighthub.eu\/wp-content\/uploads\/2020\/01\/logo-alac.png\" alt=\"\" class=\"wp-image-293\" width=\"289\" height=\"158\" srcset=\"http:\/\/smartlighthub.eu\/wp-content\/uploads\/2020\/01\/logo-alac.png 658w, http:\/\/smartlighthub.eu\/wp-content\/uploads\/2020\/01\/logo-alac-300x164.png 300w\" sizes=\"(max-width: 289px) 85vw, 289px\" \/><\/figure><\/div>\n\n\n<p style=\"text-align: center;\">Die \u2019Agence Luxembourgeoise d\u2019Action Cuturelle (ALAC)\u2019 ist ein gemeinn\u00fctziger Verein, der 1996 im Zuge der Aktion \u00ab\u00a0Luxemburg \u2013 europ\u00e4ische Kulturhauptsstadt\u00a01995\u00bb gegr\u00fcndet wurde und die \u00fcberaus erfolgreiche Kooperation zwischen dem Kulturministerium und der Stadt Luxemburg im Kulturbereich verstetigen sollte.<\/p>\n<p style=\"text-align: center;\">Da die ALAC dank ihrer vielf\u00e4ltigen Aktivit\u00e4ten eng mit dem luxemburgischen Kulturleben verzahnt ist, wurde sie im Laufe der Jahre zu einem Bindeglied zwischen Beh\u00f6rden und Kulturschaffenden und sogar zwischen verschiedenen Ministerien und Gebietsk\u00f6rperschaften \u2013 darunter auch die Gro\u00dfregion.<\/p>\n\n\n<div class=\"wp-block-image\"><figure class=\"aligncenter size-large is-resized\"><img loading=\"lazy\" src=\"http:\/\/smartlighthub.eu\/wp-content\/uploads\/2020\/02\/Blida.jpg\" alt=\"\" class=\"wp-image-464\" width=\"215\" height=\"215\" srcset=\"http:\/\/smartlighthub.eu\/wp-content\/uploads\/2020\/02\/Blida.jpg 900w, http:\/\/smartlighthub.eu\/wp-content\/uploads\/2020\/02\/Blida-300x300.jpg 300w, http:\/\/smartlighthub.eu\/wp-content\/uploads\/2020\/02\/Blida-150x150.jpg 150w, http:\/\/smartlighthub.eu\/wp-content\/uploads\/2020\/02\/Blida-768x768.jpg 768w\" sizes=\"(max-width: 215px) 85vw, 215px\" \/><\/figure><\/div>\n\n\n<p style=\"text-align: center;\">Bliiida (oder ehemals\u00a0: \u2018TCRM-BLIDA\u2019) ist ein ganz besonderer Ort der Inspiration, Innovation und kollektiven Intelligenz der Stadt Metz (FR).<\/p>\n<p style=\"text-align: center;\">Es handelt sich dabei um ein ehemaliges Busdepot bzw. Schlachth\u00f6fe auf einem Gel\u00e4nde von 25.000 m\u00b2 Fl\u00e4che, die zu einer Kunst- und Testfeldst\u00e4tte umgewidmet wurden. Mehr als hundert K\u00fcnstler, Handwerker, Unternehmer, Vereine und Medienexperten begegnen sich dort mit derselben Absicht: gemeinsam Werke und Produkte zu schaffen oder innovative Dienstleistungen anzubieten, die allesamt das gemeinsame Label <strong><em>#madeinbliiida<\/em><\/strong> tragen.<\/p>\n<p style=\"text-align: center;\">Nachdem im Jahre 2015 zun\u00e4chst ein \u2018Co-Working-Space\u2019 geschaffen worden war, begannen 2018 gro\u00dfe Sanierungsarbeiten auf dem Gel\u00e4nde mit dem Ziel, sich einem breiteren Publikum zu \u00f6ffnen und sich bis 2020 zu einem gr\u00f6\u00dferen, wirtschaftlichen und kulturellen Anziehungspunkt der Stadt Metz (<em>M\u00e9tropole art and tech<\/em>) und der Region Grand Est zu entwickeln.<\/p>\n\n\n<div class=\"wp-block-image\"><figure class=\"aligncenter size-large is-resized\"><img loading=\"lazy\" src=\"http:\/\/smartlighthub.eu\/wp-content\/uploads\/2020\/02\/Natur-Park-Our.jpg\" alt=\"\" class=\"wp-image-456\" width=\"245\" height=\"245\" srcset=\"http:\/\/smartlighthub.eu\/wp-content\/uploads\/2020\/02\/Natur-Park-Our.jpg 700w, http:\/\/smartlighthub.eu\/wp-content\/uploads\/2020\/02\/Natur-Park-Our-300x300.jpg 300w, http:\/\/smartlighthub.eu\/wp-content\/uploads\/2020\/02\/Natur-Park-Our-150x150.jpg 150w\" sizes=\"(max-width: 245px) 85vw, 245px\" \/><\/figure><\/div>\n\n\n<p style=\"text-align: center;\">Der \u2018Parc Naturel de l\u2019Our\u2019 [Naturpark Our] wurde im Jahre 2005 offiziell gegr\u00fcndet und befindet sich im Nordosten Luxemburgs, an einer gemeinsamen Grenze mit Deutschland und Belgien. In ihm bilden acht Gemeinden mit 21.000 Einwohnern und einer Gesamtfl\u00e4che von 420 km<sup>2<\/sup> eine Plattform f\u00fcr die nachhaltige Entwicklung der Region.<\/p>\n<p style=\"text-align: center;\">Weitere Ziele betreffen die Wirtschaftsentwicklung im Einklang mit den Naturreicht\u00fcmern der Region und die Lebensqualit\u00e4t ihrer Bewohner.<\/p>\n<p style=\"text-align: center;\">In dieser l\u00e4ndlich gepr\u00e4gten Region spielte seit jeher die Landwirtschaft eine bedeutsame Rolle. Es gibt dort daher zahlreiche Initiativen, die auf eine Verbesserung landwirtschaftlicher Eink\u00fcnfte und Diversifizierung landwitschaftlicher Produkte abzielen.<\/p>","protected":false},"excerpt":{"rendered":"<p>Die \u2019Agence Luxembourgeoise d\u2019Action Cuturelle (ALAC)\u2019 ist ein gemeinn\u00fctziger Verein, der 1996 im Zuge der Aktion \u00ab\u00a0Luxemburg \u2013 europ\u00e4ische Kulturhauptsstadt\u00a01995\u00bb gegr\u00fcndet wurde und die \u00fcberaus erfolgreiche Kooperation zwischen dem Kulturministerium und der Stadt Luxemburg im Kulturbereich verstetigen sollte. Da die ALAC dank ihrer vielf\u00e4ltigen Aktivit\u00e4ten eng mit dem luxemburgischen Kulturleben verzahnt ist, wurde sie im &hellip; <a href=\"http:\/\/smartlighthub.eu\/de\/strategische-partner\/\" class=\"more-link\">Continue reading<span class=\"screen-reader-text\"> &#8220;Strategische Partner&#8221;<\/span><\/a><\/p>\n","protected":false},"author":10,"featured_media":0,"parent":0,"menu_order":0,"comment_status":"closed","ping_status":"closed","template":"","meta":[],"_links":{"self":[{"href":"http:\/\/smartlighthub.eu\/de\/wp-json\/wp\/v2\/pages\/867"}],"collection":[{"href":"http:\/\/smartlighthub.eu\/de\/wp-json\/wp\/v2\/pages"}],"about":[{"href":"http:\/\/smartlighthub.eu\/de\/wp-json\/wp\/v2\/types\/page"}],"author":[{"embeddable":true,"href":"http:\/\/smartlighthub.eu\/de\/wp-json\/wp\/v2\/users\/10"}],"replies":[{"embeddable":true,"href":"http:\/\/smartlighthub.eu\/de\/wp-json\/wp\/v2\/comments?post=867"}],"version-history":[{"count":1,"href":"http:\/\/smartlighthub.eu\/de\/wp-json\/wp\/v2\/pages\/867\/revisions"}],"predecessor-version":[{"id":868,"href":"http:\/\/smartlighthub.eu\/de\/wp-json\/wp\/v2\/pages\/867\/revisions\/868"}],"wp:attachment":[{"href":"http:\/\/smartlighthub.eu\/de\/wp-json\/wp\/v2\/media?parent=867"}],"curies":[{"name":"wp","href":"https:\/\/api.w.org\/{rel}","templated":true}]}}