{"id":872,"date":"2020-03-03T12:07:37","date_gmt":"2020-03-03T11:07:37","guid":{"rendered":"http:\/\/smartlighthub.eu\/?page_id=872"},"modified":"2020-03-03T12:56:54","modified_gmt":"2020-03-03T11:56:54","slug":"bewusstseinsbildung-und-kollektive-intelligenz-schwarmintelligenz","status":"publish","type":"page","link":"http:\/\/smartlighthub.eu\/de\/bewusstseinsbildung-und-kollektive-intelligenz-schwarmintelligenz\/","title":{"rendered":"Bewusstseinsbildung und kollektive intelligenz \/ Schwarmintelligenz"},"content":{"rendered":"<p style=\"text-align: justify;\">Die zahlreichen, mit der Lichtverschmutzung einhergehenden Herausforderungen im Allgemeinen sowie deren Folgen f\u00fcr die Natur und die menschliche Gesundheit im Besonderen sind bei der Bev\u00f6lkerung und den \u00f6ffentlichen Beh\u00f6rden nicht wirklich bekannt. Viele denken bei \u2018Lichtverschmutzung\u2019 an eine exzessive Nutzung von Beleuchtungsmitteln (also an den Energieverbrauch) und dabei haupts\u00e4chlich an \u00f6ffentliche Beleuchtung. Um diese Nuancen der \u00d6ffentlichkeit verst\u00e4ndlich zu machen und sie daf\u00fcr zu <strong>sensibilisieren<\/strong>, dass gehandelt werden muss, wird das Smart Light Hub s\u00e4mtliche Inhalte und Forschungsergebnisse an eine breite \u00d6ffentlichkeit, sowie Unternehmen, \u00f6ffentliche Mandatstr\u00e4ger und Sonderforschungszentren herantragen. Dazu werden die Projektpartner Methoden der kollektiven Intelligenz \/ Schwarmintelligenz anwenden.<\/p>\n<h5 style=\"text-align: justify;\"><strong><em>\u00ab&nbsp;Allein kommt man zwar schneller voran, gemeinsam jedoch weiter&nbsp;\u00bb<\/em><\/strong><\/h5>\n<p style=\"text-align: justify;\">Dieses afrikanische Sprichwort beinhaltet den eigentlichen Kernpunkt der kollektiven Intelligenz \/ Schwarmintelligenz, n\u00e4mlich dadurch mehr zu erreichen, dass man seine F\u00e4higkeiten und sein Wissen mit anderen teilt! Die Schwarmintelligenz, die in der Tierwelt weit verbreitet ist (wie z.B. bei den Ameisen, W\u00f6lfen oder auch Fischen) zeichnet sich dadurch aus, dass <strong>Kompetenzen, Kenntnisse und die F\u00e4higkeit, Probleme zu \u00fcberdenken und zu l\u00f6sen in den Dienst eines gemeinsamen Ziels gestellt werden.<\/strong><\/p>\n<p style=\"text-align: justify;\"><img loading=\"lazy\" width=\"235\" height=\"353\" class=\"alignleft wp-image-530\" alt=\"\" src=\"http:\/\/smartlighthub.eu\/wp-content\/uploads\/2020\/02\/you-x-ventures-m2TU2gfqSeE-unsplash-1.jpg\"><\/p>\n<p style=\"text-align: justify;\">Diese \u00dcbung der Nutzungbarmachung von Wissen verleiht der Gruppe die Macht, noch weiter voranzukommen, ihre Kreativit\u00e4t zu erh\u00f6hen, innovativer zu sein und \/ oder L\u00f6sungen f\u00fcr mehr oder weniger komplexe Probleme zu finden, indem Kompetenzen, Kenntnisse und F\u00e4higkeiten eines jeden in den Dienst der Allgemeinheit gestellt werden.<\/p>\n<p style=\"text-align: justify;\">Die Universit\u00e4t L\u00fcttich (ULi\u00e8ge), die f\u00fcr diese Sequenzen der Bewusstseinsbildung und Schwarmintelligenz verantwortlich zeichnet, wird schon 2020 Workshops zu den Themen Hybridisierung und Co-Creation organisieren. Letztere werden haupts\u00e4chlich an einem eigens daf\u00fcr geschaffenen Ort, dem <strong>Smart Light Lab, <\/strong>stattfinden und sollen der Erforschung von Beleuchtungssystemen dienen, die den in der Natagora-Studie formulierten Kriterien entsprechen.<\/p>\n<h3 style=\"text-align: justify;\"><strong><em>Sensibilisieren und \u00fcberzeugen<\/em><\/strong><\/h3>\n<p style=\"text-align: justify;\">Der Notstand in punkto Klima und Biodiversit\u00e4t und die Dringlichkeit, bis 2030 die Ziele einer nachhaltigen Entwicklung zu erreichen \u2013 alle Alarmrufe in diesen Bereichen erinnern uns unaufh\u00f6rlich daran, dass wir eine <strong>nie dagewesene Umweltkrise durchlaufen<\/strong>. Gl\u00fccklicherweise gibt es jedoch zahlreiche L\u00f6sungen, von denen uns einige schon zur Verf\u00fcgung stehen, w\u00e4hrend andere erst noch gefunden werden m\u00fcssen.<\/p>\n<p style=\"text-align: justify;\">Um aktiv werden zu k\u00f6nnen, m\u00fcssen insbesondere B\u00fcrger, Politik oder Industrievertreter sowohl \u00fcber die Problematik der Lichtverschmutzung informiert und daf\u00fcr sensibilisiert werden, als auch etwas \u00fcber die L\u00f6sungen erfahren, mit deren Hilfe diese einged\u00e4mmt werden kann.<\/p>\n\n\n<figure class=\"wp-block-image size-large\"><img loading=\"lazy\" width=\"1024\" height=\"448\" src=\"http:\/\/smartlighthub.eu\/wp-content\/uploads\/2020\/02\/hang-niu-UWwQ8av4DQY-unsplash1-3-1024x448.jpg\" alt=\"\" class=\"wp-image-588\" srcset=\"http:\/\/smartlighthub.eu\/wp-content\/uploads\/2020\/02\/hang-niu-UWwQ8av4DQY-unsplash1-3-1024x448.jpg 1024w, http:\/\/smartlighthub.eu\/wp-content\/uploads\/2020\/02\/hang-niu-UWwQ8av4DQY-unsplash1-3-300x131.jpg 300w, http:\/\/smartlighthub.eu\/wp-content\/uploads\/2020\/02\/hang-niu-UWwQ8av4DQY-unsplash1-3-768x336.jpg 768w, http:\/\/smartlighthub.eu\/wp-content\/uploads\/2020\/02\/hang-niu-UWwQ8av4DQY-unsplash1-3-1536x673.jpg 1536w, http:\/\/smartlighthub.eu\/wp-content\/uploads\/2020\/02\/hang-niu-UWwQ8av4DQY-unsplash1-3-2048x897.jpg 2048w, http:\/\/smartlighthub.eu\/wp-content\/uploads\/2020\/02\/hang-niu-UWwQ8av4DQY-unsplash1-3-1200x525.jpg 1200w\" sizes=\"(max-width: 709px) 85vw, (max-width: 909px) 67vw, (max-width: 1362px) 62vw, 840px\" \/><\/figure>\n\n\n<p style=\"text-align: justify;\">Zu diesem Zwecke werden <strong>Workshops<\/strong>, <strong>Fachschulungen<\/strong> oder auch <strong>Ausstellungen<\/strong> organisiert, die dazu dienen sollen, geeignete <strong>Tools<\/strong> zu schaffen, zu organisieren und bekannt zu machen (, die bei Hybridisierungsworkshops und Co-Creation-Sessions vorgestellt werden), <strong>herausragende Beispiele<\/strong> aufzuzeigen oder aber auf <strong>Ressourcen <\/strong>hinzuweisen, mit deren Hilfe sich gew\u00e4hlte Vertreter, Techniker, Architekten, St\u00e4dteplaner, Raumplaner und sonstige Zielgruppen hinreichend informieren k\u00f6nnen. Diese Sensibilisierung und Einbeziehung m\u00f6glichst vieler Menschen zugunsten der Eind\u00e4mmung der Lichtverschmutzung und Bewahrung der biologischen Vielfalt und &#8211; im weitesten Sinne \u2013 des Umweltschutzes sind Schl\u00fcsselelemente im Projekt Smart Light Hub.<\/p>","protected":false},"excerpt":{"rendered":"<p>Die zahlreichen, mit der Lichtverschmutzung einhergehenden Herausforderungen im Allgemeinen sowie deren Folgen f\u00fcr die Natur und die menschliche Gesundheit im Besonderen sind bei der Bev\u00f6lkerung und den \u00f6ffentlichen Beh\u00f6rden nicht wirklich bekannt. Viele denken bei \u2018Lichtverschmutzung\u2019 an eine exzessive Nutzung von Beleuchtungsmitteln (also an den Energieverbrauch) und dabei haupts\u00e4chlich an \u00f6ffentliche Beleuchtung. Um diese Nuancen &hellip; <a href=\"http:\/\/smartlighthub.eu\/de\/bewusstseinsbildung-und-kollektive-intelligenz-schwarmintelligenz\/\" class=\"more-link\">Continue reading<span class=\"screen-reader-text\"> &#8220;Bewusstseinsbildung und kollektive intelligenz \/ Schwarmintelligenz&#8221;<\/span><\/a><\/p>\n","protected":false},"author":10,"featured_media":0,"parent":0,"menu_order":0,"comment_status":"closed","ping_status":"closed","template":"","meta":[],"_links":{"self":[{"href":"http:\/\/smartlighthub.eu\/de\/wp-json\/wp\/v2\/pages\/872"}],"collection":[{"href":"http:\/\/smartlighthub.eu\/de\/wp-json\/wp\/v2\/pages"}],"about":[{"href":"http:\/\/smartlighthub.eu\/de\/wp-json\/wp\/v2\/types\/page"}],"author":[{"embeddable":true,"href":"http:\/\/smartlighthub.eu\/de\/wp-json\/wp\/v2\/users\/10"}],"replies":[{"embeddable":true,"href":"http:\/\/smartlighthub.eu\/de\/wp-json\/wp\/v2\/comments?post=872"}],"version-history":[{"count":3,"href":"http:\/\/smartlighthub.eu\/de\/wp-json\/wp\/v2\/pages\/872\/revisions"}],"predecessor-version":[{"id":883,"href":"http:\/\/smartlighthub.eu\/de\/wp-json\/wp\/v2\/pages\/872\/revisions\/883"}],"wp:attachment":[{"href":"http:\/\/smartlighthub.eu\/de\/wp-json\/wp\/v2\/media?parent=872"}],"curies":[{"name":"wp","href":"https:\/\/api.w.org\/{rel}","templated":true}]}}