{"id":875,"date":"2020-03-03T12:21:54","date_gmt":"2020-03-03T11:21:54","guid":{"rendered":"http:\/\/smartlighthub.eu\/?page_id=875"},"modified":"2020-03-03T12:58:41","modified_gmt":"2020-03-03T11:58:41","slug":"workshops-zu-hybridisierung-und-co-creation","status":"publish","type":"page","link":"http:\/\/smartlighthub.eu\/de\/workshops-zu-hybridisierung-und-co-creation\/","title":{"rendered":"Workshops zu hybridisierung und co-creation"},"content":{"rendered":"<p style=\"text-align: justify;\"><strong><em>Aufbauend auf den Ergebnissen der von Natagora durchgef\u00fchrten Feldstudie wird die Universit\u00e4t L\u00fcttich eine Phase kollektiver Testl\u00e4ufe leiten und dazu Workshops f\u00fcr Hybridisierung und Co-Creation veranstalten. Diese zeitgem\u00e4\u00dfen Workshops werden kreative und innovative L\u00f6sungen f\u00fcr die Herausforderungen hervorbringen, mit denen wir konfrontiert sind, und stellen daher eine echte Chance f\u00fcr das Projekt Smart Light Hub dar!<\/em><\/strong><\/p>\n<p style=\"text-align: justify;\">Die Universit\u00e4t L\u00fcttich, die f\u00fcr die Operationalisierung der Phasen der Bewusstseinsbildung und Schwarmintelligenz verantwortlich zeichnet, wird schon 2020 Workshops zu den Themen Hybridisierung und Co-Creation organisieren. Diese Workshops hei\u00dfen \u00ab&nbsp;<strong>Hybridisierungsworkshops<\/strong>&nbsp;\u00bb, da sie unterschiedlichem Publikum und End-Usern (von Studierenden, Wissenschaftlern, Kreativkr\u00e4ften, bis hin zu Vertretern des \u00f6ffentlichen Diensts und der Industrie,\u2026) die M\u00f6glichkeit bieten, sich f\u00e4cher\u00fcbergreifend zusammenzufinden. Dar\u00fcber hinaus dienen sie auch der \u00ab&nbsp;<strong>Co-Creation&nbsp;<\/strong>\u00bb, denn zielen darauf ab, die vielf\u00e4ltigen, an ihnen teilnehmenden Akteure dazu anzuregen, gemeinsam L\u00f6sungen f\u00fcr eine gegebene, mehr oder weniger komplexe Problemstellung zu erarbeiten.<\/p>\n\n\n<figure class=\"wp-block-image size-large\"><img loading=\"lazy\" width=\"1024\" height=\"663\" src=\"http:\/\/smartlighthub.eu\/wp-content\/uploads\/2020\/02\/9277024879_571d0a5379_b.jpg\" alt=\"\" class=\"wp-image-518\" srcset=\"http:\/\/smartlighthub.eu\/wp-content\/uploads\/2020\/02\/9277024879_571d0a5379_b.jpg 1024w, http:\/\/smartlighthub.eu\/wp-content\/uploads\/2020\/02\/9277024879_571d0a5379_b-300x194.jpg 300w, http:\/\/smartlighthub.eu\/wp-content\/uploads\/2020\/02\/9277024879_571d0a5379_b-768x497.jpg 768w\" sizes=\"(max-width: 709px) 85vw, (max-width: 909px) 67vw, (max-width: 1362px) 62vw, 840px\" \/><\/figure>\n\n\n<p style=\"text-align: justify;\">Im Rahmen des Projekts Smart Light Hub sollen diese Workshops als <strong>\u00ab&nbsp;Art-Science-Entreprenariat-Treffen&nbsp;\u00bb dienen und auf Basis der Empfehlungen aus der <\/strong>\u201aStudie zur Einwirkungs- und Folgenabsch\u00e4tzung\u2018<strong> von Natagora zur Entwicklung innovativer und inspirierender Beleuchtungssysteme f\u00fchren.<\/strong><\/p>\n<p style=\"text-align: justify;\">Nach dem Muster des \u2018<em><strong>Design Thinking\u2019,<\/strong><\/em> des \u2018<em>Processus de R\u00e9solution Cr\u00e9atif de Probl\u00e8mes\u2019<\/em> [Prozess der Kreativen Probleml\u00f6sung] und des \u2018<em>Lean Startup\u2019 <\/em>ist der Hybridisierungs- und Co-Creation-Workshop somit eine Arbeitsphase, die auf der \u00dcberzeugung fu\u00dft, dass die Pr\u00e4senz von Nutzern in sch\u00f6pferischen Prozessen von ma\u00dfgeblicher Bedeutung ist. Denn nur so k\u00f6nnen diese n\u00e4mlich darlegen, was f\u00fcr sie wichtig ist. Diese Teilnehmervielfalt erm\u00f6glich somit auch einen <strong>Wettbewerb zwischen Kenntnissen und Wissen und f\u00f6rdert den Austausch<\/strong>.<\/p>\n<p><img loading=\"lazy\" width=\"365\" height=\"243\" class=\"alignleft  wp-image-510\" alt=\"\" src=\"http:\/\/smartlighthub.eu\/wp-content\/uploads\/2020\/02\/students-working-on-project.jpg\"><\/p>\n<p style=\"text-align: justify;\">Der Workshop, der sowohl mehrere Stunden dauern, als sich auch \u00fcber mehrere Tage hinziehen kann, wird durch einen <strong>Moderator<\/strong> geleitet, der herzliche, dynamische und konstruktive Rahmenbedingungen daf\u00fcr schaffen soll. Im Kern soll es bei dieser Herangehensweise darum gehen, die Kreativit\u00e4t eines Teams zu f\u00f6rdern, damit eine L\u00f6sung erarbeitet wird, die den echten Bed\u00fcrfnissen bestimmter Nutzer gerecht wird.<\/p>","protected":false},"excerpt":{"rendered":"<p>Aufbauend auf den Ergebnissen der von Natagora durchgef\u00fchrten Feldstudie wird die Universit\u00e4t L\u00fcttich eine Phase kollektiver Testl\u00e4ufe leiten und dazu Workshops f\u00fcr Hybridisierung und Co-Creation veranstalten. Diese zeitgem\u00e4\u00dfen Workshops werden kreative und innovative L\u00f6sungen f\u00fcr die Herausforderungen hervorbringen, mit denen wir konfrontiert sind, und stellen daher eine echte Chance f\u00fcr das Projekt Smart Light Hub &hellip; <a href=\"http:\/\/smartlighthub.eu\/de\/workshops-zu-hybridisierung-und-co-creation\/\" class=\"more-link\">Continue reading<span class=\"screen-reader-text\"> &#8220;Workshops zu hybridisierung und co-creation&#8221;<\/span><\/a><\/p>\n","protected":false},"author":10,"featured_media":0,"parent":0,"menu_order":0,"comment_status":"closed","ping_status":"closed","template":"","meta":[],"_links":{"self":[{"href":"http:\/\/smartlighthub.eu\/de\/wp-json\/wp\/v2\/pages\/875"}],"collection":[{"href":"http:\/\/smartlighthub.eu\/de\/wp-json\/wp\/v2\/pages"}],"about":[{"href":"http:\/\/smartlighthub.eu\/de\/wp-json\/wp\/v2\/types\/page"}],"author":[{"embeddable":true,"href":"http:\/\/smartlighthub.eu\/de\/wp-json\/wp\/v2\/users\/10"}],"replies":[{"embeddable":true,"href":"http:\/\/smartlighthub.eu\/de\/wp-json\/wp\/v2\/comments?post=875"}],"version-history":[{"count":2,"href":"http:\/\/smartlighthub.eu\/de\/wp-json\/wp\/v2\/pages\/875\/revisions"}],"predecessor-version":[{"id":884,"href":"http:\/\/smartlighthub.eu\/de\/wp-json\/wp\/v2\/pages\/875\/revisions\/884"}],"wp:attachment":[{"href":"http:\/\/smartlighthub.eu\/de\/wp-json\/wp\/v2\/media?parent=875"}],"curies":[{"name":"wp","href":"https:\/\/api.w.org\/{rel}","templated":true}]}}