{"id":877,"date":"2020-03-03T12:32:01","date_gmt":"2020-03-03T11:32:01","guid":{"rendered":"http:\/\/smartlighthub.eu\/?page_id=877"},"modified":"2021-12-13T10:32:59","modified_gmt":"2021-12-13T09:32:59","slug":"smart-light-lab","status":"publish","type":"page","link":"http:\/\/smartlighthub.eu\/de\/smart-light-lab\/","title":{"rendered":"Smart Light-Lab"},"content":{"rendered":"<p style=\"text-align: justify;\"><strong><em>Im Rahmen des Sensibilisierungsprozesses beabsichtigt die Universit\u00e4t L\u00fcttich (ULi\u00e8ge), einen Bereich mit umgestalteten Seecontainern bereitszustellen, in dem die Problematik der Lichtverschmutzung beleuchtet werden soll: das Smart Light Lab. <\/em><\/strong><strong><em>Ein besonderes Augenmerk verdient dabei die Tatsache, dass es sich um ein modulares und r\u00e4umlich verlagerbares System handelt, das seinesgleichen sucht!<\/em><\/strong><\/p>\n<p style=\"text-align: justify;\">Nach dem Muster der Gef\u00fcge aus recycelten Containern, wie sie der ber\u00fchmte franz\u00f6sische Architekt <strong>Rudy Ricciotti<\/strong> gezeichnet hat, verfolgt das Smart Light Lab ein zweifaches Ziel: es soll gleichzeitig einen <strong>Arbeitsraum<\/strong> bieten \u2013 , der die Hybridisierungs- und Co-Creation-Workshops beherbergt \u2013 und als <strong>Sensibilisierungsort<\/strong> dienen. Es handelt sich also um einen Treffpunkt, der f\u00fcr das Antesten von Ideen, Zusammenk\u00fcnfte, Wissensaustausch, Auststellungen, die Organisation von Konferenzen, etc, zur Verf\u00fcgung steht und Synergien zwischen unterschiedlichem Publikum erm\u00f6glicht.<\/p>\n\n\n<figure class=\"wp-block-image size-large\"><img loading=\"lazy\" width=\"1024\" height=\"538\" src=\"http:\/\/smartlighthub.eu\/wp-content\/uploads\/2021\/12\/3D-Face-1024x538.jpg\" alt=\"\" class=\"wp-image-3210\" srcset=\"http:\/\/smartlighthub.eu\/wp-content\/uploads\/2021\/12\/3D-Face-1024x538.jpg 1024w, http:\/\/smartlighthub.eu\/wp-content\/uploads\/2021\/12\/3D-Face-300x157.jpg 300w, http:\/\/smartlighthub.eu\/wp-content\/uploads\/2021\/12\/3D-Face-768x403.jpg 768w, http:\/\/smartlighthub.eu\/wp-content\/uploads\/2021\/12\/3D-Face-1200x630.jpg 1200w, http:\/\/smartlighthub.eu\/wp-content\/uploads\/2021\/12\/3D-Face.jpg 1263w\" sizes=\"(max-width: 709px) 85vw, (max-width: 909px) 67vw, (max-width: 1362px) 62vw, 840px\" \/><figcaption>Smart Light Lab des Projekts Smart Light HUB<\/figcaption><\/figure>\n\n\n<p style=\"text-align: justify;\">Sobald die Einrichtung und Inbetriebnahme des Smart Light Lab erfolgt ist, wird es seinen Verbreitungsprozess und seine Reise als Wanderzentrum f\u00fcr Technologietransfer durch die Gro\u00dfregion starten. In der Folge wird es als Stationen die St\u00e4dte Metz (FR), Differdange (LUX) und Trier (DE) durchlaufen und seine Wanderung in Herstal (BE) beenden.<\/p>\n<p style=\"text-align: justify;\">Das Smart Light Lab wurde daf\u00fcr konzipiert, die Zielgruppen des Projekts zu erreichen &#8211; darunter Fachpersonal, Unternehmen und Auftraggeber der \u00f6ffentlichen Hand &#8211; und besitzt ein in der Gro\u00dfregion einzigartiges Konzept. Es stellt ein echtes <b>Tool<\/b> dar, mit dessen Hilfe die Projektpartner sehr breit angelegt mit einer H\u00f6chstzahl an Zielpersonen kommunizieren k\u00f6nnen.<\/p>","protected":false},"excerpt":{"rendered":"<p>Im Rahmen des Sensibilisierungsprozesses beabsichtigt die Universit\u00e4t L\u00fcttich (ULi\u00e8ge), einen Bereich mit umgestalteten Seecontainern bereitszustellen, in dem die Problematik der Lichtverschmutzung beleuchtet werden soll: das Smart Light Lab. Ein besonderes Augenmerk verdient dabei die Tatsache, dass es sich um ein modulares und r\u00e4umlich verlagerbares System handelt, das seinesgleichen sucht! Nach dem Muster der Gef\u00fcge aus &hellip; <a href=\"http:\/\/smartlighthub.eu\/de\/smart-light-lab\/\" class=\"more-link\">Continue reading<span class=\"screen-reader-text\"> &#8220;Smart Light-Lab&#8221;<\/span><\/a><\/p>\n","protected":false},"author":10,"featured_media":0,"parent":0,"menu_order":0,"comment_status":"closed","ping_status":"closed","template":"","meta":[],"_links":{"self":[{"href":"http:\/\/smartlighthub.eu\/de\/wp-json\/wp\/v2\/pages\/877"}],"collection":[{"href":"http:\/\/smartlighthub.eu\/de\/wp-json\/wp\/v2\/pages"}],"about":[{"href":"http:\/\/smartlighthub.eu\/de\/wp-json\/wp\/v2\/types\/page"}],"author":[{"embeddable":true,"href":"http:\/\/smartlighthub.eu\/de\/wp-json\/wp\/v2\/users\/10"}],"replies":[{"embeddable":true,"href":"http:\/\/smartlighthub.eu\/de\/wp-json\/wp\/v2\/comments?post=877"}],"version-history":[{"count":2,"href":"http:\/\/smartlighthub.eu\/de\/wp-json\/wp\/v2\/pages\/877\/revisions"}],"predecessor-version":[{"id":3214,"href":"http:\/\/smartlighthub.eu\/de\/wp-json\/wp\/v2\/pages\/877\/revisions\/3214"}],"wp:attachment":[{"href":"http:\/\/smartlighthub.eu\/de\/wp-json\/wp\/v2\/media?parent=877"}],"curies":[{"name":"wp","href":"https:\/\/api.w.org\/{rel}","templated":true}]}}