{"id":879,"date":"2020-02-03T12:34:36","date_gmt":"2020-02-03T11:34:36","guid":{"rendered":"http:\/\/smartlighthub.eu\/?page_id=879"},"modified":"2020-03-03T13:21:16","modified_gmt":"2020-03-03T12:21:16","slug":"demonstratoren","status":"publish","type":"page","link":"http:\/\/smartlighthub.eu\/de\/demonstratoren\/","title":{"rendered":"Demonstratoren"},"content":{"rendered":"<p style=\"text-align: justify;\"><strong><em>Das \u2018Territoire Naturel Transfrontalier de la Chiers et de l\u2019Alzette asbl (TNT)\u2019 stellt dem Projekt ein Testfeld f\u00fcr die Erprobung intelligenter und innovativer Beleuchtungsl\u00f6sungen zur Verf\u00fcgung. Letztere sind anwendbar in Bereichen unterschiedlichen Typs (im l\u00e4ndlichen Raum, im Vorstadt- und Stadtgebiet) und umfassen ein begrenztes Gebiet, das sich \u00fcber zwei Teilgebiete der Gro\u00dfregion (FR-LUX) erstreckt. <\/em><\/strong><\/p>\n<p style=\"text-align: justify;\">Auf Basis der Forschungsfortschritte seitens der Universit\u00e4ten L\u00fcttich und Trier und unter Ber\u00fccksichtigung der Feldstudien und bei unterschiedlichen Workshops und Podiumsdiskussionen ermittelten Bedarfe von Nutzern wird der TNT Prototypen von Demonstratoren f\u00fcr Beleuchtungssysteme herstellen.<\/p>\n\n\n<figure class=\"wp-block-image size-large\"><img loading=\"lazy\" width=\"1024\" height=\"598\" src=\"http:\/\/smartlighthub.eu\/wp-content\/uploads\/2020\/02\/road-1072823_1920-1024x598.jpg\" alt=\"\" class=\"wp-image-813\" srcset=\"http:\/\/smartlighthub.eu\/wp-content\/uploads\/2020\/02\/road-1072823_1920-1024x598.jpg 1024w, http:\/\/smartlighthub.eu\/wp-content\/uploads\/2020\/02\/road-1072823_1920-300x175.jpg 300w, http:\/\/smartlighthub.eu\/wp-content\/uploads\/2020\/02\/road-1072823_1920-768x448.jpg 768w, http:\/\/smartlighthub.eu\/wp-content\/uploads\/2020\/02\/road-1072823_1920-1536x897.jpg 1536w, http:\/\/smartlighthub.eu\/wp-content\/uploads\/2020\/02\/road-1072823_1920-1200x701.jpg 1200w, http:\/\/smartlighthub.eu\/wp-content\/uploads\/2020\/02\/road-1072823_1920.jpg 1920w\" sizes=\"(max-width: 709px) 85vw, (max-width: 909px) 67vw, (max-width: 1362px) 62vw, 840px\" \/><\/figure>\n\n\n<p style=\"text-align: justify;\">Da jedes der Teilgebiete gebietsspezifische, technische Besonderheiten aufweist, werden diese in den zu erstellenden Lastenheften zusammengetragen und k\u00f6nnen dann kontrolliert und angewandt werden, wenn die Phase der Produktion und Installation der Prototypen an \u00f6ffentlichen, franz\u00f6sisch-luxemburgischen Orten des TNT beginnt.<\/p>","protected":false},"excerpt":{"rendered":"<p>Das \u2018Territoire Naturel Transfrontalier de la Chiers et de l\u2019Alzette asbl (TNT)\u2019 stellt dem Projekt ein Testfeld f\u00fcr die Erprobung intelligenter und innovativer Beleuchtungsl\u00f6sungen zur Verf\u00fcgung. Letztere sind anwendbar in Bereichen unterschiedlichen Typs (im l\u00e4ndlichen Raum, im Vorstadt- und Stadtgebiet) und umfassen ein begrenztes Gebiet, das sich \u00fcber zwei Teilgebiete der Gro\u00dfregion (FR-LUX) erstreckt. Auf &hellip; <a href=\"http:\/\/smartlighthub.eu\/de\/demonstratoren\/\" class=\"more-link\">Continue reading<span class=\"screen-reader-text\"> &#8220;Demonstratoren&#8221;<\/span><\/a><\/p>\n","protected":false},"author":10,"featured_media":0,"parent":0,"menu_order":0,"comment_status":"closed","ping_status":"closed","template":"","meta":[],"_links":{"self":[{"href":"http:\/\/smartlighthub.eu\/de\/wp-json\/wp\/v2\/pages\/879"}],"collection":[{"href":"http:\/\/smartlighthub.eu\/de\/wp-json\/wp\/v2\/pages"}],"about":[{"href":"http:\/\/smartlighthub.eu\/de\/wp-json\/wp\/v2\/types\/page"}],"author":[{"embeddable":true,"href":"http:\/\/smartlighthub.eu\/de\/wp-json\/wp\/v2\/users\/10"}],"replies":[{"embeddable":true,"href":"http:\/\/smartlighthub.eu\/de\/wp-json\/wp\/v2\/comments?post=879"}],"version-history":[{"count":1,"href":"http:\/\/smartlighthub.eu\/de\/wp-json\/wp\/v2\/pages\/879\/revisions"}],"predecessor-version":[{"id":880,"href":"http:\/\/smartlighthub.eu\/de\/wp-json\/wp\/v2\/pages\/879\/revisions\/880"}],"wp:attachment":[{"href":"http:\/\/smartlighthub.eu\/de\/wp-json\/wp\/v2\/media?parent=879"}],"curies":[{"name":"wp","href":"https:\/\/api.w.org\/{rel}","templated":true}]}}