{"id":881,"date":"2020-03-03T12:53:53","date_gmt":"2020-03-03T11:53:53","guid":{"rendered":"http:\/\/smartlighthub.eu\/?page_id=881"},"modified":"2020-03-04T08:20:42","modified_gmt":"2020-03-04T07:20:42","slug":"wissenswerte-fakten","status":"publish","type":"page","link":"http:\/\/smartlighthub.eu\/de\/wissenswerte-fakten\/","title":{"rendered":"Wissenswerte Fakten"},"content":{"rendered":"<p style=\"text-align: justify;\"><strong><em>Unter Lichtverschmutzung versteht man k\u00fcnstliches (im allgemeinen \u00e4u\u00dferes) Licht, das schlecht ausgerichtet oder st\u00f6rend ist. Zu viel Lichtverschmutzung hat Folgen: sie schluckt das Licht der Sterne am Nachthimmel, behindert astonomische Forschungen, st\u00f6rt \u00d6kosysteme und die biologische Vielfalt, hat sch\u00e4dliche Auswirkungen auf die Gesundheit und f\u00fchrt zu Energieverschwendung.<\/em><\/strong><\/p>\n<p style=\"text-align: justify;\">Vor etwas mehr als 100 Jahren konnte man nachts \u2013 sogar in einer Stadt \u2013 spazierengehen und den Galaxiebogen der Milchstra\u00dfe am Nachthimmel erblicken. Es geh\u00f6rte zum t\u00e4glichen Leben, Tausende von Sternen sehen zu k\u00f6nnen &#8211; eine stetige Inspirationsquelle f\u00fcr K\u00fcnstler wie Van Gogh oder Musikkomponisten wie Holst oder auch Schriftsteller wie Shakespeare.<\/p>\n\n\n<figure class=\"wp-block-image size-large\"><img loading=\"lazy\" width=\"1024\" height=\"501\" src=\"http:\/\/smartlighthub.eu\/wp-content\/uploads\/2020\/02\/rhone--1024x501.jpg\" alt=\"\" class=\"wp-image-677\" srcset=\"http:\/\/smartlighthub.eu\/wp-content\/uploads\/2020\/02\/rhone--1024x501.jpg 1024w, http:\/\/smartlighthub.eu\/wp-content\/uploads\/2020\/02\/rhone--300x147.jpg 300w, http:\/\/smartlighthub.eu\/wp-content\/uploads\/2020\/02\/rhone--768x376.jpg 768w, http:\/\/smartlighthub.eu\/wp-content\/uploads\/2020\/02\/rhone-.jpg 1161w\" sizes=\"(max-width: 709px) 85vw, (max-width: 909px) 67vw, (max-width: 1362px) 62vw, 840px\" \/><figcaption>VAN GOGH Vincent, Nuit \u00e9toil\u00e9e sur le Rh\u00f4ne (Detail), \u00d6l auf Leinwand, 1888, 72,5 \u00d7 92 cm.<\/figcaption><\/figure>\n\n\n<p style=\"text-align: justify;\">Mehr als die H\u00e4lfte der Weltbev\u00f6lkerung lebt heutzutage in St\u00e4dten und <strong>drei von vier St\u00e4dtern haben noch niemals das Wunder eines makellosen, schwarzen Himmels erleben d\u00fcrfen<\/strong>. Wie also kann man diesen die Bedeutung von etwas erkl\u00e4ren, das sie aufgrund der Lichtverschmutzung doch nie kennengelernt haben? Wie kann man ihnen bewusst machen, dass die Lichtverschmutzung in vielfacher Hinsicht besorgniserregend ist: in punkto Sicherheit, Energiererparnis, Kosten, Gesundheit und Wirkungen auf die Fauna und Flora ebenso wie auf unsere M\u00f6glichkeiten, Sterne beobachten zu k\u00f6nnen? Und wie kann man sie schlie\u00dflich davon \u00fcberzeugen, dass es die M\u00fche lohnt, Ma\u00dfnahmen zu ergreifen, seien sie auch noch so gering, um dabei zu helfen, dieses Problem zu l\u00f6sen?<\/p>\n\n\n<h3><strong><em>Die Wirkungen der Lichtverschmutzung<\/em><\/strong><\/h3>\n\n\n<p style=\"text-align: justify;\">Da durch sie \u00d6kosysteme gest\u00f6rt werden, stellt die Lichtverschmutzung eine ernsthafte Bedrohung insbesondere f\u00fcr die n\u00e4chtliche Fauna dar, denn sie hat <strong>negative Folgen f\u00fcr die Physiologie von Pflanzen und Tieren<\/strong>. Sie kann <strong>Wanderwege<\/strong> von Tieren st\u00f6ren, deren <strong>Wettbewerbsverhalten ver\u00e4ndern<\/strong>, die <strong>J\u00e4ger-Beute-Beziehungen negativ beinflussen<\/strong> und <strong>physiologische Sch\u00e4den<\/strong> hervorufen. Der Lebensrhythmus wird \u00fcber den Wechsel zwischen nat\u00fcrlichem Tageslicht und Dunkelheit geregelt; wird dieser Rhythmus gest\u00f6rt, hat dies also Auswirkungen auf die \u00f6kologische Dynamik.<\/p>\n<p style=\"text-align: justify;\">Was die sch\u00e4dlichen Wirkungen auf die Gesundheit betrifft, so h\u00e4ngen zahlreiche Arten von nat\u00fcrlichen K\u00f6rperzyklen ab, die man <strong>Tag-Nacht-Verh\u00e4ltnis<\/strong> nennt, sowie von der <strong>Melaninproduktion<\/strong>, die durch Licht und Dunkelheit (also beispielsweise den Tag und die Nacht) geregelt werden. Die Auswirkungen auf die Gesundheit r\u00fchren allerdings nicht nur von einer zu starken Beleuchtung oder exzessiven Lichtexposition \u00fcber die Jahre her, sondern sind auch auf eine schlechte Zusammensetzung des Lichtspektrums zur\u00fcckzuf\u00fchren (wie es z.B. bei gewissen Lichtfarben der Fall ist).&nbsp;<\/p>\n\n\n<figure class=\"wp-block-image size-large\"><img loading=\"lazy\" width=\"1024\" height=\"683\" src=\"http:\/\/smartlighthub.eu\/wp-content\/uploads\/2020\/02\/mitchell-bowser-T6x-yx8zDtU-unsplash-1024x683.jpg\" alt=\"\" class=\"wp-image-687\" srcset=\"http:\/\/smartlighthub.eu\/wp-content\/uploads\/2020\/02\/mitchell-bowser-T6x-yx8zDtU-unsplash-1024x683.jpg 1024w, http:\/\/smartlighthub.eu\/wp-content\/uploads\/2020\/02\/mitchell-bowser-T6x-yx8zDtU-unsplash-300x200.jpg 300w, http:\/\/smartlighthub.eu\/wp-content\/uploads\/2020\/02\/mitchell-bowser-T6x-yx8zDtU-unsplash-768x512.jpg 768w, http:\/\/smartlighthub.eu\/wp-content\/uploads\/2020\/02\/mitchell-bowser-T6x-yx8zDtU-unsplash-1536x1024.jpg 1536w, http:\/\/smartlighthub.eu\/wp-content\/uploads\/2020\/02\/mitchell-bowser-T6x-yx8zDtU-unsplash-2048x1365.jpg 2048w, http:\/\/smartlighthub.eu\/wp-content\/uploads\/2020\/02\/mitchell-bowser-T6x-yx8zDtU-unsplash-1200x800.jpg 1200w\" sizes=\"(max-width: 709px) 85vw, (max-width: 909px) 67vw, (max-width: 1362px) 62vw, 840px\" \/><\/figure>\n\n\n<p>QuelleIn punkto Energieverschwendung ist Beleuchtung f\u00fcr<strong> mindestens ein Viertel des gesamten Stromverbrauchs weltweit<\/strong> verantwortlich. Exzessive Beleuchtung kann daher eine gro\u00dfe Energieverschwendung bewirken \u2013 v.a. dann, wenn sie nach oben in den Nachthimmel gelenkt wird. Und Energieverschwendung bedeutet ebenfalls eine Verschwendung im Sinne von Kosten und CO2-Bilanz.<\/p>\n<p>Die gute Nachricht ist, dass Lichtverschmutzung ziemlich einfach vermindert werden kann, indem Lampen ordungsgem\u00e4\u00df abgedeckt werden, indem Licht nur dann benutzt wird, wenn es unerl\u00e4sslich ist und wenn Gl\u00fchbirnen mit geringem Energieverbrauch oder aber Lampen mit einer Leistungspektralverteilung benutzt werden, die dazu geeignet sind die uns gestellte Aufgabe zu l\u00f6sen.<\/p>\n\n\n<p><a href=\"https:\/\/www.globeatnight.org\/\">Quelle<\/a><\/p>\n","protected":false},"excerpt":{"rendered":"<p>Unter Lichtverschmutzung versteht man k\u00fcnstliches (im allgemeinen \u00e4u\u00dferes) Licht, das schlecht ausgerichtet oder st\u00f6rend ist. Zu viel Lichtverschmutzung hat Folgen: sie schluckt das Licht der Sterne am Nachthimmel, behindert astonomische Forschungen, st\u00f6rt \u00d6kosysteme und die biologische Vielfalt, hat sch\u00e4dliche Auswirkungen auf die Gesundheit und f\u00fchrt zu Energieverschwendung. Vor etwas mehr als 100 Jahren konnte man &hellip; <a href=\"http:\/\/smartlighthub.eu\/de\/wissenswerte-fakten\/\" class=\"more-link\">Continue reading<span class=\"screen-reader-text\"> &#8220;Wissenswerte Fakten&#8221;<\/span><\/a><\/p>\n","protected":false},"author":10,"featured_media":0,"parent":0,"menu_order":0,"comment_status":"closed","ping_status":"closed","template":"","meta":[],"_links":{"self":[{"href":"http:\/\/smartlighthub.eu\/de\/wp-json\/wp\/v2\/pages\/881"}],"collection":[{"href":"http:\/\/smartlighthub.eu\/de\/wp-json\/wp\/v2\/pages"}],"about":[{"href":"http:\/\/smartlighthub.eu\/de\/wp-json\/wp\/v2\/types\/page"}],"author":[{"embeddable":true,"href":"http:\/\/smartlighthub.eu\/de\/wp-json\/wp\/v2\/users\/10"}],"replies":[{"embeddable":true,"href":"http:\/\/smartlighthub.eu\/de\/wp-json\/wp\/v2\/comments?post=881"}],"version-history":[{"count":2,"href":"http:\/\/smartlighthub.eu\/de\/wp-json\/wp\/v2\/pages\/881\/revisions"}],"predecessor-version":[{"id":885,"href":"http:\/\/smartlighthub.eu\/de\/wp-json\/wp\/v2\/pages\/881\/revisions\/885"}],"wp:attachment":[{"href":"http:\/\/smartlighthub.eu\/de\/wp-json\/wp\/v2\/media?parent=881"}],"curies":[{"name":"wp","href":"https:\/\/api.w.org\/{rel}","templated":true}]}}