{"id":903,"date":"2020-03-04T10:13:26","date_gmt":"2020-03-04T09:13:26","guid":{"rendered":"http:\/\/smartlighthub.eu\/?page_id=903"},"modified":"2022-12-05T09:44:35","modified_gmt":"2022-12-05T08:44:35","slug":"kontakte","status":"publish","type":"page","link":"http:\/\/smartlighthub.eu\/de\/kontakte\/","title":{"rendered":"Kontakte"},"content":{"rendered":"<h6 style=\"text-align: center;\"><strong>Universit\u00e4t L\u00fcttich :<\/strong><\/h6>\n<p style=\"text-align: center;\"><strong>St\u00e9phane GRETRY<\/strong><br \/>\nProjektmanager &#8211; Koordination<br \/>\ns.gretry@uliege.be<\/p>\n<p style=\"text-align: center;\"><strong>Adrien MANS<\/strong><br \/>\nProjektmanager \u2013 Animation &amp; Veranstaltungen<br \/>\nadrien.mans@uliege.be<\/p>\n<p style=\"text-align: center;\"><strong>Gloria SAGARADZ\u00c9 <\/strong><br \/>\nProjektmanager &#8211; Administration &amp; Kommunikation<br \/>\ngsagaradze@uliege.be<\/p>\n<h6 style=\"text-align: center;\"><strong>Uni Trier :<\/strong><\/h6>\n<p style=\"text-align: center;\"><strong>Stephan SEELING<\/strong><br \/>\nFachreferent f\u00fcr Umweltinformatik. Pr\u00e4sident Wissens- und Technologietransfer Universit\u00e4t Trier<br \/>\nseelings@uni-trier.de<\/p>\n<p style=\"text-align: center;\"><strong>Miriam MARZEN\u00a0<\/strong><br \/>\nBiogeographin Dr. Wissenschaftliche Mitarbeiterin<br \/>\nmmarzen@uni-trier.de<\/p>\n<h6 style=\"text-align: center;\"><strong>Natagora :<\/strong><\/h6>\n<p style=\"text-align: center;\"><strong>Laurie DELMER<\/strong><br \/>\nKunst- und Naturkoordinator<br \/>\nlaurie.delmer@natagora.be<\/p>\n<p style=\"text-align: center;\"><strong>Claire BRABANT<\/strong><br \/>\nProjektleiter und Naturforscher<\/p>\n<p style=\"text-align: center;\"><strong>Jean-S\u00e9bastien ROUSSEAU-PIOT<\/strong><br \/>\nProjektleiter und Naturforscher<\/p>\n<h6 style=\"text-align: center;\"><strong>Territoire Naturel Transfrontalier Chiers-Alzette :<\/strong><\/h6>\n<p style=\"text-align: center;\"><strong>Simona SANDU<\/strong><br \/>\nProjektmanager<br \/>\nsimona.sandu@tnt-chiers-alzette.eu<\/p>\n","protected":false},"excerpt":{"rendered":"<p>Universit\u00e4t L\u00fcttich : St\u00e9phane GRETRY Projektmanager &#8211; Koordination s.gretry@uliege.be Adrien MANS Projektmanager \u2013 Animation &amp; Veranstaltungen adrien.mans@uliege.be Gloria SAGARADZ\u00c9 Projektmanager &#8211; Administration &amp; Kommunikation gsagaradze@uliege.be Uni Trier : Stephan SEELING Fachreferent f\u00fcr Umweltinformatik. Pr\u00e4sident Wissens- und Technologietransfer Universit\u00e4t Trier seelings@uni-trier.de Miriam MARZEN\u00a0 Biogeographin Dr. Wissenschaftliche Mitarbeiterin mmarzen@uni-trier.de Natagora : Laurie DELMER Kunst- und Naturkoordinator laurie.delmer@natagora.be &hellip; <a href=\"http:\/\/smartlighthub.eu\/de\/kontakte\/\" class=\"more-link\">Continue reading<span class=\"screen-reader-text\"> &#8220;Kontakte&#8221;<\/span><\/a><\/p>\n","protected":false},"author":10,"featured_media":488,"parent":0,"menu_order":0,"comment_status":"closed","ping_status":"closed","template":"","meta":[],"_links":{"self":[{"href":"http:\/\/smartlighthub.eu\/de\/wp-json\/wp\/v2\/pages\/903"}],"collection":[{"href":"http:\/\/smartlighthub.eu\/de\/wp-json\/wp\/v2\/pages"}],"about":[{"href":"http:\/\/smartlighthub.eu\/de\/wp-json\/wp\/v2\/types\/page"}],"author":[{"embeddable":true,"href":"http:\/\/smartlighthub.eu\/de\/wp-json\/wp\/v2\/users\/10"}],"replies":[{"embeddable":true,"href":"http:\/\/smartlighthub.eu\/de\/wp-json\/wp\/v2\/comments?post=903"}],"version-history":[{"count":5,"href":"http:\/\/smartlighthub.eu\/de\/wp-json\/wp\/v2\/pages\/903\/revisions"}],"predecessor-version":[{"id":3668,"href":"http:\/\/smartlighthub.eu\/de\/wp-json\/wp\/v2\/pages\/903\/revisions\/3668"}],"wp:featuredmedia":[{"embeddable":true,"href":"http:\/\/smartlighthub.eu\/de\/wp-json\/wp\/v2\/media\/488"}],"wp:attachment":[{"href":"http:\/\/smartlighthub.eu\/de\/wp-json\/wp\/v2\/media?parent=903"}],"curies":[{"name":"wp","href":"https:\/\/api.w.org\/{rel}","templated":true}]}}