{"id":911,"date":"2020-03-04T10:22:03","date_gmt":"2020-03-04T09:22:03","guid":{"rendered":"http:\/\/smartlighthub.eu\/?page_id=911"},"modified":"2020-11-09T11:46:00","modified_gmt":"2020-11-09T10:46:00","slug":"das-wissenschaftliche-komitee","status":"publish","type":"page","link":"http:\/\/smartlighthub.eu\/de\/smart-light-hub\/das-wissenschaftliche-komitee\/","title":{"rendered":"Das wissenschaftliche Komitee"},"content":{"rendered":"<p>\u00a0<\/p>\n<p style=\"text-align: center;\"><strong>Pr. Herv\u00e9 CAPS<\/strong><\/p>\n<p style=\"text-align: center;\">PhD, Physiker, Direktor des Hauses der Wissenschaft<\/p>\n<p style=\"text-align: center;\">(Universit\u00e4t L\u00fcttich &#8211; Belgien)<\/p>\n<p>\u00a0<\/p>\n\n\n<hr class=\"wp-block-separator is-style-wide\"\/>\n\n\n<p>\u00a0<\/p>\n<p style=\"text-align: center;\"><strong>Dr. Samuel CHALLEAT<\/strong><\/p>\n<p style=\"text-align: center;\">PhD, Geograph, Gastforscher im G\u00e9ode-Labor, Koordinator des Renoir-Kollektivs (n\u00e4chtliche Umweltressourcen und -gebiete)<\/p>\n<p style=\"text-align: center;\">(CNRS &#8211; Universit\u00e4t Toulouse II &#8211; Frankreich)<\/p>\n<p>\u00a0<\/p>\n\n\n<hr class=\"wp-block-separator is-style-wide\"\/>\n\n\n<p>\u00a0<\/p>\n<p style=\"text-align: center;\"><strong>Michel DROUARD<\/strong><\/p>\n<p style=\"text-align: center;\">Senior Trees Experte<\/p>\n<p style=\"text-align: center;\">(Gemeinde Differdange &#8211; Luxemburg)<\/p>\n<p>\u00a0<\/p>\n\n\n<hr class=\"wp-block-separator is-style-wide\"\/>\n\n\n<p>\u00a0<\/p>\n<p style=\"text-align: center;\"><strong>Pr. Catherine ELSEN<\/strong><\/p>\n<p style=\"text-align: center;\">PhD, Bauingenieur Architekt, Dozent<\/p>\n<p style=\"text-align: center;\">(Universit\u00e4t L\u00fcttich &#8211; Belgien)<\/p>\n<p>\u00a0<\/p>\n\n\n<hr class=\"wp-block-separator is-style-wide\"\/>\n\n\n<p>\u00a0<\/p>\n<p style=\"text-align: center;\"><strong>Daniel GLIEDNER<\/strong><\/p>\n<p style=\"text-align: center;\">Beleuchtungsberater<\/p>\n<p style=\"text-align: center;\">(Our Naturpark &#8211; Luxemburg)<\/p>\n<p>\u00a0<\/p>\n\n\n<hr class=\"wp-block-separator is-style-wide\"\/>\n\n\n<p>\u00a0<\/p>\n<p style=\"text-align: center;\"><strong>Dr. Andreas JECHOW<\/strong><\/p>\n<p style=\"text-align: center;\">PhD, Spezialist f\u00fcr Fernerkundung &#8211; Lichtverschmutzung &#8211; Lake Lab<\/p>\n<p style=\"text-align: center;\">(Leibniz-Institut f\u00fcr S\u00fc\u00dfwasser\u00f6kologie und Binnenfischerei &#8211; Deutschland)<\/p>\n<p>\u00a0<\/p>\n\n\n<hr class=\"wp-block-separator is-style-wide\"\/>\n\n\n<p>\u00a0<\/p>\n<p style=\"text-align: center;\"><strong>Dr. Sybille SCHROER<\/strong><\/p>\n<p style=\"text-align: center;\">PhD, Forschungskoordinator &#8211; Lichtverschmutzung und \u00d6kophysiologie<\/p>\n<p style=\"text-align: center;\">(Leibniz-Institut f\u00fcr S\u00fc\u00dfwasser\u00f6kologie und Binnenfischerei &#8211; Deutschland)<\/p>\n<p>\u00a0<\/p>\n\n\n<hr class=\"wp-block-separator is-style-wide\"\/>\n\n\n<p>\u00a0<\/p>\n<p style=\"text-align: center;\"><strong>Pr. George ZISSIS<\/strong><\/p>\n<p style=\"text-align: center;\">PhD, Senior IEEE Member, Vizerektor der Universit\u00e4t von Toulouse III<\/p>\n<p style=\"text-align: center;\">(Universit\u00e4t Toulouse III &#8211; Frankreich)<\/p>\n<p>\u00a0<\/p>","protected":false},"excerpt":{"rendered":"<p>\u00a0 Pr. Herv\u00e9 CAPS PhD, Physiker, Direktor des Hauses der Wissenschaft (Universit\u00e4t L\u00fcttich &#8211; Belgien) \u00a0 \u00a0 Dr. Samuel CHALLEAT PhD, Geograph, Gastforscher im G\u00e9ode-Labor, Koordinator des Renoir-Kollektivs (n\u00e4chtliche Umweltressourcen und -gebiete) (CNRS &#8211; Universit\u00e4t Toulouse II &#8211; Frankreich) \u00a0 \u00a0 Michel DROUARD Senior Trees Experte (Gemeinde Differdange &#8211; Luxemburg) \u00a0 \u00a0 Pr. Catherine ELSEN &hellip; <a href=\"http:\/\/smartlighthub.eu\/de\/smart-light-hub\/das-wissenschaftliche-komitee\/\" class=\"more-link\">Continue reading<span class=\"screen-reader-text\"> &#8220;Das wissenschaftliche Komitee&#8221;<\/span><\/a><\/p>\n","protected":false},"author":10,"featured_media":0,"parent":923,"menu_order":0,"comment_status":"closed","ping_status":"closed","template":"","meta":[],"_links":{"self":[{"href":"http:\/\/smartlighthub.eu\/de\/wp-json\/wp\/v2\/pages\/911"}],"collection":[{"href":"http:\/\/smartlighthub.eu\/de\/wp-json\/wp\/v2\/pages"}],"about":[{"href":"http:\/\/smartlighthub.eu\/de\/wp-json\/wp\/v2\/types\/page"}],"author":[{"embeddable":true,"href":"http:\/\/smartlighthub.eu\/de\/wp-json\/wp\/v2\/users\/10"}],"replies":[{"embeddable":true,"href":"http:\/\/smartlighthub.eu\/de\/wp-json\/wp\/v2\/comments?post=911"}],"version-history":[{"count":8,"href":"http:\/\/smartlighthub.eu\/de\/wp-json\/wp\/v2\/pages\/911\/revisions"}],"predecessor-version":[{"id":2056,"href":"http:\/\/smartlighthub.eu\/de\/wp-json\/wp\/v2\/pages\/911\/revisions\/2056"}],"up":[{"embeddable":true,"href":"http:\/\/smartlighthub.eu\/de\/wp-json\/wp\/v2\/pages\/923"}],"wp:attachment":[{"href":"http:\/\/smartlighthub.eu\/de\/wp-json\/wp\/v2\/media?parent=911"}],"curies":[{"name":"wp","href":"https:\/\/api.w.org\/{rel}","templated":true}]}}