{"id":1103,"date":"2020-03-06T08:36:09","date_gmt":"2020-03-06T07:36:09","guid":{"rendered":"http:\/\/smartlighthub.eu\/?page_id=1103"},"modified":"2020-03-06T08:36:10","modified_gmt":"2020-03-06T07:36:10","slug":"partner-operators","status":"publish","type":"page","link":"http:\/\/smartlighthub.eu\/en\/partner-operators\/","title":{"rendered":"Partner Operators"},"content":{"rendered":"\n<div class=\"wp-block-image\"><figure class=\"aligncenter is-resized\"><img loading=\"lazy\" src=\"http:\/\/smartlighthub.eu\/wp-content\/uploads\/2020\/01\/1200px-University_of_Li\u00e8ge_logo.svg_-1-1024x448.png\" alt=\"\" class=\"wp-image-93\" width=\"332\" height=\"145\" srcset=\"http:\/\/smartlighthub.eu\/wp-content\/uploads\/2020\/01\/1200px-University_of_Li\u00e8ge_logo.svg_-1-1024x448.png 1024w, http:\/\/smartlighthub.eu\/wp-content\/uploads\/2020\/01\/1200px-University_of_Li\u00e8ge_logo.svg_-1-300x131.png 300w, http:\/\/smartlighthub.eu\/wp-content\/uploads\/2020\/01\/1200px-University_of_Li\u00e8ge_logo.svg_-1-768x336.png 768w, http:\/\/smartlighthub.eu\/wp-content\/uploads\/2020\/01\/1200px-University_of_Li\u00e8ge_logo.svg_-1.png 1200w\" sizes=\"(max-width: 332px) 85vw, 332px\" \/><\/figure><\/div>\n\n\n<p style=\"text-align: center;\">A public university with an open outlook and rooted in the scientific, cultural and economic development of its region, the University of Li\u00e8ge (ULi\u00e8ge) is founded on three pillars: teaching, research and civic engagement.<\/p>\n<p style=\"text-align: center;\">Today, ULi\u00e8ge is able to draw on 200 years of creating and disseminating knowledge to straddle international openness and regional commitment.<\/p>\n\n\n<div class=\"wp-block-image\"><figure class=\"aligncenter is-resized\"><img loading=\"lazy\" src=\"http:\/\/smartlighthub.eu\/wp-content\/uploads\/2020\/01\/Universitaet-Trier.jpg\" alt=\"\" class=\"wp-image-97\" width=\"363\" height=\"150\" srcset=\"http:\/\/smartlighthub.eu\/wp-content\/uploads\/2020\/01\/Universitaet-Trier.jpg 827w, http:\/\/smartlighthub.eu\/wp-content\/uploads\/2020\/01\/Universitaet-Trier-300x124.jpg 300w, http:\/\/smartlighthub.eu\/wp-content\/uploads\/2020\/01\/Universitaet-Trier-768x318.jpg 768w\" sizes=\"(max-width: 363px) 85vw, 363px\" \/><\/figure><\/div>\n\n\n<p style=\"text-align: center;\"><span lang=\"EN-GB\" style=\"font-family: 'Georgia',serif; color: #1a1a1a;\">Created in 1478, the University of Tr\u00e8ves is a historic yet forward-looking public university, dedicated to shaping the young scientists of tomorrow. Situated in the heart of Europe, it has developed into an important research-oriented higher education establishment with connections across the world. <\/span><\/p>\n<p style=\"text-align: center;\"><span lang=\"EN-GB\" style=\"font-family: 'Georgia',serif; color: #1a1a1a;\">The Department of Physical Geography studies interactions between landscape, climate, water, soil, rock and human impacts, which continue to have a huge and ever-increasing effect on our planet.<\/span><\/p>\n<p style=\"text-align: center;\"><span lang=\"EN-GB\" style=\"font-family: 'Georgia',serif; color: #1a1a1a;\">The <em><span style=\"font-family: 'Georgia',serif;\">Gr\u00fcndungsb\u00fcro <\/span><\/em>start-up service helps students and academics keen to become entrepreneurs to realise their dreams and boost their chances of success, mainly through information and support services. <\/span><\/p>\n\n\n<div class=\"wp-block-image\"><figure class=\"aligncenter is-resized\"><img loading=\"lazy\" src=\"http:\/\/smartlighthub.eu\/wp-content\/uploads\/2020\/01\/Natagora_logo_horizontal_CMJN-1024x309.jpg\" alt=\"\" class=\"wp-image-100\" width=\"428\" height=\"129\" srcset=\"http:\/\/smartlighthub.eu\/wp-content\/uploads\/2020\/01\/Natagora_logo_horizontal_CMJN-1024x309.jpg 1024w, http:\/\/smartlighthub.eu\/wp-content\/uploads\/2020\/01\/Natagora_logo_horizontal_CMJN-300x91.jpg 300w, http:\/\/smartlighthub.eu\/wp-content\/uploads\/2020\/01\/Natagora_logo_horizontal_CMJN-768x232.jpg 768w, http:\/\/smartlighthub.eu\/wp-content\/uploads\/2020\/01\/Natagora_logo_horizontal_CMJN.jpg 1182w\" sizes=\"(max-width: 428px) 85vw, 428px\" \/><\/figure><\/div>\n\n\n<p style=\"text-align: center;\"><span lang=\"EN-GB\" style=\"font-family: 'Georgia',serif; color: #1a1a1a;\">Established in 2003, Natagora is a not-for-profit organisation which seeks to protect nature, especially in Wallonia and Brussels. Its main objective is to stop the degradation of biodiversity and restore nature to a healthy state whilst striking a balance with human activities. <\/span><\/p>\n<p style=\"text-align: center;\"><span lang=\"EN-GB\" style=\"font-family: 'Georgia',serif; color: #1a1a1a;\">The &#8220;Art, Nature and Innovation&#8221; unit aims to unite people from all walks of life looking to find original answers to the problems of our age and, in particular, to the relentless loss of biodiversity. Within the unit, art and innovation work alongside nature and culture to empower citizens to speak out and take action.<\/span><\/p>\n\n\n<div class=\"wp-block-image\"><figure class=\"aligncenter is-resized\"><img loading=\"lazy\" src=\"http:\/\/smartlighthub.eu\/wp-content\/uploads\/2020\/01\/347834_40e9321e23cd40fe923daf711a606c01mv2.png\" alt=\"\" class=\"wp-image-107\" width=\"214\" height=\"197\"\/><\/figure><\/div>\n\n\n<p style=\"text-align: center;\"><span lang=\"EN-GB\" style=\"font-family: 'Georgia',serif; color: #1a1a1a; background: white;\">The Territoire Naturel Transfrontalier (TNT) is a not-for-profit organisation representingthe homogeneous geographical boundaries of three valleys (Chiers, Moulaine and Alzette). United by a common industrial past, the valleys\u2019 stakeholders (municipalities, citizen associations and companies, etc.) have joined forces to improve their environment through local action. <\/span><span lang=\"EN-GB\" style=\"font-family: 'Georgia',serif; color: #1a1a1a; background: white;\">\u00a0<\/span><\/p>\n<p style=\"text-align: center;\"><span lang=\"EN-GB\" style=\"font-family: 'Georgia',serif; color: #1a1a1a; background: white;\">Its aim is to link human life with the environment in order to develop a cross-border, participative culture, inspiring local stakeholders to generate economic, social, cultural, local and sustainable value.<\/span><\/p>","protected":false},"excerpt":{"rendered":"<p>A public university with an open outlook and rooted in the scientific, cultural and economic development of its region, the University of Li\u00e8ge (ULi\u00e8ge) is founded on three pillars: teaching, research and civic engagement. Today, ULi\u00e8ge is able to draw on 200 years of creating and disseminating knowledge to straddle international openness and regional commitment. &hellip; <a href=\"http:\/\/smartlighthub.eu\/en\/partner-operators\/\" class=\"more-link\">Continue reading<span class=\"screen-reader-text\"> &#8220;Partner Operators&#8221;<\/span><\/a><\/p>\n","protected":false},"author":10,"featured_media":0,"parent":0,"menu_order":0,"comment_status":"closed","ping_status":"closed","template":"","meta":[],"_links":{"self":[{"href":"http:\/\/smartlighthub.eu\/en\/wp-json\/wp\/v2\/pages\/1103"}],"collection":[{"href":"http:\/\/smartlighthub.eu\/en\/wp-json\/wp\/v2\/pages"}],"about":[{"href":"http:\/\/smartlighthub.eu\/en\/wp-json\/wp\/v2\/types\/page"}],"author":[{"embeddable":true,"href":"http:\/\/smartlighthub.eu\/en\/wp-json\/wp\/v2\/users\/10"}],"replies":[{"embeddable":true,"href":"http:\/\/smartlighthub.eu\/en\/wp-json\/wp\/v2\/comments?post=1103"}],"version-history":[{"count":1,"href":"http:\/\/smartlighthub.eu\/en\/wp-json\/wp\/v2\/pages\/1103\/revisions"}],"predecessor-version":[{"id":1105,"href":"http:\/\/smartlighthub.eu\/en\/wp-json\/wp\/v2\/pages\/1103\/revisions\/1105"}],"wp:attachment":[{"href":"http:\/\/smartlighthub.eu\/en\/wp-json\/wp\/v2\/media?parent=1103"}],"curies":[{"name":"wp","href":"https:\/\/api.w.org\/{rel}","templated":true}]}}