{"id":1163,"date":"2020-03-06T10:15:59","date_gmt":"2020-03-06T09:15:59","guid":{"rendered":"http:\/\/smartlighthub.eu\/?page_id=1163"},"modified":"2022-12-05T09:44:11","modified_gmt":"2022-12-05T08:44:11","slug":"contacts","status":"publish","type":"page","link":"http:\/\/smartlighthub.eu\/en\/contacts\/","title":{"rendered":"Contacts"},"content":{"rendered":"<p style=\"text-align: center;\">\n<h6 style=\"text-align: center;\"><strong>University of Li\u00e8ge :<\/strong><\/h6>\n<p style=\"text-align: center;\"><strong>St\u00e9phane GRETRY<\/strong><br \/>\nProject manager &#8211; Coordination<br \/>\ns.gretry@uliege.be<\/p>\n<p style=\"text-align: center;\"><strong>Aurore PETEUR<\/strong><br \/>\nProject manager &#8211; Animation &amp; Scientific network<br \/>\na.peteur@uliege.be<\/p>\n<p style=\"text-align: center;\"><strong>Audrey DELAITE <\/strong><br \/>\nProject manager &#8211; Administration &amp; Communication<br \/>\naudrey.delaite@uliege.be<\/p>\n<p style=\"text-align: center;\"><strong>Elisa MOULU<\/strong><br \/>\nProject manager \u2013 Animation &amp; Events<br \/>\ne.moulu@uliege.be<\/p>\n<h6 style=\"text-align: center;\"><strong>Uni Trier :<\/strong><\/h6>\n<p style=\"text-align: center;\"><strong>Stephan SEELING<\/strong><br \/>\nFachreferent f\u00fcr Umweltinformatik. Pr\u00e4sident Wissens- und Technologietransfer Universit\u00e4t Trier<br \/>\nseelings@uni-trier.de<\/p>\n<p style=\"text-align: center;\"><strong>Miriam MARZEN\u00a0<\/strong><br \/>\nBiogeographin Dr. Wissenschaftliche Mitarbeiterin<br \/>\nmmarzen@uni-trier.de<\/p>\n<h6 style=\"text-align: center;\"><strong>Natagora :<\/strong><\/h6>\n<p style=\"text-align: center;\"><strong>Laurie DELMER<\/strong><br \/>\nArt and Nature Coordinator<br \/>\nlaurie.delmer@natagora.be<\/p>\n<p style=\"text-align: center;\"><strong>Sylvie DALL&#8217;AVA<\/strong><br \/>\nAdministrative Secretary Art and Nature<br \/>\nsylvie.dallava@natagora.be<\/p>\n<h6 style=\"text-align: center;\"><strong>Territoire Naturel Transfrontalier Chiers-Alzette :<\/strong><\/h6>\n<p style=\"text-align: center;\"><strong>Simona SANDU<\/strong><br \/>\nProject manager<br \/>\nsimona.sandu@tnt-chiers-alzette.eu<\/p>\n<p style=\"text-align: center;\">\n<p style=\"text-align: center;\">\n","protected":false},"excerpt":{"rendered":"<p>University of Li\u00e8ge : St\u00e9phane GRETRY Project manager &#8211; Coordination s.gretry@uliege.be Aurore PETEUR Project manager &#8211; Animation &amp; Scientific network a.peteur@uliege.be Audrey DELAITE Project manager &#8211; Administration &amp; Communication audrey.delaite@uliege.be Elisa MOULU Project manager \u2013 Animation &amp; Events e.moulu@uliege.be Uni Trier : Stephan SEELING Fachreferent f\u00fcr Umweltinformatik. Pr\u00e4sident Wissens- und Technologietransfer Universit\u00e4t Trier seelings@uni-trier.de Miriam &hellip; <a href=\"http:\/\/smartlighthub.eu\/en\/contacts\/\" class=\"more-link\">Continue reading<span class=\"screen-reader-text\"> &#8220;Contacts&#8221;<\/span><\/a><\/p>\n","protected":false},"author":10,"featured_media":905,"parent":0,"menu_order":0,"comment_status":"closed","ping_status":"closed","template":"","meta":[],"_links":{"self":[{"href":"http:\/\/smartlighthub.eu\/en\/wp-json\/wp\/v2\/pages\/1163"}],"collection":[{"href":"http:\/\/smartlighthub.eu\/en\/wp-json\/wp\/v2\/pages"}],"about":[{"href":"http:\/\/smartlighthub.eu\/en\/wp-json\/wp\/v2\/types\/page"}],"author":[{"embeddable":true,"href":"http:\/\/smartlighthub.eu\/en\/wp-json\/wp\/v2\/users\/10"}],"replies":[{"embeddable":true,"href":"http:\/\/smartlighthub.eu\/en\/wp-json\/wp\/v2\/comments?post=1163"}],"version-history":[{"count":5,"href":"http:\/\/smartlighthub.eu\/en\/wp-json\/wp\/v2\/pages\/1163\/revisions"}],"predecessor-version":[{"id":3667,"href":"http:\/\/smartlighthub.eu\/en\/wp-json\/wp\/v2\/pages\/1163\/revisions\/3667"}],"wp:featuredmedia":[{"embeddable":true,"href":"http:\/\/smartlighthub.eu\/en\/wp-json\/wp\/v2\/media\/905"}],"wp:attachment":[{"href":"http:\/\/smartlighthub.eu\/en\/wp-json\/wp\/v2\/media?parent=1163"}],"curies":[{"name":"wp","href":"https:\/\/api.w.org\/{rel}","templated":true}]}}