{"id":3227,"date":"2021-12-13T10:57:47","date_gmt":"2021-12-13T09:57:47","guid":{"rendered":"http:\/\/smartlighthub.eu\/?page_id=3227"},"modified":"2021-12-13T10:57:48","modified_gmt":"2021-12-13T09:57:48","slug":"nocturnal-walks-notebooks","status":"publish","type":"page","link":"http:\/\/smartlighthub.eu\/en\/nocturnal-walks-notebooks\/","title":{"rendered":"Nocturnal Walks Notebooks"},"content":{"rendered":"<p style=\"text-align: justify;\">This booklet is the result of the collaboration between the team in charge of the Interreg Grande R\u00e9gion Smart Light Hub project and <a href=\"https:\/\/www.rejouisciences.uliege.be\/cms\/c_11010765\/fr\/rejouisciences\">R\u00e9jouisciences<\/a>, the science and technology dissemination unit of the University of Li\u00e8ge. This project of walks contributes to the promotion of knowledge and the scientific process as well as to the dialogue between science and society.<\/p>\n\n\n<div class=\"wp-block-image\"><figure class=\"aligncenter size-large\"><img loading=\"lazy\" width=\"1024\" height=\"683\" src=\"http:\/\/smartlighthub.eu\/wp-content\/uploads\/2021\/12\/G054491-Point-de-vue-de-la-Citadelle-sur-lLiege-3x2-ULiege-Coteaux-pollution-lumineuse-26-08-2021-1024x683.jpg\" alt=\"\" class=\"wp-image-3222\" srcset=\"http:\/\/smartlighthub.eu\/wp-content\/uploads\/2021\/12\/G054491-Point-de-vue-de-la-Citadelle-sur-lLiege-3x2-ULiege-Coteaux-pollution-lumineuse-26-08-2021-1024x683.jpg 1024w, http:\/\/smartlighthub.eu\/wp-content\/uploads\/2021\/12\/G054491-Point-de-vue-de-la-Citadelle-sur-lLiege-3x2-ULiege-Coteaux-pollution-lumineuse-26-08-2021-300x200.jpg 300w, http:\/\/smartlighthub.eu\/wp-content\/uploads\/2021\/12\/G054491-Point-de-vue-de-la-Citadelle-sur-lLiege-3x2-ULiege-Coteaux-pollution-lumineuse-26-08-2021-768x513.jpg 768w, http:\/\/smartlighthub.eu\/wp-content\/uploads\/2021\/12\/G054491-Point-de-vue-de-la-Citadelle-sur-lLiege-3x2-ULiege-Coteaux-pollution-lumineuse-26-08-2021-1536x1025.jpg 1536w, http:\/\/smartlighthub.eu\/wp-content\/uploads\/2021\/12\/G054491-Point-de-vue-de-la-Citadelle-sur-lLiege-3x2-ULiege-Coteaux-pollution-lumineuse-26-08-2021-2048x1367.jpg 2048w, http:\/\/smartlighthub.eu\/wp-content\/uploads\/2021\/12\/G054491-Point-de-vue-de-la-Citadelle-sur-lLiege-3x2-ULiege-Coteaux-pollution-lumineuse-26-08-2021-1200x801.jpg 1200w\" sizes=\"(max-width: 709px) 85vw, (max-width: 909px) 67vw, (max-width: 1362px) 62vw, 840px\" \/><\/figure><\/div>\n\n\n<p style=\"text-align: justify;\">Please find below the <strong>Theoretical Notebook<\/strong>, including reflections and documentation on light pollution, and the first <strong>Night Walk<\/strong> (beta version) taking place in the city of Liege (BE).<\/p>\n\n\n<div class=\"wp-block-file\"><a href=\"http:\/\/smartlighthub.eu\/wp-content\/uploads\/2021\/12\/Carnet-Balade-Nocturne-Carnet-Theorique.pdf\">Theoretical Notebook<\/a><a href=\"http:\/\/smartlighthub.eu\/wp-content\/uploads\/2021\/12\/Carnet-Balade-Nocturne-Carnet-Theorique.pdf\" class=\"wp-block-file__button\" download>T\u00e9l\u00e9charger<\/a><\/div>\n\n\n\n<div class=\"wp-block-file\"><a href=\"http:\/\/smartlighthub.eu\/wp-content\/uploads\/2021\/12\/Carnet-Balade-Nocturne-Balade.pdf\">Night Walk &#8211; Li\u00e8ge (BE)<\/a><a href=\"http:\/\/smartlighthub.eu\/wp-content\/uploads\/2021\/12\/Carnet-Balade-Nocturne-Balade.pdf\" class=\"wp-block-file__button\" download>T\u00e9l\u00e9charger<\/a><\/div>\n\n\n\n<p><\/p>\n","protected":false},"excerpt":{"rendered":"<p>This booklet is the result of the collaboration between the team in charge of the Interreg Grande R\u00e9gion Smart Light Hub project and R\u00e9jouisciences, the science and technology dissemination unit of the University of Li\u00e8ge. This project of walks contributes to the promotion of knowledge and the scientific process as well as to the dialogue &hellip; <a href=\"http:\/\/smartlighthub.eu\/en\/nocturnal-walks-notebooks\/\" class=\"more-link\">Continue reading<span class=\"screen-reader-text\"> &#8220;Nocturnal Walks Notebooks&#8221;<\/span><\/a><\/p>\n","protected":false},"author":10,"featured_media":0,"parent":0,"menu_order":0,"comment_status":"closed","ping_status":"closed","template":"","meta":[],"_links":{"self":[{"href":"http:\/\/smartlighthub.eu\/en\/wp-json\/wp\/v2\/pages\/3227"}],"collection":[{"href":"http:\/\/smartlighthub.eu\/en\/wp-json\/wp\/v2\/pages"}],"about":[{"href":"http:\/\/smartlighthub.eu\/en\/wp-json\/wp\/v2\/types\/page"}],"author":[{"embeddable":true,"href":"http:\/\/smartlighthub.eu\/en\/wp-json\/wp\/v2\/users\/10"}],"replies":[{"embeddable":true,"href":"http:\/\/smartlighthub.eu\/en\/wp-json\/wp\/v2\/comments?post=3227"}],"version-history":[{"count":1,"href":"http:\/\/smartlighthub.eu\/en\/wp-json\/wp\/v2\/pages\/3227\/revisions"}],"predecessor-version":[{"id":3228,"href":"http:\/\/smartlighthub.eu\/en\/wp-json\/wp\/v2\/pages\/3227\/revisions\/3228"}],"wp:attachment":[{"href":"http:\/\/smartlighthub.eu\/en\/wp-json\/wp\/v2\/media?parent=3227"}],"curies":[{"name":"wp","href":"https:\/\/api.w.org\/{rel}","templated":true}]}}