{"id":3329,"date":"2022-03-14T15:39:01","date_gmt":"2022-03-14T14:39:01","guid":{"rendered":"http:\/\/smartlighthub.eu\/?page_id=3329"},"modified":"2022-03-14T15:43:15","modified_gmt":"2022-03-14T14:43:15","slug":"appel-doffre-customisation-dobjets-avec-peinture-phosphorescente","status":"publish","type":"page","link":"http:\/\/smartlighthub.eu\/en\/appel-doffre-customisation-dobjets-avec-peinture-phosphorescente\/","title":{"rendered":"Appel d&#8217;offre: customisation d&#8217;objets avec peinture phosphorescente"},"content":{"rendered":"\n<p>Illustrations (\u00e0 titre d&#8217;exemple uniquement) des trois objets s\u00e9lectionn\u00e9s dans le cadre de l&#8217;appel d&#8217;offre customisation <\/p>\n\n\n\n<figure class=\"wp-block-image size-large\"><img loading=\"lazy\" width=\"1024\" height=\"326\" src=\"http:\/\/smartlighthub.eu\/wp-content\/uploads\/2022\/03\/exemple_collecteur-de-dechets-1024x326.png\" alt=\"\" class=\"wp-image-3330\" srcset=\"http:\/\/smartlighthub.eu\/wp-content\/uploads\/2022\/03\/exemple_collecteur-de-dechets-1024x326.png 1024w, http:\/\/smartlighthub.eu\/wp-content\/uploads\/2022\/03\/exemple_collecteur-de-dechets-300x95.png 300w, http:\/\/smartlighthub.eu\/wp-content\/uploads\/2022\/03\/exemple_collecteur-de-dechets-768x244.png 768w, http:\/\/smartlighthub.eu\/wp-content\/uploads\/2022\/03\/exemple_collecteur-de-dechets-1200x382.png 1200w, http:\/\/smartlighthub.eu\/wp-content\/uploads\/2022\/03\/exemple_collecteur-de-dechets.png 1392w\" sizes=\"(max-width: 709px) 85vw, (max-width: 909px) 67vw, (max-width: 1362px) 62vw, 840px\" \/><\/figure>\n\n\n\n<figure class=\"wp-block-image size-large\"><img loading=\"lazy\" width=\"1024\" height=\"434\" src=\"http:\/\/smartlighthub.eu\/wp-content\/uploads\/2022\/03\/exemple_corset-pour-arbre-1024x434.png\" alt=\"\" class=\"wp-image-3333\" srcset=\"http:\/\/smartlighthub.eu\/wp-content\/uploads\/2022\/03\/exemple_corset-pour-arbre-1024x434.png 1024w, http:\/\/smartlighthub.eu\/wp-content\/uploads\/2022\/03\/exemple_corset-pour-arbre-300x127.png 300w, http:\/\/smartlighthub.eu\/wp-content\/uploads\/2022\/03\/exemple_corset-pour-arbre-768x325.png 768w, http:\/\/smartlighthub.eu\/wp-content\/uploads\/2022\/03\/exemple_corset-pour-arbre-1200x508.png 1200w, http:\/\/smartlighthub.eu\/wp-content\/uploads\/2022\/03\/exemple_corset-pour-arbre.png 1254w\" sizes=\"(max-width: 709px) 85vw, (max-width: 909px) 67vw, (max-width: 1362px) 62vw, 840px\" \/><\/figure>\n\n\n\n<figure class=\"wp-block-image size-large\"><img loading=\"lazy\" width=\"1024\" height=\"438\" src=\"http:\/\/smartlighthub.eu\/wp-content\/uploads\/2022\/03\/exemple_table-de-pique-nique-1024x438.png\" alt=\"\" class=\"wp-image-3336\" srcset=\"http:\/\/smartlighthub.eu\/wp-content\/uploads\/2022\/03\/exemple_table-de-pique-nique-1024x438.png 1024w, http:\/\/smartlighthub.eu\/wp-content\/uploads\/2022\/03\/exemple_table-de-pique-nique-300x128.png 300w, http:\/\/smartlighthub.eu\/wp-content\/uploads\/2022\/03\/exemple_table-de-pique-nique-768x328.png 768w, http:\/\/smartlighthub.eu\/wp-content\/uploads\/2022\/03\/exemple_table-de-pique-nique.png 1191w\" sizes=\"(max-width: 709px) 85vw, (max-width: 909px) 67vw, (max-width: 1362px) 62vw, 840px\" \/><\/figure>\n","protected":false},"excerpt":{"rendered":"<p>Illustrations (\u00e0 titre d&#8217;exemple uniquement) des trois objets s\u00e9lectionn\u00e9s dans le cadre de l&#8217;appel d&#8217;offre customisation<\/p>\n","protected":false},"author":10,"featured_media":0,"parent":0,"menu_order":0,"comment_status":"closed","ping_status":"closed","template":"","meta":[],"_links":{"self":[{"href":"http:\/\/smartlighthub.eu\/en\/wp-json\/wp\/v2\/pages\/3329"}],"collection":[{"href":"http:\/\/smartlighthub.eu\/en\/wp-json\/wp\/v2\/pages"}],"about":[{"href":"http:\/\/smartlighthub.eu\/en\/wp-json\/wp\/v2\/types\/page"}],"author":[{"embeddable":true,"href":"http:\/\/smartlighthub.eu\/en\/wp-json\/wp\/v2\/users\/10"}],"replies":[{"embeddable":true,"href":"http:\/\/smartlighthub.eu\/en\/wp-json\/wp\/v2\/comments?post=3329"}],"version-history":[{"count":1,"href":"http:\/\/smartlighthub.eu\/en\/wp-json\/wp\/v2\/pages\/3329\/revisions"}],"predecessor-version":[{"id":3339,"href":"http:\/\/smartlighthub.eu\/en\/wp-json\/wp\/v2\/pages\/3329\/revisions\/3339"}],"wp:attachment":[{"href":"http:\/\/smartlighthub.eu\/en\/wp-json\/wp\/v2\/media?parent=3329"}],"curies":[{"name":"wp","href":"https:\/\/api.w.org\/{rel}","templated":true}]}}